{"id":2646,"date":"2021-09-06T11:27:41","date_gmt":"2021-09-06T09:27:41","guid":{"rendered":"https:\/\/ak2024.ntalk.dev\/publications\/insights\/"},"modified":"2021-10-18T15:09:50","modified_gmt":"2021-10-18T13:09:50","slug":"insights","status":"publish","type":"page","link":"https:\/\/ak2024.ntalk.dev\/en\/publications\/insights\/","title":{"rendered":"Insight"},"content":{"rendered":"\n<p>The Insight is a regular publication put together by our team. The Insight is our thought platform and explores various legal issues and offers our views, analysis and practical advice.\u00a0<\/p>\n\n\n<div class=\"wpv-view-output\" data-toolset-views-view-editor=\"47439c88daae093984ceebdafcd77f4a\">\n<div class=\"wp-block-toolset-views-view-editor\">\n\n\n<div id=\"wpv-view-layout-1617\" class=\"js-wpv-view-layout js-wpv-layout-responsive js-wpv-view-layout-1617\" data-viewnumber=\"1617\" data-pagination=\"{&quot;id&quot;:1617,&quot;query&quot;:&quot;normal&quot;,&quot;type&quot;:&quot;disabled&quot;,&quot;effect&quot;:&quot;fade&quot;,&quot;duration&quot;:500,&quot;speed&quot;:5,&quot;pause_on_hover&quot;:&quot;disabled&quot;,&quot;stop_rollover&quot;:&quot;false&quot;,&quot;cache_pages&quot;:&quot;enabled&quot;,&quot;preload_images&quot;:&quot;enabled&quot;,&quot;preload_pages&quot;:&quot;enabled&quot;,&quot;preload_reach&quot;:1,&quot;spinner&quot;:&quot;builtin&quot;,&quot;spinner_image&quot;:&quot;https:\/\/ak2024.ntalk.dev\/wp-content\/plugins\/wp-views\/embedded\/res\/img\/ajax-loader.gif&quot;,&quot;callback_next&quot;:&quot;&quot;,&quot;manage_history&quot;:&quot;enabled&quot;,&quot;has_controls_in_form&quot;:&quot;disabled&quot;,&quot;infinite_tolerance&quot;:&quot;0&quot;,&quot;max_pages&quot;:0,&quot;page&quot;:1,&quot;base_permalink&quot;:&quot;\/en\/wp-json\/wp\/v2\/pages\/2646?wpv_view_count=1617&amp;wpv_paged=WPV_PAGE_NUM&quot;,&quot;loop&quot;:{&quot;type&quot;:&quot;&quot;,&quot;name&quot;:&quot;&quot;,&quot;data&quot;:[],&quot;id&quot;:0}}\" data-permalink=\"\/en\/wp-json\/wp\/v2\/pages\/2646?wpv_view_count=1617\">\n\n\t\n\t\n\t<div class=\"grid-x grid-padding-x grid-padding-y small-up-2 medium-up-3 large-up-4\">\n\t\t\n          <div class=\"cell\">\n            <a href=\"https:\/\/ak2024.ntalk.dev\/wp-content\/uploads\/2021\/09\/INSIGHTS-c\u030c25.pdf\" target=\"_blank\"><img fetchpriority=\"high\" decoding=\"async\" fetchpriority=\"high\" class=\"attachment-605x867 size-605x867\" src=\"https:\/\/ak2024.ntalk.dev\/wp-content\/uploads\/2021\/09\/25-wpv_605x867_center_center.jpeg\" width=\"605\" height=\"867\" alt=\"\" \/><\/a>\n          <\/div>\n\t\t\n          <div class=\"cell\">\n            <a href=\"https:\/\/ak2024.ntalk.dev\/wp-content\/uploads\/2021\/09\/INSIGHTS-c\u030c24.pdf\" target=\"_blank\"><img loading=\"lazy\" decoding=\"async\" class=\"attachment-605x867 size-605x867\" src=\"https:\/\/ak2024.ntalk.dev\/wp-content\/uploads\/2021\/09\/24-wpv_605x867_center_center.jpeg\" width=\"605\" height=\"867\" alt=\"\" \/><\/a>\n          <\/div>\n\t\t\n          <div class=\"cell\">\n            <a href=\"https:\/\/ak2024.ntalk.dev\/wp-content\/uploads\/2021\/09\/INSIGHTS-c\u030c23.pdf\" target=\"_blank\"><img loading=\"lazy\" decoding=\"async\" class=\"attachment-605x867 size-605x867\" src=\"https:\/\/ak2024.ntalk.dev\/wp-content\/uploads\/2021\/09\/23-wpv_605x867_center_center.jpeg\" width=\"605\" height=\"867\" alt=\"\" \/><\/a>\n          <\/div>\n\t\t\n          <div class=\"cell\">\n            <a href=\"https:\/\/ak2024.ntalk.dev\/wp-content\/uploads\/2021\/09\/INSIGHTS-c\u030c22.pdf\" target=\"_blank\"><img loading=\"lazy\" decoding=\"async\" loading=\"lazy\" class=\"attachment-605x867 size-605x867\" src=\"https:\/\/ak2024.ntalk.dev\/wp-content\/uploads\/2021\/09\/22-wpv_605x867_center_center.jpeg\" width=\"605\" height=\"867\" alt=\"\" \/><\/a>\n          <\/div>\n\t\t\n          <div class=\"cell\">\n            <a href=\"https:\/\/ak2024.ntalk.dev\/wp-content\/uploads\/2021\/09\/INSIGHTS-c\u030c21.pdf\" target=\"_blank\"><img loading=\"lazy\" decoding=\"async\" loading=\"lazy\" class=\"attachment-605x867 size-605x867\" src=\"https:\/\/ak2024.ntalk.dev\/wp-content\/uploads\/2021\/09\/21-wpv_605x867_center_center.jpeg\" width=\"605\" height=\"867\" alt=\"\" \/><\/a>\n          <\/div>\n\t\t\n          <div class=\"cell\">\n            <a href=\"https:\/\/ak2024.ntalk.dev\/wp-content\/uploads\/2021\/09\/INSIGHTS-c\u030c20.pdf\" target=\"_blank\"><img loading=\"lazy\" decoding=\"async\" loading=\"lazy\" class=\"attachment-605x867 size-605x867\" src=\"https:\/\/ak2024.ntalk.dev\/wp-content\/uploads\/2021\/09\/20-wpv_605x867_center_center.jpeg\" width=\"605\" height=\"867\" alt=\"\" \/><\/a>\n          <\/div>\n\t\t\n          <div class=\"cell\">\n            <a href=\"https:\/\/ak2024.ntalk.dev\/wp-content\/uploads\/2021\/09\/INSIGHTS-c\u030c19.pdf\" target=\"_blank\"><img loading=\"lazy\" decoding=\"async\" loading=\"lazy\" class=\"attachment-605x867 size-605x867\" src=\"https:\/\/ak2024.ntalk.dev\/wp-content\/uploads\/2021\/09\/19-wpv_605x867_center_center.jpeg\" width=\"605\" height=\"867\" alt=\"\" \/><\/a>\n          <\/div>\n\t\t\n          <div class=\"cell\">\n            <a href=\"https:\/\/ak2024.ntalk.dev\/wp-content\/uploads\/2021\/09\/INSIGHTS-c\u030c18.pdf\" target=\"_blank\"><img loading=\"lazy\" decoding=\"async\" loading=\"lazy\" class=\"attachment-605x867 size-605x867\" src=\"https:\/\/ak2024.ntalk.dev\/wp-content\/uploads\/2021\/09\/18-wpv_605x867_center_center.jpeg\" width=\"605\" height=\"867\" alt=\"\" \/><\/a>\n          <\/div>\n\t\t\n          <div class=\"cell\">\n            <a href=\"https:\/\/ak2024.ntalk.dev\/wp-content\/uploads\/2021\/09\/INSIGHTS-c\u030c17.pdf\" target=\"_blank\"><img loading=\"lazy\" decoding=\"async\" loading=\"lazy\" class=\"attachment-605x867 size-605x867\" src=\"https:\/\/ak2024.ntalk.dev\/wp-content\/uploads\/2021\/09\/17-wpv_605x867_center_center.jpeg\" width=\"605\" height=\"867\" alt=\"\" \/><\/a>\n          <\/div>\n\t\t\n          <div class=\"cell\">\n            <a href=\"https:\/\/ak2024.ntalk.dev\/wp-content\/uploads\/2021\/09\/INSIGHTS-c\u030c16.pdf\" target=\"_blank\"><img loading=\"lazy\" decoding=\"async\" loading=\"lazy\" class=\"attachment-605x867 size-605x867\" src=\"https:\/\/ak2024.ntalk.dev\/wp-content\/uploads\/2021\/09\/16-wpv_605x867_center_center.jpeg\" width=\"605\" height=\"867\" alt=\"\" \/><\/a>\n          <\/div>\n\t\t\n\t<\/div>\n\t\n\t\n\t\n<\/div>\n<\/div>\n<\/div>","protected":false},"excerpt":{"rendered":"<p>The Insight is a regular publication put together by our team. The Insight is our thought platform and explores various legal issues and offers our views, analysis and practical advice.\u00a0<\/p>\n","protected":false},"author":1,"featured_media":0,"parent":2561,"menu_order":0,"comment_status":"closed","ping_status":"closed","template":"","meta":{"footnotes":""},"pravni-oblast":[],"class_list":["post-2646","page","type-page","status-publish","hentry"],"yoast_head":"<!-- This site is optimized with the Yoast SEO plugin v25.4 - https:\/\/yoast.com\/wordpress\/plugins\/seo\/ -->\n<title>Insight - Achour &amp; Partners<\/title>\n<meta name=\"robots\" content=\"noindex, follow, max-snippet:-1, max-image-preview:large, max-video-preview:-1\" \/>\n<meta property=\"og:locale\" content=\"en_US\" \/>\n<meta property=\"og:type\" content=\"article\" \/>\n<meta property=\"og:title\" content=\"Insight - Achour &amp; Partners\" \/>\n<meta property=\"og:description\" content=\"The Insight is a regular publication put together by our team. The Insight is our thought platform and explores various legal issues and offers our views, analysis and practical advice.\u00a0\" \/>\n<meta property=\"og:url\" content=\"https:\/\/ak2024.ntalk.dev\/publikace\/insights\/\" \/>\n<meta property=\"og:site_name\" content=\"Achour &amp; Partners\" \/>\n<meta property=\"article:modified_time\" content=\"2021-10-18T13:09:50+00:00\" \/>\n<meta name=\"twitter:card\" content=\"summary_large_image\" \/>\n<script type=\"application\/ld+json\" class=\"yoast-schema-graph\">{\"@context\":\"https:\/\/schema.org\",\"@graph\":[{\"@type\":\"WebPage\",\"@id\":\"https:\/\/ak2024.ntalk.dev\/publikace\/insights\/\",\"url\":\"https:\/\/ak2024.ntalk.dev\/publikace\/insights\/\",\"name\":\"Insight - Achour &amp; Partners\",\"isPartOf\":{\"@id\":\"https:\/\/ak2024.ntalk.dev\/#website\"},\"datePublished\":\"2021-09-06T09:27:41+00:00\",\"dateModified\":\"2021-10-18T13:09:50+00:00\",\"breadcrumb\":{\"@id\":\"https:\/\/ak2024.ntalk.dev\/publikace\/insights\/#breadcrumb\"},\"inLanguage\":\"en-US\",\"potentialAction\":[{\"@type\":\"ReadAction\",\"target\":[\"https:\/\/ak2024.ntalk.dev\/publikace\/insights\/\"]}]},{\"@type\":\"BreadcrumbList\",\"@id\":\"https:\/\/ak2024.ntalk.dev\/publikace\/insights\/#breadcrumb\",\"itemListElement\":[{\"@type\":\"ListItem\",\"position\":1,\"name\":\"Dom\u016f\",\"item\":\"https:\/\/ak2024.ntalk.dev\/\"},{\"@type\":\"ListItem\",\"position\":2,\"name\":\"Publications\",\"item\":\"https:\/\/ak2024.ntalk.dev\/publikace\/\"},{\"@type\":\"ListItem\",\"position\":3,\"name\":\"Insight\"}]},{\"@type\":\"WebSite\",\"@id\":\"https:\/\/ak2024.ntalk.dev\/#website\",\"url\":\"https:\/\/ak2024.ntalk.dev\/\",\"name\":\"Achour &amp; Partners\",\"description\":\"\u010desk\u00e1 advok\u00e1tn\u00ed kancel\u00e1\u0159\",\"potentialAction\":[{\"@type\":\"SearchAction\",\"target\":{\"@type\":\"EntryPoint\",\"urlTemplate\":\"https:\/\/ak2024.ntalk.dev\/?s={search_term_string}\"},\"query-input\":{\"@type\":\"PropertyValueSpecification\",\"valueRequired\":true,\"valueName\":\"search_term_string\"}}],\"inLanguage\":\"en-US\"}]}<\/script>\n<!-- \/ Yoast SEO plugin. -->","yoast_head_json":{"title":"Insight - Achour &amp; Partners","robots":{"index":"noindex","follow":"follow","max-snippet":"max-snippet:-1","max-image-preview":"max-image-preview:large","max-video-preview":"max-video-preview:-1"},"og_locale":"en_US","og_type":"article","og_title":"Insight - Achour &amp; Partners","og_description":"The Insight is a regular publication put together by our team. The Insight is our thought platform and explores various legal issues and offers our views, analysis and practical advice.\u00a0","og_url":"https:\/\/ak2024.ntalk.dev\/publikace\/insights\/","og_site_name":"Achour &amp; Partners","article_modified_time":"2021-10-18T13:09:50+00:00","twitter_card":"summary_large_image","schema":{"@context":"https:\/\/schema.org","@graph":[{"@type":"WebPage","@id":"https:\/\/ak2024.ntalk.dev\/publikace\/insights\/","url":"https:\/\/ak2024.ntalk.dev\/publikace\/insights\/","name":"Insight - Achour &amp; Partners","isPartOf":{"@id":"https:\/\/ak2024.ntalk.dev\/#website"},"datePublished":"2021-09-06T09:27:41+00:00","dateModified":"2021-10-18T13:09:50+00:00","breadcrumb":{"@id":"https:\/\/ak2024.ntalk.dev\/publikace\/insights\/#breadcrumb"},"inLanguage":"en-US","potentialAction":[{"@type":"ReadAction","target":["https:\/\/ak2024.ntalk.dev\/publikace\/insights\/"]}]},{"@type":"BreadcrumbList","@id":"https:\/\/ak2024.ntalk.dev\/publikace\/insights\/#breadcrumb","itemListElement":[{"@type":"ListItem","position":1,"name":"Dom\u016f","item":"https:\/\/ak2024.ntalk.dev\/"},{"@type":"ListItem","position":2,"name":"Publications","item":"https:\/\/ak2024.ntalk.dev\/publikace\/"},{"@type":"ListItem","position":3,"name":"Insight"}]},{"@type":"WebSite","@id":"https:\/\/ak2024.ntalk.dev\/#website","url":"https:\/\/ak2024.ntalk.dev\/","name":"Achour &amp; Partners","description":"\u010desk\u00e1 advok\u00e1tn\u00ed kancel\u00e1\u0159","potentialAction":[{"@type":"SearchAction","target":{"@type":"EntryPoint","urlTemplate":"https:\/\/ak2024.ntalk.dev\/?s={search_term_string}"},"query-input":{"@type":"PropertyValueSpecification","valueRequired":true,"valueName":"search_term_string"}}],"inLanguage":"en-US"}]}},"_links":{"self":[{"href":"https:\/\/ak2024.ntalk.dev\/en\/wp-json\/wp\/v2\/pages\/2646","targetHints":{"allow":["GET"]}}],"collection":[{"href":"https:\/\/ak2024.ntalk.dev\/en\/wp-json\/wp\/v2\/pages"}],"about":[{"href":"https:\/\/ak2024.ntalk.dev\/en\/wp-json\/wp\/v2\/types\/page"}],"author":[{"embeddable":true,"href":"https:\/\/ak2024.ntalk.dev\/en\/wp-json\/wp\/v2\/users\/1"}],"replies":[{"embeddable":true,"href":"https:\/\/ak2024.ntalk.dev\/en\/wp-json\/wp\/v2\/comments?post=2646"}],"version-history":[{"count":1,"href":"https:\/\/ak2024.ntalk.dev\/en\/wp-json\/wp\/v2\/pages\/2646\/revisions"}],"predecessor-version":[{"id":2647,"href":"https:\/\/ak2024.ntalk.dev\/en\/wp-json\/wp\/v2\/pages\/2646\/revisions\/2647"}],"up":[{"embeddable":true,"href":"https:\/\/ak2024.ntalk.dev\/en\/wp-json\/wp\/v2\/pages\/2561"}],"wp:attachment":[{"href":"https:\/\/ak2024.ntalk.dev\/en\/wp-json\/wp\/v2\/media?parent=2646"}],"wp:term":[{"taxonomy":"pravni-oblast","embeddable":true,"href":"https:\/\/ak2024.ntalk.dev\/en\/wp-json\/wp\/v2\/pravni-oblast?post=2646"}],"curies":[{"name":"wp","href":"https:\/\/api.w.org\/{rel}","templated":true}]}}