{"id":2104,"date":"2020-12-02T09:47:07","date_gmt":"2020-12-02T08:47:07","guid":{"rendered":"https:\/\/ak2024.ntalk.dev\/novinky\/"},"modified":"2021-10-13T14:43:45","modified_gmt":"2021-10-13T12:43:45","slug":"news","status":"publish","type":"page","link":"https:\/\/ak2024.ntalk.dev\/en\/news\/","title":{"rendered":"News"},"content":{"rendered":"<div class=\"wpv-view-output\" data-toolset-views-view-editor=\"f1edb26944ece153c917aee02f93a75d\">\n<div class=\"wp-block-toolset-views-view-editor\"><form autocomplete=\"off\" name=\"wpv-filter-367\" action=\"\/en\/wp-json\/wp\/v2\/pages\/2104?wpv_view_count=367\" method=\"get\" class=\"wpv-filter-form js-wpv-filter-form js-wpv-filter-form-367 js-wpv-form-full\" data-viewnumber=\"367\" data-viewid=\"367\" data-viewhash=\"eyJuYW1lIjoidnlwaXMtbm92aW5reSJ9\" data-viewwidgetid=\"0\" data-orderby=\"\" data-order=\"\" data-orderbyas=\"\" data-orderbysecond=\"\" data-ordersecond=\"\" data-parametric=\"{&quot;query&quot;:&quot;normal&quot;,&quot;id&quot;:367,&quot;view_id&quot;:367,&quot;widget_id&quot;:0,&quot;view_hash&quot;:&quot;367&quot;,&quot;action&quot;:&quot;\\\/en\\\/wp-json\\\/wp\\\/v2\\\/pages\\\/2104?wpv_view_count=367&quot;,&quot;sort&quot;:{&quot;orderby&quot;:&quot;&quot;,&quot;order&quot;:&quot;&quot;,&quot;orderby_as&quot;:&quot;&quot;,&quot;orderby_second&quot;:&quot;&quot;,&quot;order_second&quot;:&quot;&quot;},&quot;orderby&quot;:&quot;&quot;,&quot;order&quot;:&quot;&quot;,&quot;orderby_as&quot;:&quot;&quot;,&quot;orderby_second&quot;:&quot;&quot;,&quot;order_second&quot;:&quot;&quot;,&quot;ajax_form&quot;:&quot;&quot;,&quot;ajax_results&quot;:&quot;&quot;,&quot;effect&quot;:&quot;fade&quot;,&quot;prebefore&quot;:&quot;&quot;,&quot;before&quot;:&quot;&quot;,&quot;after&quot;:&quot;&quot;,&quot;attributes&quot;:[],&quot;environment&quot;:{&quot;current_post_id&quot;:2104,&quot;parent_post_id&quot;:2104,&quot;parent_term_id&quot;:0,&quot;parent_user_id&quot;:0,&quot;archive&quot;:{&quot;type&quot;:&quot;&quot;,&quot;name&quot;:&quot;&quot;,&quot;data&quot;:[]}},&quot;loop&quot;:{&quot;type&quot;:&quot;&quot;,&quot;name&quot;:&quot;&quot;,&quot;data&quot;:[],&quot;id&quot;:0}}\" data-attributes=\"[]\" data-environment=\"{&quot;current_post_id&quot;:2104,&quot;parent_post_id&quot;:2104,&quot;parent_term_id&quot;:0,&quot;parent_user_id&quot;:0,&quot;archive&quot;:{&quot;type&quot;:&quot;&quot;,&quot;name&quot;:&quot;&quot;,&quot;data&quot;:[]}}\"><input type=\"hidden\" class=\"js-wpv-dps-filter-data js-wpv-filter-data-for-this-form\" data-action=\"\/en\/wp-json\/wp\/v2\/pages\/2104?wpv_view_count=367\" data-page=\"1\" data-ajax=\"disable\" data-effect=\"fade\" data-maxpages=\"23\" data-ajaxprebefore=\"\" data-ajaxbefore=\"\" data-ajaxafter=\"\" \/><input class=\"wpv_view_count wpv_view_count-367\" type=\"hidden\" name=\"wpv_view_count\" value=\"367\" \/>\n\n\n<\/form>\n<div id=\"wpv-view-layout-367\" class=\"js-wpv-view-layout js-wpv-layout-responsive js-wpv-view-layout-367 wpv-pagination js-wpv-layout-has-pagination wpv-pagination-preload-images js-wpv-layout-preload-images wpv-pagination-preload-pages js-wpv-layout-preload-pages\" style=\"visibility:hidden;\" data-viewnumber=\"367\" data-pagination=\"{&quot;id&quot;:367,&quot;query&quot;:&quot;normal&quot;,&quot;type&quot;:&quot;ajaxed&quot;,&quot;effect&quot;:&quot;fade&quot;,&quot;duration&quot;:500,&quot;speed&quot;:5,&quot;pause_on_hover&quot;:&quot;disabled&quot;,&quot;stop_rollover&quot;:&quot;false&quot;,&quot;cache_pages&quot;:&quot;enabled&quot;,&quot;preload_images&quot;:&quot;enabled&quot;,&quot;preload_pages&quot;:&quot;enabled&quot;,&quot;preload_reach&quot;:1,&quot;spinner&quot;:&quot;builtin&quot;,&quot;spinner_image&quot;:&quot;https:\/\/ak2024.ntalk.dev\/wp-content\/plugins\/wp-views\/embedded\/res\/img\/ajax-loader-overlay.svg&quot;,&quot;callback_next&quot;:&quot;&quot;,&quot;manage_history&quot;:&quot;enabled&quot;,&quot;has_controls_in_form&quot;:&quot;disabled&quot;,&quot;infinite_tolerance&quot;:0,&quot;max_pages&quot;:23,&quot;page&quot;:1,&quot;base_permalink&quot;:&quot;\/en\/wp-json\/wp\/v2\/pages\/2104?wpv_view_count=367&amp;wpv_paged=WPV_PAGE_NUM&quot;,&quot;loop&quot;:{&quot;type&quot;:&quot;&quot;,&quot;name&quot;:&quot;&quot;,&quot;data&quot;:[],&quot;id&quot;:0}}\" data-permalink=\"\/en\/wp-json\/wp\/v2\/pages\/2104?wpv_view_count=367\">\n\n\t\n\t<div class=\"grid-x grid-padding-x grid-padding-y medium-up-3 vypis-novinek\">\n\t\n\t\t\n          <div class=\"cell\"> \n            <a href=\"https:\/\/ak2024.ntalk.dev\/en\/supreme-court-the-gross-disparity-of-mutual-fulfilment-will-be-a-threshold-of-roughly-half-of-the-mutual-fulfilment-range-45-to-55-this-threshold-represents-the-so-called-abnormal-harm-laesio-en\/\"><span>04. 05. 2022<\/span><p>\n              Supreme Court: The gross disparity of mutual fulfilment will be a threshold of roughly half of the mutual fulfilment (range 45 to 55%). This Threshold represents the so-called. abnormal harm (laesio enormis)<\/p><\/a>\n          <\/div>\n\t\t\n          <div class=\"cell\"> \n            <a href=\"https:\/\/ak2024.ntalk.dev\/en\/legal-due-diligence-of-public-permits-for-an-office-complex-in-prague\/\"><span>03. 05. 2022<\/span><p>\n              Legal due diligence of public permits for an office complex in Prague<\/p><\/a>\n          <\/div>\n\t\t\n          <div class=\"cell\"> \n            <a href=\"https:\/\/ak2024.ntalk.dev\/en\/supreme-court-fair-settlement-required-for-former-coperative-membres-based-on-financial-statements\/\"><span>20. 12. 2021<\/span><p>\n              Supreme Court: Fair settlement required for former cooperative members based on financial statements<\/p><\/a>\n          <\/div>\n\t\t\n          <div class=\"cell\"> \n            <a href=\"https:\/\/ak2024.ntalk.dev\/en\/interpreting-a-shareholders-agreement-under-the-commercial-code\/\"><span>13. 10. 2021<\/span><p>\n              Interpreting a Shareholder&#8217;s Agreement under the Commercial Code<\/p><\/a>\n          <\/div>\n\t\t\n          <div class=\"cell\"> \n            <a href=\"https:\/\/ak2024.ntalk.dev\/en\/european-commission-confirms-spanish-state-aid-grant-was-unlawful\/\"><span>07. 07. 2021<\/span><p>\n              European Commission confirms Spanish state aid grant was unlawful<\/p><\/a>\n          <\/div>\n\t\t\n          <div class=\"cell\"> \n            <a href=\"https:\/\/ak2024.ntalk.dev\/en\/mps-private-liability-for-an-unjustifiable-infringement-of-personal-rights\/\"><span>02. 06. 2020<\/span><p>\n              MP&#8217;s private liability for an unjustifiable infringement of personal rights<\/p><\/a>\n          <\/div>\n\t\t\n          <div class=\"cell\"> \n            <a href=\"https:\/\/ak2024.ntalk.dev\/en\/how-should-courts-determine-the-content-of-a-foreign-law\/\"><span>02. 06. 2020<\/span><p>\n              How should courts determine the content of a foreign law?<\/p><\/a>\n          <\/div>\n\t\t\n          <div class=\"cell\"> \n            <a href=\"https:\/\/ak2024.ntalk.dev\/en\/czech-supreme-court-rules-on-the-distinction-between-a-leasehold-and-a-rental\/\"><span>02. 06. 2020<\/span><p>\n              Czech Supreme Court rules on the distinction between a leasehold and a rental<\/p><\/a>\n          <\/div>\n\t\t\n          <div class=\"cell\"> \n            <a href=\"https:\/\/ak2024.ntalk.dev\/en\/invalidity-of-alternative-method-for-disposing-of-pledged-collateral\/\"><span>01. 04. 2020<\/span><p>\n              Invalidity of alternative method for disposing of pledged collateral<\/p><\/a>\n          <\/div>\n\t\t\n\t\n\t<\/div>\n<ul class=\"wpv-pagination-nav-links-container js-wpv-pagination-nav-links-container pagination\"><li class=\"wpv-pagination-nav-links-item js-wpv-pagination-nav-links-item page-item wpv-page-link-367-1 js-wpv-page-link-367-1 wpv_page_current wpv-pagination-nav-links-item-current active\"><span class=\"wpv-filter-pagination-link page-link\">1<\/span><\/li><li class=\"wpv-pagination-nav-links-item js-wpv-pagination-nav-links-item page-item wpv-page-link-367-2 js-wpv-page-link-367-2\"><a class=\"wpv-filter-pagination-link js-wpv-pagination-link page-link\" title=\"2\" href=\"\/en\/wp-json\/wp\/v2\/pages\/2104?wpv_view_count=367&#038;wpv_paged=2\" data-viewnumber=\"367\" data-page=\"2\">2<\/a><\/li><li class=\"wpv-pagination-nav-links-item js-wpv-pagination-nav-links-item page-item wpv-page-link-367-3 js-wpv-page-link-367-3\"><a class=\"wpv-filter-pagination-link js-wpv-pagination-link page-link\" title=\"3\" href=\"\/en\/wp-json\/wp\/v2\/pages\/2104?wpv_view_count=367&#038;wpv_paged=3\" data-viewnumber=\"367\" data-page=\"3\">3<\/a><\/li><li class=\"wpv-pagination-nav-links-item js-wpv-pagination-nav-links-item page-item wpv-page-link-367-4 js-wpv-page-link-367-4\"><a class=\"wpv-filter-pagination-link js-wpv-pagination-link page-link\" title=\"4\" href=\"\/en\/wp-json\/wp\/v2\/pages\/2104?wpv_view_count=367&#038;wpv_paged=4\" data-viewnumber=\"367\" data-page=\"4\">4<\/a><\/li><li class=\"wpv-pagination-nav-links-item js-wpv-pagination-nav-links-item page-item wpv-page-link-367-5 js-wpv-page-link-367-5\"><a class=\"wpv-filter-pagination-link js-wpv-pagination-link page-link\" title=\"5\" href=\"\/en\/wp-json\/wp\/v2\/pages\/2104?wpv_view_count=367&#038;wpv_paged=5\" data-viewnumber=\"367\" data-page=\"5\">5<\/a><\/li><li class=\"wpv-pagination-nav-links-item js-wpv-pagination-nav-links-item page-item wpv-page-link-367-6 js-wpv-page-link-367-6\"><a class=\"wpv-filter-pagination-link js-wpv-pagination-link page-link\" title=\"6\" href=\"\/en\/wp-json\/wp\/v2\/pages\/2104?wpv_view_count=367&#038;wpv_paged=6\" data-viewnumber=\"367\" data-page=\"6\">6<\/a><\/li><li class=\"wpv-pagination-nav-links-item js-wpv-pagination-nav-links-item page-item wpv-page-link-367-7 js-wpv-page-link-367-7\"><a class=\"wpv-filter-pagination-link js-wpv-pagination-link page-link\" title=\"7\" href=\"\/en\/wp-json\/wp\/v2\/pages\/2104?wpv_view_count=367&#038;wpv_paged=7\" data-viewnumber=\"367\" data-page=\"7\">7<\/a><\/li><li class=\"wpv-pagination-nav-links-item js-wpv-pagination-nav-links-item page-item wpv-page-link-367-8 js-wpv-page-link-367-8\"><a class=\"wpv-filter-pagination-link js-wpv-pagination-link page-link\" title=\"8\" href=\"\/en\/wp-json\/wp\/v2\/pages\/2104?wpv_view_count=367&#038;wpv_paged=8\" data-viewnumber=\"367\" data-page=\"8\">8<\/a><\/li><li class=\"wpv-pagination-nav-links-item js-wpv-pagination-nav-links-item page-item wpv-page-link-367-9 js-wpv-page-link-367-9\"><a class=\"wpv-filter-pagination-link js-wpv-pagination-link page-link\" title=\"9\" href=\"\/en\/wp-json\/wp\/v2\/pages\/2104?wpv_view_count=367&#038;wpv_paged=9\" data-viewnumber=\"367\" data-page=\"9\">9<\/a><\/li><li class=\"wpv-pagination-nav-links-item js-wpv-pagination-nav-links-item page-item wpv-page-link-367-10 js-wpv-page-link-367-10\"><a class=\"wpv-filter-pagination-link js-wpv-pagination-link page-link\" title=\"10\" href=\"\/en\/wp-json\/wp\/v2\/pages\/2104?wpv_view_count=367&#038;wpv_paged=10\" data-viewnumber=\"367\" data-page=\"10\">10<\/a><\/li><li class=\"wpv-pagination-nav-links-item js-wpv-pagination-nav-links-item page-item wpv-page-link-367-11 js-wpv-page-link-367-11\"><a class=\"wpv-filter-pagination-link js-wpv-pagination-link page-link\" title=\"11\" href=\"\/en\/wp-json\/wp\/v2\/pages\/2104?wpv_view_count=367&#038;wpv_paged=11\" data-viewnumber=\"367\" data-page=\"11\">11<\/a><\/li><li class=\"wpv-pagination-nav-links-item js-wpv-pagination-nav-links-item page-item wpv-page-link-367-12 js-wpv-page-link-367-12\"><a class=\"wpv-filter-pagination-link js-wpv-pagination-link page-link\" title=\"12\" href=\"\/en\/wp-json\/wp\/v2\/pages\/2104?wpv_view_count=367&#038;wpv_paged=12\" data-viewnumber=\"367\" data-page=\"12\">12<\/a><\/li><li class=\"wpv-pagination-nav-links-item js-wpv-pagination-nav-links-item page-item wpv-page-link-367-13 js-wpv-page-link-367-13\"><a class=\"wpv-filter-pagination-link js-wpv-pagination-link page-link\" title=\"13\" href=\"\/en\/wp-json\/wp\/v2\/pages\/2104?wpv_view_count=367&#038;wpv_paged=13\" data-viewnumber=\"367\" data-page=\"13\">13<\/a><\/li><li class=\"wpv-pagination-nav-links-item js-wpv-pagination-nav-links-item page-item wpv-page-link-367-14 js-wpv-page-link-367-14\"><a class=\"wpv-filter-pagination-link js-wpv-pagination-link page-link\" title=\"14\" href=\"\/en\/wp-json\/wp\/v2\/pages\/2104?wpv_view_count=367&#038;wpv_paged=14\" data-viewnumber=\"367\" data-page=\"14\">14<\/a><\/li><li class=\"wpv-pagination-nav-links-item js-wpv-pagination-nav-links-item page-item wpv-page-link-367-15 js-wpv-page-link-367-15\"><a class=\"wpv-filter-pagination-link js-wpv-pagination-link page-link\" title=\"15\" href=\"\/en\/wp-json\/wp\/v2\/pages\/2104?wpv_view_count=367&#038;wpv_paged=15\" data-viewnumber=\"367\" data-page=\"15\">15<\/a><\/li><li class=\"wpv-pagination-nav-links-item js-wpv-pagination-nav-links-item page-item wpv-page-link-367-16 js-wpv-page-link-367-16\"><a class=\"wpv-filter-pagination-link js-wpv-pagination-link page-link\" title=\"16\" href=\"\/en\/wp-json\/wp\/v2\/pages\/2104?wpv_view_count=367&#038;wpv_paged=16\" data-viewnumber=\"367\" data-page=\"16\">16<\/a><\/li><li class=\"wpv-pagination-nav-links-item js-wpv-pagination-nav-links-item page-item wpv-page-link-367-17 js-wpv-page-link-367-17\"><a class=\"wpv-filter-pagination-link js-wpv-pagination-link page-link\" title=\"17\" href=\"\/en\/wp-json\/wp\/v2\/pages\/2104?wpv_view_count=367&#038;wpv_paged=17\" data-viewnumber=\"367\" data-page=\"17\">17<\/a><\/li><li class=\"wpv-pagination-nav-links-item js-wpv-pagination-nav-links-item page-item wpv-page-link-367-18 js-wpv-page-link-367-18\"><a class=\"wpv-filter-pagination-link js-wpv-pagination-link page-link\" title=\"18\" href=\"\/en\/wp-json\/wp\/v2\/pages\/2104?wpv_view_count=367&#038;wpv_paged=18\" data-viewnumber=\"367\" data-page=\"18\">18<\/a><\/li><li class=\"wpv-pagination-nav-links-item js-wpv-pagination-nav-links-item page-item wpv-page-link-367-19 js-wpv-page-link-367-19\"><a class=\"wpv-filter-pagination-link js-wpv-pagination-link page-link\" title=\"19\" href=\"\/en\/wp-json\/wp\/v2\/pages\/2104?wpv_view_count=367&#038;wpv_paged=19\" data-viewnumber=\"367\" data-page=\"19\">19<\/a><\/li><li class=\"wpv-pagination-nav-links-item js-wpv-pagination-nav-links-item page-item wpv-page-link-367-20 js-wpv-page-link-367-20\"><a class=\"wpv-filter-pagination-link js-wpv-pagination-link page-link\" title=\"20\" href=\"\/en\/wp-json\/wp\/v2\/pages\/2104?wpv_view_count=367&#038;wpv_paged=20\" data-viewnumber=\"367\" data-page=\"20\">20<\/a><\/li><li class=\"wpv-pagination-nav-links-item js-wpv-pagination-nav-links-item page-item wpv-page-link-367-21 js-wpv-page-link-367-21\"><a class=\"wpv-filter-pagination-link js-wpv-pagination-link page-link\" title=\"21\" href=\"\/en\/wp-json\/wp\/v2\/pages\/2104?wpv_view_count=367&#038;wpv_paged=21\" data-viewnumber=\"367\" data-page=\"21\">21<\/a><\/li><li class=\"wpv-pagination-nav-links-item js-wpv-pagination-nav-links-item page-item wpv-page-link-367-22 js-wpv-page-link-367-22\"><a class=\"wpv-filter-pagination-link js-wpv-pagination-link page-link\" title=\"22\" href=\"\/en\/wp-json\/wp\/v2\/pages\/2104?wpv_view_count=367&#038;wpv_paged=22\" data-viewnumber=\"367\" data-page=\"22\">22<\/a><\/li><li class=\"wpv-pagination-nav-links-item js-wpv-pagination-nav-links-item page-item wpv-page-link-367-23 js-wpv-page-link-367-23\"><a class=\"wpv-filter-pagination-link js-wpv-pagination-link page-link\" title=\"23\" href=\"\/en\/wp-json\/wp\/v2\/pages\/2104?wpv_view_count=367&#038;wpv_paged=23\" data-viewnumber=\"367\" data-page=\"23\">23<\/a><\/li><li  class=\"page-item\"><a class=\"wpv-filter-next-link js-wpv-pagination-next-link page-link \"  href=\"\/en\/wp-json\/wp\/v2\/pages\/2104?wpv_view_count=367&#038;wpv_paged=2\"\n\t\t\t\t\tdata-viewnumber=\"367\" data-page=\"2\">Next<\/a><\/li><\/ul>\n\t\n\t\n<\/div>\n<\/div>\n<\/div>","protected":false},"excerpt":{"rendered":"","protected":false},"author":1,"featured_media":2106,"parent":0,"menu_order":0,"comment_status":"closed","ping_status":"closed","template":"","meta":{"footnotes":""},"pravni-oblast":[],"class_list":["post-2104","page","type-page","status-publish","has-post-thumbnail","hentry"],"yoast_head":"<!-- This site is optimized with the Yoast SEO plugin v25.4 - https:\/\/yoast.com\/wordpress\/plugins\/seo\/ -->\n<title>News - Achour &amp; Partners<\/title>\n<meta name=\"robots\" content=\"noindex, follow, max-snippet:-1, max-image-preview:large, max-video-preview:-1\" \/>\n<meta property=\"og:locale\" content=\"en_US\" \/>\n<meta property=\"og:type\" content=\"article\" \/>\n<meta property=\"og:title\" content=\"News - Achour &amp; Partners\" \/>\n<meta property=\"og:url\" content=\"https:\/\/ak2024.ntalk.dev\/novinky\/\" \/>\n<meta property=\"og:site_name\" content=\"Achour &amp; Partners\" \/>\n<meta property=\"article:modified_time\" content=\"2021-10-13T12:43:45+00:00\" \/>\n<meta property=\"og:image\" content=\"https:\/\/ak2024.ntalk.dev\/wp-content\/uploads\/2021\/06\/kamera2.jpg\" \/>\n\t<meta property=\"og:image:width\" content=\"1920\" \/>\n\t<meta property=\"og:image:height\" content=\"350\" \/>\n\t<meta property=\"og:image:type\" content=\"image\/jpeg\" \/>\n<meta name=\"twitter:card\" content=\"summary_large_image\" \/>\n<script type=\"application\/ld+json\" class=\"yoast-schema-graph\">{\"@context\":\"https:\/\/schema.org\",\"@graph\":[{\"@type\":\"WebPage\",\"@id\":\"https:\/\/ak2024.ntalk.dev\/novinky\/\",\"url\":\"https:\/\/ak2024.ntalk.dev\/novinky\/\",\"name\":\"News - Achour &amp; Partners\",\"isPartOf\":{\"@id\":\"https:\/\/ak2024.ntalk.dev\/#website\"},\"primaryImageOfPage\":{\"@id\":\"https:\/\/ak2024.ntalk.dev\/novinky\/#primaryimage\"},\"image\":{\"@id\":\"https:\/\/ak2024.ntalk.dev\/novinky\/#primaryimage\"},\"thumbnailUrl\":\"https:\/\/ak2024.ntalk.dev\/wp-content\/uploads\/2021\/06\/kamera2.jpg\",\"datePublished\":\"2020-12-02T08:47:07+00:00\",\"dateModified\":\"2021-10-13T12:43:45+00:00\",\"breadcrumb\":{\"@id\":\"https:\/\/ak2024.ntalk.dev\/novinky\/#breadcrumb\"},\"inLanguage\":\"en-US\",\"potentialAction\":[{\"@type\":\"ReadAction\",\"target\":[\"https:\/\/ak2024.ntalk.dev\/novinky\/\"]}]},{\"@type\":\"ImageObject\",\"inLanguage\":\"en-US\",\"@id\":\"https:\/\/ak2024.ntalk.dev\/novinky\/#primaryimage\",\"url\":\"https:\/\/ak2024.ntalk.dev\/wp-content\/uploads\/2021\/06\/kamera2.jpg\",\"contentUrl\":\"https:\/\/ak2024.ntalk.dev\/wp-content\/uploads\/2021\/06\/kamera2.jpg\",\"width\":1920,\"height\":350},{\"@type\":\"BreadcrumbList\",\"@id\":\"https:\/\/ak2024.ntalk.dev\/novinky\/#breadcrumb\",\"itemListElement\":[{\"@type\":\"ListItem\",\"position\":1,\"name\":\"Dom\u016f\",\"item\":\"https:\/\/ak2024.ntalk.dev\/\"},{\"@type\":\"ListItem\",\"position\":2,\"name\":\"News\"}]},{\"@type\":\"WebSite\",\"@id\":\"https:\/\/ak2024.ntalk.dev\/#website\",\"url\":\"https:\/\/ak2024.ntalk.dev\/\",\"name\":\"Achour &amp; Partners\",\"description\":\"\u010desk\u00e1 advok\u00e1tn\u00ed kancel\u00e1\u0159\",\"potentialAction\":[{\"@type\":\"SearchAction\",\"target\":{\"@type\":\"EntryPoint\",\"urlTemplate\":\"https:\/\/ak2024.ntalk.dev\/?s={search_term_string}\"},\"query-input\":{\"@type\":\"PropertyValueSpecification\",\"valueRequired\":true,\"valueName\":\"search_term_string\"}}],\"inLanguage\":\"en-US\"}]}<\/script>\n<!-- \/ Yoast SEO plugin. -->","yoast_head_json":{"title":"News - Achour &amp; Partners","robots":{"index":"noindex","follow":"follow","max-snippet":"max-snippet:-1","max-image-preview":"max-image-preview:large","max-video-preview":"max-video-preview:-1"},"og_locale":"en_US","og_type":"article","og_title":"News - Achour &amp; Partners","og_url":"https:\/\/ak2024.ntalk.dev\/novinky\/","og_site_name":"Achour &amp; Partners","article_modified_time":"2021-10-13T12:43:45+00:00","og_image":[{"width":1920,"height":350,"url":"https:\/\/ak2024.ntalk.dev\/wp-content\/uploads\/2021\/06\/kamera2.jpg","type":"image\/jpeg"}],"twitter_card":"summary_large_image","schema":{"@context":"https:\/\/schema.org","@graph":[{"@type":"WebPage","@id":"https:\/\/ak2024.ntalk.dev\/novinky\/","url":"https:\/\/ak2024.ntalk.dev\/novinky\/","name":"News - Achour &amp; Partners","isPartOf":{"@id":"https:\/\/ak2024.ntalk.dev\/#website"},"primaryImageOfPage":{"@id":"https:\/\/ak2024.ntalk.dev\/novinky\/#primaryimage"},"image":{"@id":"https:\/\/ak2024.ntalk.dev\/novinky\/#primaryimage"},"thumbnailUrl":"https:\/\/ak2024.ntalk.dev\/wp-content\/uploads\/2021\/06\/kamera2.jpg","datePublished":"2020-12-02T08:47:07+00:00","dateModified":"2021-10-13T12:43:45+00:00","breadcrumb":{"@id":"https:\/\/ak2024.ntalk.dev\/novinky\/#breadcrumb"},"inLanguage":"en-US","potentialAction":[{"@type":"ReadAction","target":["https:\/\/ak2024.ntalk.dev\/novinky\/"]}]},{"@type":"ImageObject","inLanguage":"en-US","@id":"https:\/\/ak2024.ntalk.dev\/novinky\/#primaryimage","url":"https:\/\/ak2024.ntalk.dev\/wp-content\/uploads\/2021\/06\/kamera2.jpg","contentUrl":"https:\/\/ak2024.ntalk.dev\/wp-content\/uploads\/2021\/06\/kamera2.jpg","width":1920,"height":350},{"@type":"BreadcrumbList","@id":"https:\/\/ak2024.ntalk.dev\/novinky\/#breadcrumb","itemListElement":[{"@type":"ListItem","position":1,"name":"Dom\u016f","item":"https:\/\/ak2024.ntalk.dev\/"},{"@type":"ListItem","position":2,"name":"News"}]},{"@type":"WebSite","@id":"https:\/\/ak2024.ntalk.dev\/#website","url":"https:\/\/ak2024.ntalk.dev\/","name":"Achour &amp; Partners","description":"\u010desk\u00e1 advok\u00e1tn\u00ed kancel\u00e1\u0159","potentialAction":[{"@type":"SearchAction","target":{"@type":"EntryPoint","urlTemplate":"https:\/\/ak2024.ntalk.dev\/?s={search_term_string}"},"query-input":{"@type":"PropertyValueSpecification","valueRequired":true,"valueName":"search_term_string"}}],"inLanguage":"en-US"}]}},"_links":{"self":[{"href":"https:\/\/ak2024.ntalk.dev\/en\/wp-json\/wp\/v2\/pages\/2104","targetHints":{"allow":["GET"]}}],"collection":[{"href":"https:\/\/ak2024.ntalk.dev\/en\/wp-json\/wp\/v2\/pages"}],"about":[{"href":"https:\/\/ak2024.ntalk.dev\/en\/wp-json\/wp\/v2\/types\/page"}],"author":[{"embeddable":true,"href":"https:\/\/ak2024.ntalk.dev\/en\/wp-json\/wp\/v2\/users\/1"}],"replies":[{"embeddable":true,"href":"https:\/\/ak2024.ntalk.dev\/en\/wp-json\/wp\/v2\/comments?post=2104"}],"version-history":[{"count":2,"href":"https:\/\/ak2024.ntalk.dev\/en\/wp-json\/wp\/v2\/pages\/2104\/revisions"}],"predecessor-version":[{"id":2111,"href":"https:\/\/ak2024.ntalk.dev\/en\/wp-json\/wp\/v2\/pages\/2104\/revisions\/2111"}],"wp:featuredmedia":[{"embeddable":true,"href":"https:\/\/ak2024.ntalk.dev\/en\/wp-json\/wp\/v2\/media\/2106"}],"wp:attachment":[{"href":"https:\/\/ak2024.ntalk.dev\/en\/wp-json\/wp\/v2\/media?parent=2104"}],"wp:term":[{"taxonomy":"pravni-oblast","embeddable":true,"href":"https:\/\/ak2024.ntalk.dev\/en\/wp-json\/wp\/v2\/pravni-oblast?post=2104"}],"curies":[{"name":"wp","href":"https:\/\/api.w.org\/{rel}","templated":true}]}}