{"id":2020,"date":"2021-01-29T05:06:02","date_gmt":"2021-01-29T04:06:02","guid":{"rendered":"https:\/\/ak2024.ntalk.dev\/career\/motivace\/"},"modified":"2021-10-13T07:49:51","modified_gmt":"2021-10-13T05:49:51","slug":"motivation","status":"publish","type":"page","link":"https:\/\/ak2024.ntalk.dev\/en\/career\/motivation\/","title":{"rendered":"Motivation"},"content":{"rendered":"\n<div class=\"wp-block-columns is-layout-flex wp-container-core-columns-is-layout-28f84493 wp-block-columns-is-layout-flex\">\n<div class=\"wp-block-column is-layout-flow wp-block-column-is-layout-flow\">\n<p>We motivate our colleagues and assess their work on a regular basis.&nbsp;We do not merely wait for the annual assessment, instead looking for ways to help our colleagues in their professional development. We try to understand what our colleagues expect of our work together, wherein lies their own motivation, and what suits them or can help them improve.<\/p>\n\n\n\n<p>We keep a very close eye on any change in expectations, particularly among younger colleagues, where trust, respect, and responsibility are joined by the need for personal and professional development, the opportunity to head in a specific direction, engagement in the full context of the work done, and regular feedback. We entrust our colleagues with demanding tasks and give them our trust in carrying them out, expressing this trust and providing room for them to take responsibility on their own. Trust and open communication between our employees and company management and among employees are very important to us.<\/p>\n<\/div>\n\n\n\n<div class=\"wp-block-column is-layout-flow wp-block-column-is-layout-flow\">\n<figure class=\"wp-block-image size-large\"><img fetchpriority=\"high\" decoding=\"async\" width=\"1024\" height=\"1010\" src=\"https:\/\/ak2024.ntalk.dev\/wp-content\/uploads\/2021\/07\/mot-1024x1010.jpg\" alt=\"\" class=\"wp-image-1106\" srcset=\"https:\/\/ak2024.ntalk.dev\/wp-content\/uploads\/2021\/07\/mot-1024x1010.jpg 1024w, https:\/\/ak2024.ntalk.dev\/wp-content\/uploads\/2021\/07\/mot-640x631.jpg 640w, https:\/\/ak2024.ntalk.dev\/wp-content\/uploads\/2021\/07\/mot-768x757.jpg 768w, https:\/\/ak2024.ntalk.dev\/wp-content\/uploads\/2021\/07\/mot-1536x1515.jpg 1536w, https:\/\/ak2024.ntalk.dev\/wp-content\/uploads\/2021\/07\/mot.jpg 1600w\" sizes=\"(max-width: 1024px) 100vw, 1024px\" \/><\/figure>\n<\/div>\n<\/div>\n\n\n\n<p><\/p>\n","protected":false},"excerpt":{"rendered":"<p>We motivate our colleagues and assess their work on a regular basis.&nbsp;We do not merely wait for the annual assessment, instead looking for ways to help our colleagues in their professional development. We try to understand what our colleagues expect of our work together, wherein lies their own motivation, and what suits them or can [&hellip;]<\/p>\n","protected":false},"author":1,"featured_media":1848,"parent":1975,"menu_order":50,"comment_status":"closed","ping_status":"closed","template":"","meta":{"footnotes":""},"pravni-oblast":[],"class_list":["post-2020","page","type-page","status-publish","has-post-thumbnail","hentry"],"yoast_head":"<!-- This site is optimized with the Yoast SEO plugin v25.4 - https:\/\/yoast.com\/wordpress\/plugins\/seo\/ -->\n<title>Motivation - Achour &amp; Partners<\/title>\n<meta name=\"robots\" content=\"noindex, follow, max-snippet:-1, max-image-preview:large, max-video-preview:-1\" \/>\n<meta property=\"og:locale\" content=\"en_US\" \/>\n<meta property=\"og:type\" content=\"article\" \/>\n<meta property=\"og:title\" content=\"Motivation - Achour &amp; Partners\" \/>\n<meta property=\"og:description\" content=\"We motivate our colleagues and assess their work on a regular basis.&nbsp;We do not merely wait for the annual assessment, instead looking for ways to help our colleagues in their professional development. We try to understand what our colleagues expect of our work together, wherein lies their own motivation, and what suits them or can [&hellip;]\" \/>\n<meta property=\"og:url\" content=\"https:\/\/ak2024.ntalk.dev\/kariera\/motivace\/\" \/>\n<meta property=\"og:site_name\" content=\"Achour &amp; Partners\" \/>\n<meta property=\"article:modified_time\" content=\"2021-10-13T05:49:51+00:00\" \/>\n<meta property=\"og:image\" content=\"https:\/\/ak2024.ntalk.dev\/wp-content\/uploads\/2021\/09\/ACHOUR-AND-PARTNERS_09_2021_-31-scaled.jpg\" \/>\n\t<meta property=\"og:image:width\" content=\"1707\" \/>\n\t<meta property=\"og:image:height\" content=\"2560\" \/>\n\t<meta property=\"og:image:type\" content=\"image\/jpeg\" \/>\n<meta name=\"twitter:card\" content=\"summary_large_image\" \/>\n<meta name=\"twitter:label1\" content=\"Est. reading time\" \/>\n\t<meta name=\"twitter:data1\" content=\"1 minute\" \/>\n<script type=\"application\/ld+json\" class=\"yoast-schema-graph\">{\"@context\":\"https:\/\/schema.org\",\"@graph\":[{\"@type\":\"WebPage\",\"@id\":\"https:\/\/ak2024.ntalk.dev\/kariera\/motivace\/\",\"url\":\"https:\/\/ak2024.ntalk.dev\/kariera\/motivace\/\",\"name\":\"Motivation - Achour &amp; Partners\",\"isPartOf\":{\"@id\":\"https:\/\/ak2024.ntalk.dev\/#website\"},\"primaryImageOfPage\":{\"@id\":\"https:\/\/ak2024.ntalk.dev\/kariera\/motivace\/#primaryimage\"},\"image\":{\"@id\":\"https:\/\/ak2024.ntalk.dev\/kariera\/motivace\/#primaryimage\"},\"thumbnailUrl\":\"https:\/\/ak2024.ntalk.dev\/wp-content\/uploads\/2021\/09\/ACHOUR-AND-PARTNERS_09_2021_-31-scaled.jpg\",\"datePublished\":\"2021-01-29T04:06:02+00:00\",\"dateModified\":\"2021-10-13T05:49:51+00:00\",\"breadcrumb\":{\"@id\":\"https:\/\/ak2024.ntalk.dev\/kariera\/motivace\/#breadcrumb\"},\"inLanguage\":\"en-US\",\"potentialAction\":[{\"@type\":\"ReadAction\",\"target\":[\"https:\/\/ak2024.ntalk.dev\/kariera\/motivace\/\"]}]},{\"@type\":\"ImageObject\",\"inLanguage\":\"en-US\",\"@id\":\"https:\/\/ak2024.ntalk.dev\/kariera\/motivace\/#primaryimage\",\"url\":\"https:\/\/ak2024.ntalk.dev\/wp-content\/uploads\/2021\/09\/ACHOUR-AND-PARTNERS_09_2021_-31-scaled.jpg\",\"contentUrl\":\"https:\/\/ak2024.ntalk.dev\/wp-content\/uploads\/2021\/09\/ACHOUR-AND-PARTNERS_09_2021_-31-scaled.jpg\",\"width\":1707,\"height\":2560},{\"@type\":\"BreadcrumbList\",\"@id\":\"https:\/\/ak2024.ntalk.dev\/kariera\/motivace\/#breadcrumb\",\"itemListElement\":[{\"@type\":\"ListItem\",\"position\":1,\"name\":\"Dom\u016f\",\"item\":\"https:\/\/ak2024.ntalk.dev\/\"},{\"@type\":\"ListItem\",\"position\":2,\"name\":\"Career\",\"item\":\"https:\/\/ak2024.ntalk.dev\/kariera\/\"},{\"@type\":\"ListItem\",\"position\":3,\"name\":\"Motivation\"}]},{\"@type\":\"WebSite\",\"@id\":\"https:\/\/ak2024.ntalk.dev\/#website\",\"url\":\"https:\/\/ak2024.ntalk.dev\/\",\"name\":\"Achour &amp; Partners\",\"description\":\"\u010desk\u00e1 advok\u00e1tn\u00ed kancel\u00e1\u0159\",\"potentialAction\":[{\"@type\":\"SearchAction\",\"target\":{\"@type\":\"EntryPoint\",\"urlTemplate\":\"https:\/\/ak2024.ntalk.dev\/?s={search_term_string}\"},\"query-input\":{\"@type\":\"PropertyValueSpecification\",\"valueRequired\":true,\"valueName\":\"search_term_string\"}}],\"inLanguage\":\"en-US\"}]}<\/script>\n<!-- \/ Yoast SEO plugin. -->","yoast_head_json":{"title":"Motivation - Achour &amp; Partners","robots":{"index":"noindex","follow":"follow","max-snippet":"max-snippet:-1","max-image-preview":"max-image-preview:large","max-video-preview":"max-video-preview:-1"},"og_locale":"en_US","og_type":"article","og_title":"Motivation - Achour &amp; Partners","og_description":"We motivate our colleagues and assess their work on a regular basis.&nbsp;We do not merely wait for the annual assessment, instead looking for ways to help our colleagues in their professional development. We try to understand what our colleagues expect of our work together, wherein lies their own motivation, and what suits them or can [&hellip;]","og_url":"https:\/\/ak2024.ntalk.dev\/kariera\/motivace\/","og_site_name":"Achour &amp; Partners","article_modified_time":"2021-10-13T05:49:51+00:00","og_image":[{"width":1707,"height":2560,"url":"https:\/\/ak2024.ntalk.dev\/wp-content\/uploads\/2021\/09\/ACHOUR-AND-PARTNERS_09_2021_-31-scaled.jpg","type":"image\/jpeg"}],"twitter_card":"summary_large_image","twitter_misc":{"Est. reading time":"1 minute"},"schema":{"@context":"https:\/\/schema.org","@graph":[{"@type":"WebPage","@id":"https:\/\/ak2024.ntalk.dev\/kariera\/motivace\/","url":"https:\/\/ak2024.ntalk.dev\/kariera\/motivace\/","name":"Motivation - Achour &amp; Partners","isPartOf":{"@id":"https:\/\/ak2024.ntalk.dev\/#website"},"primaryImageOfPage":{"@id":"https:\/\/ak2024.ntalk.dev\/kariera\/motivace\/#primaryimage"},"image":{"@id":"https:\/\/ak2024.ntalk.dev\/kariera\/motivace\/#primaryimage"},"thumbnailUrl":"https:\/\/ak2024.ntalk.dev\/wp-content\/uploads\/2021\/09\/ACHOUR-AND-PARTNERS_09_2021_-31-scaled.jpg","datePublished":"2021-01-29T04:06:02+00:00","dateModified":"2021-10-13T05:49:51+00:00","breadcrumb":{"@id":"https:\/\/ak2024.ntalk.dev\/kariera\/motivace\/#breadcrumb"},"inLanguage":"en-US","potentialAction":[{"@type":"ReadAction","target":["https:\/\/ak2024.ntalk.dev\/kariera\/motivace\/"]}]},{"@type":"ImageObject","inLanguage":"en-US","@id":"https:\/\/ak2024.ntalk.dev\/kariera\/motivace\/#primaryimage","url":"https:\/\/ak2024.ntalk.dev\/wp-content\/uploads\/2021\/09\/ACHOUR-AND-PARTNERS_09_2021_-31-scaled.jpg","contentUrl":"https:\/\/ak2024.ntalk.dev\/wp-content\/uploads\/2021\/09\/ACHOUR-AND-PARTNERS_09_2021_-31-scaled.jpg","width":1707,"height":2560},{"@type":"BreadcrumbList","@id":"https:\/\/ak2024.ntalk.dev\/kariera\/motivace\/#breadcrumb","itemListElement":[{"@type":"ListItem","position":1,"name":"Dom\u016f","item":"https:\/\/ak2024.ntalk.dev\/"},{"@type":"ListItem","position":2,"name":"Career","item":"https:\/\/ak2024.ntalk.dev\/kariera\/"},{"@type":"ListItem","position":3,"name":"Motivation"}]},{"@type":"WebSite","@id":"https:\/\/ak2024.ntalk.dev\/#website","url":"https:\/\/ak2024.ntalk.dev\/","name":"Achour &amp; Partners","description":"\u010desk\u00e1 advok\u00e1tn\u00ed kancel\u00e1\u0159","potentialAction":[{"@type":"SearchAction","target":{"@type":"EntryPoint","urlTemplate":"https:\/\/ak2024.ntalk.dev\/?s={search_term_string}"},"query-input":{"@type":"PropertyValueSpecification","valueRequired":true,"valueName":"search_term_string"}}],"inLanguage":"en-US"}]}},"_links":{"self":[{"href":"https:\/\/ak2024.ntalk.dev\/en\/wp-json\/wp\/v2\/pages\/2020","targetHints":{"allow":["GET"]}}],"collection":[{"href":"https:\/\/ak2024.ntalk.dev\/en\/wp-json\/wp\/v2\/pages"}],"about":[{"href":"https:\/\/ak2024.ntalk.dev\/en\/wp-json\/wp\/v2\/types\/page"}],"author":[{"embeddable":true,"href":"https:\/\/ak2024.ntalk.dev\/en\/wp-json\/wp\/v2\/users\/1"}],"replies":[{"embeddable":true,"href":"https:\/\/ak2024.ntalk.dev\/en\/wp-json\/wp\/v2\/comments?post=2020"}],"version-history":[{"count":1,"href":"https:\/\/ak2024.ntalk.dev\/en\/wp-json\/wp\/v2\/pages\/2020\/revisions"}],"predecessor-version":[{"id":2022,"href":"https:\/\/ak2024.ntalk.dev\/en\/wp-json\/wp\/v2\/pages\/2020\/revisions\/2022"}],"up":[{"embeddable":true,"href":"https:\/\/ak2024.ntalk.dev\/en\/wp-json\/wp\/v2\/pages\/1975"}],"wp:featuredmedia":[{"embeddable":true,"href":"https:\/\/ak2024.ntalk.dev\/en\/wp-json\/wp\/v2\/media\/1848"}],"wp:attachment":[{"href":"https:\/\/ak2024.ntalk.dev\/en\/wp-json\/wp\/v2\/media?parent=2020"}],"wp:term":[{"taxonomy":"pravni-oblast","embeddable":true,"href":"https:\/\/ak2024.ntalk.dev\/en\/wp-json\/wp\/v2\/pravni-oblast?post=2020"}],"curies":[{"name":"wp","href":"https:\/\/api.w.org\/{rel}","templated":true}]}}