{"id":2006,"date":"2021-05-24T09:39:03","date_gmt":"2021-05-24T07:39:03","guid":{"rendered":"https:\/\/ak2024.ntalk.dev\/career\/trainee-solicitors\/sdileni-know-how\/"},"modified":"2021-10-13T07:44:11","modified_gmt":"2021-10-13T05:44:11","slug":"sharing-know-how","status":"publish","type":"page","link":"https:\/\/ak2024.ntalk.dev\/en\/career\/trainee-lawyers\/sharing-know-how\/","title":{"rendered":"Sharing Know-How"},"content":{"rendered":"\n<div class=\"wp-block-columns is-layout-flex wp-container-core-columns-is-layout-28f84493 wp-block-columns-is-layout-flex\">\n<div class=\"wp-block-column is-layout-flow wp-block-column-is-layout-flow\">\n<p>We try to share in-house know-how as much as we can, whether with regard to specimen contracts, memoranda, and legal opinions or legal approaches.<\/p>\n\n\n\n<p>We write up internal specimen contracts, which are regularly revised and modified to account for the development of case law and new knowledge. We regularly monitor current case law and analyse the legislative process. We also share our know-how from training or workshops within the firm. As far as legal analyses are concerned, our colleagues prepare model cases, in which they deal with complicated legal situations in detail. We also enable trainee lawyers to attend judicial proceedings and other hearings in person, and to deal with clients.<\/p>\n<\/div>\n\n\n\n<div class=\"wp-block-column is-layout-flow wp-block-column-is-layout-flow\">\n<figure class=\"wp-block-image size-large\"><img fetchpriority=\"high\" decoding=\"async\" width=\"1024\" height=\"682\" src=\"https:\/\/ak2024.ntalk.dev\/wp-content\/uploads\/2021\/07\/knowhow-1024x682.jpg\" alt=\"\" class=\"wp-image-1095\" srcset=\"https:\/\/ak2024.ntalk.dev\/wp-content\/uploads\/2021\/07\/knowhow-1024x682.jpg 1024w, https:\/\/ak2024.ntalk.dev\/wp-content\/uploads\/2021\/07\/knowhow-640x426.jpg 640w, https:\/\/ak2024.ntalk.dev\/wp-content\/uploads\/2021\/07\/knowhow-768x512.jpg 768w, https:\/\/ak2024.ntalk.dev\/wp-content\/uploads\/2021\/07\/knowhow-1536x1023.jpg 1536w, https:\/\/ak2024.ntalk.dev\/wp-content\/uploads\/2021\/07\/knowhow.jpg 1600w\" sizes=\"(max-width: 1024px) 100vw, 1024px\" \/><\/figure>\n<\/div>\n<\/div>\n","protected":false},"excerpt":{"rendered":"<p>We try to share in-house know-how as much as we can, whether with regard to specimen contracts, memoranda, and legal opinions or legal approaches. We write up internal specimen contracts, which are regularly revised and modified to account for the development of case law and new knowledge. We regularly monitor current case law and analyse [&hellip;]<\/p>\n","protected":false},"author":1,"featured_media":1851,"parent":1991,"menu_order":45,"comment_status":"closed","ping_status":"closed","template":"","meta":{"footnotes":""},"pravni-oblast":[],"class_list":["post-2006","page","type-page","status-publish","has-post-thumbnail","hentry"],"yoast_head":"<!-- This site is optimized with the Yoast SEO plugin v25.4 - https:\/\/yoast.com\/wordpress\/plugins\/seo\/ -->\n<title>Sharing Know-How - Achour &amp; Partners<\/title>\n<meta name=\"robots\" content=\"noindex, follow, max-snippet:-1, max-image-preview:large, max-video-preview:-1\" \/>\n<meta property=\"og:locale\" content=\"en_US\" \/>\n<meta property=\"og:type\" content=\"article\" \/>\n<meta property=\"og:title\" content=\"Sharing Know-How - Achour &amp; Partners\" \/>\n<meta property=\"og:description\" content=\"We try to share in-house know-how as much as we can, whether with regard to specimen contracts, memoranda, and legal opinions or legal approaches. We write up internal specimen contracts, which are regularly revised and modified to account for the development of case law and new knowledge. We regularly monitor current case law and analyse [&hellip;]\" \/>\n<meta property=\"og:url\" content=\"https:\/\/ak2024.ntalk.dev\/kariera\/advokatni-koncipienti\/sdileni-know-how\/\" \/>\n<meta property=\"og:site_name\" content=\"Achour &amp; Partners\" \/>\n<meta property=\"article:modified_time\" content=\"2021-10-13T05:44:11+00:00\" \/>\n<meta property=\"og:image\" content=\"https:\/\/ak2024.ntalk.dev\/wp-content\/uploads\/2021\/09\/ACHOUR-AND-PARTNERS_09_2021_-8-scaled-e1633007906173.jpg\" \/>\n\t<meta property=\"og:image:width\" content=\"1807\" \/>\n\t<meta property=\"og:image:height\" content=\"2560\" \/>\n\t<meta property=\"og:image:type\" content=\"image\/jpeg\" \/>\n<meta name=\"twitter:card\" content=\"summary_large_image\" \/>\n<meta name=\"twitter:label1\" content=\"Est. reading time\" \/>\n\t<meta name=\"twitter:data1\" content=\"1 minute\" \/>\n<script type=\"application\/ld+json\" class=\"yoast-schema-graph\">{\"@context\":\"https:\/\/schema.org\",\"@graph\":[{\"@type\":\"WebPage\",\"@id\":\"https:\/\/ak2024.ntalk.dev\/kariera\/advokatni-koncipienti\/sdileni-know-how\/\",\"url\":\"https:\/\/ak2024.ntalk.dev\/kariera\/advokatni-koncipienti\/sdileni-know-how\/\",\"name\":\"Sharing Know-How - Achour &amp; Partners\",\"isPartOf\":{\"@id\":\"https:\/\/ak2024.ntalk.dev\/#website\"},\"primaryImageOfPage\":{\"@id\":\"https:\/\/ak2024.ntalk.dev\/kariera\/advokatni-koncipienti\/sdileni-know-how\/#primaryimage\"},\"image\":{\"@id\":\"https:\/\/ak2024.ntalk.dev\/kariera\/advokatni-koncipienti\/sdileni-know-how\/#primaryimage\"},\"thumbnailUrl\":\"https:\/\/ak2024.ntalk.dev\/wp-content\/uploads\/2021\/09\/ACHOUR-AND-PARTNERS_09_2021_-8-scaled-e1633007906173.jpg\",\"datePublished\":\"2021-05-24T07:39:03+00:00\",\"dateModified\":\"2021-10-13T05:44:11+00:00\",\"breadcrumb\":{\"@id\":\"https:\/\/ak2024.ntalk.dev\/kariera\/advokatni-koncipienti\/sdileni-know-how\/#breadcrumb\"},\"inLanguage\":\"en-US\",\"potentialAction\":[{\"@type\":\"ReadAction\",\"target\":[\"https:\/\/ak2024.ntalk.dev\/kariera\/advokatni-koncipienti\/sdileni-know-how\/\"]}]},{\"@type\":\"ImageObject\",\"inLanguage\":\"en-US\",\"@id\":\"https:\/\/ak2024.ntalk.dev\/kariera\/advokatni-koncipienti\/sdileni-know-how\/#primaryimage\",\"url\":\"https:\/\/ak2024.ntalk.dev\/wp-content\/uploads\/2021\/09\/ACHOUR-AND-PARTNERS_09_2021_-8-scaled-e1633007906173.jpg\",\"contentUrl\":\"https:\/\/ak2024.ntalk.dev\/wp-content\/uploads\/2021\/09\/ACHOUR-AND-PARTNERS_09_2021_-8-scaled-e1633007906173.jpg\",\"width\":1807,\"height\":2560},{\"@type\":\"BreadcrumbList\",\"@id\":\"https:\/\/ak2024.ntalk.dev\/kariera\/advokatni-koncipienti\/sdileni-know-how\/#breadcrumb\",\"itemListElement\":[{\"@type\":\"ListItem\",\"position\":1,\"name\":\"Dom\u016f\",\"item\":\"https:\/\/ak2024.ntalk.dev\/\"},{\"@type\":\"ListItem\",\"position\":2,\"name\":\"Career\",\"item\":\"https:\/\/ak2024.ntalk.dev\/kariera\/\"},{\"@type\":\"ListItem\",\"position\":3,\"name\":\"Trainee Lawyers\",\"item\":\"https:\/\/ak2024.ntalk.dev\/kariera\/advokatni-koncipienti\/\"},{\"@type\":\"ListItem\",\"position\":4,\"name\":\"Sharing Know-How\"}]},{\"@type\":\"WebSite\",\"@id\":\"https:\/\/ak2024.ntalk.dev\/#website\",\"url\":\"https:\/\/ak2024.ntalk.dev\/\",\"name\":\"Achour &amp; Partners\",\"description\":\"\u010desk\u00e1 advok\u00e1tn\u00ed kancel\u00e1\u0159\",\"potentialAction\":[{\"@type\":\"SearchAction\",\"target\":{\"@type\":\"EntryPoint\",\"urlTemplate\":\"https:\/\/ak2024.ntalk.dev\/?s={search_term_string}\"},\"query-input\":{\"@type\":\"PropertyValueSpecification\",\"valueRequired\":true,\"valueName\":\"search_term_string\"}}],\"inLanguage\":\"en-US\"}]}<\/script>\n<!-- \/ Yoast SEO plugin. -->","yoast_head_json":{"title":"Sharing Know-How - Achour &amp; Partners","robots":{"index":"noindex","follow":"follow","max-snippet":"max-snippet:-1","max-image-preview":"max-image-preview:large","max-video-preview":"max-video-preview:-1"},"og_locale":"en_US","og_type":"article","og_title":"Sharing Know-How - Achour &amp; Partners","og_description":"We try to share in-house know-how as much as we can, whether with regard to specimen contracts, memoranda, and legal opinions or legal approaches. We write up internal specimen contracts, which are regularly revised and modified to account for the development of case law and new knowledge. We regularly monitor current case law and analyse [&hellip;]","og_url":"https:\/\/ak2024.ntalk.dev\/kariera\/advokatni-koncipienti\/sdileni-know-how\/","og_site_name":"Achour &amp; Partners","article_modified_time":"2021-10-13T05:44:11+00:00","og_image":[{"width":1807,"height":2560,"url":"https:\/\/ak2024.ntalk.dev\/wp-content\/uploads\/2021\/09\/ACHOUR-AND-PARTNERS_09_2021_-8-scaled-e1633007906173.jpg","type":"image\/jpeg"}],"twitter_card":"summary_large_image","twitter_misc":{"Est. reading time":"1 minute"},"schema":{"@context":"https:\/\/schema.org","@graph":[{"@type":"WebPage","@id":"https:\/\/ak2024.ntalk.dev\/kariera\/advokatni-koncipienti\/sdileni-know-how\/","url":"https:\/\/ak2024.ntalk.dev\/kariera\/advokatni-koncipienti\/sdileni-know-how\/","name":"Sharing Know-How - Achour &amp; Partners","isPartOf":{"@id":"https:\/\/ak2024.ntalk.dev\/#website"},"primaryImageOfPage":{"@id":"https:\/\/ak2024.ntalk.dev\/kariera\/advokatni-koncipienti\/sdileni-know-how\/#primaryimage"},"image":{"@id":"https:\/\/ak2024.ntalk.dev\/kariera\/advokatni-koncipienti\/sdileni-know-how\/#primaryimage"},"thumbnailUrl":"https:\/\/ak2024.ntalk.dev\/wp-content\/uploads\/2021\/09\/ACHOUR-AND-PARTNERS_09_2021_-8-scaled-e1633007906173.jpg","datePublished":"2021-05-24T07:39:03+00:00","dateModified":"2021-10-13T05:44:11+00:00","breadcrumb":{"@id":"https:\/\/ak2024.ntalk.dev\/kariera\/advokatni-koncipienti\/sdileni-know-how\/#breadcrumb"},"inLanguage":"en-US","potentialAction":[{"@type":"ReadAction","target":["https:\/\/ak2024.ntalk.dev\/kariera\/advokatni-koncipienti\/sdileni-know-how\/"]}]},{"@type":"ImageObject","inLanguage":"en-US","@id":"https:\/\/ak2024.ntalk.dev\/kariera\/advokatni-koncipienti\/sdileni-know-how\/#primaryimage","url":"https:\/\/ak2024.ntalk.dev\/wp-content\/uploads\/2021\/09\/ACHOUR-AND-PARTNERS_09_2021_-8-scaled-e1633007906173.jpg","contentUrl":"https:\/\/ak2024.ntalk.dev\/wp-content\/uploads\/2021\/09\/ACHOUR-AND-PARTNERS_09_2021_-8-scaled-e1633007906173.jpg","width":1807,"height":2560},{"@type":"BreadcrumbList","@id":"https:\/\/ak2024.ntalk.dev\/kariera\/advokatni-koncipienti\/sdileni-know-how\/#breadcrumb","itemListElement":[{"@type":"ListItem","position":1,"name":"Dom\u016f","item":"https:\/\/ak2024.ntalk.dev\/"},{"@type":"ListItem","position":2,"name":"Career","item":"https:\/\/ak2024.ntalk.dev\/kariera\/"},{"@type":"ListItem","position":3,"name":"Trainee Lawyers","item":"https:\/\/ak2024.ntalk.dev\/kariera\/advokatni-koncipienti\/"},{"@type":"ListItem","position":4,"name":"Sharing Know-How"}]},{"@type":"WebSite","@id":"https:\/\/ak2024.ntalk.dev\/#website","url":"https:\/\/ak2024.ntalk.dev\/","name":"Achour &amp; Partners","description":"\u010desk\u00e1 advok\u00e1tn\u00ed kancel\u00e1\u0159","potentialAction":[{"@type":"SearchAction","target":{"@type":"EntryPoint","urlTemplate":"https:\/\/ak2024.ntalk.dev\/?s={search_term_string}"},"query-input":{"@type":"PropertyValueSpecification","valueRequired":true,"valueName":"search_term_string"}}],"inLanguage":"en-US"}]}},"_links":{"self":[{"href":"https:\/\/ak2024.ntalk.dev\/en\/wp-json\/wp\/v2\/pages\/2006","targetHints":{"allow":["GET"]}}],"collection":[{"href":"https:\/\/ak2024.ntalk.dev\/en\/wp-json\/wp\/v2\/pages"}],"about":[{"href":"https:\/\/ak2024.ntalk.dev\/en\/wp-json\/wp\/v2\/types\/page"}],"author":[{"embeddable":true,"href":"https:\/\/ak2024.ntalk.dev\/en\/wp-json\/wp\/v2\/users\/1"}],"replies":[{"embeddable":true,"href":"https:\/\/ak2024.ntalk.dev\/en\/wp-json\/wp\/v2\/comments?post=2006"}],"version-history":[{"count":1,"href":"https:\/\/ak2024.ntalk.dev\/en\/wp-json\/wp\/v2\/pages\/2006\/revisions"}],"predecessor-version":[{"id":2008,"href":"https:\/\/ak2024.ntalk.dev\/en\/wp-json\/wp\/v2\/pages\/2006\/revisions\/2008"}],"up":[{"embeddable":true,"href":"https:\/\/ak2024.ntalk.dev\/en\/wp-json\/wp\/v2\/pages\/1991"}],"wp:featuredmedia":[{"embeddable":true,"href":"https:\/\/ak2024.ntalk.dev\/en\/wp-json\/wp\/v2\/media\/1851"}],"wp:attachment":[{"href":"https:\/\/ak2024.ntalk.dev\/en\/wp-json\/wp\/v2\/media?parent=2006"}],"wp:term":[{"taxonomy":"pravni-oblast","embeddable":true,"href":"https:\/\/ak2024.ntalk.dev\/en\/wp-json\/wp\/v2\/pravni-oblast?post=2006"}],"curies":[{"name":"wp","href":"https:\/\/api.w.org\/{rel}","templated":true}]}}