{"id":2003,"date":"2021-05-24T09:37:51","date_gmt":"2021-05-24T07:37:51","guid":{"rendered":"https:\/\/ak2024.ntalk.dev\/career\/trainee-solicitors\/co-nabizime\/"},"modified":"2021-10-15T10:32:29","modified_gmt":"2021-10-15T08:32:29","slug":"what-we-offer","status":"publish","type":"page","link":"https:\/\/ak2024.ntalk.dev\/en\/career\/trainee-lawyers\/what-we-offer\/","title":{"rendered":"What we offer"},"content":{"rendered":"\n<div class=\"wp-block-columns is-layout-flex wp-container-core-columns-is-layout-28f84493 wp-block-columns-is-layout-flex\">\n<div class=\"wp-block-column is-layout-flow wp-block-column-is-layout-flow\">\n<p>We offer talented lawyers the chance to take part in significant transactions, to improve their expertise, to improve themselves, and after a certain time to become a partner in our office.<\/p>\n\n\n\n<p>We endeavour to provide the members of our team with the very best conditions for their onward education and the acquisition of practical experience, international transaction know-how, and the ability to manage and coordinate complex transactions, and in doing so secure their personal growth and the development of their professional career. We pay particular attention to the training of existing and future leaders in the relevant areas of law.<\/p>\n<\/div>\n\n\n\n<div class=\"wp-block-column is-layout-flow wp-block-column-is-layout-flow\">\n<figure class=\"wp-block-image size-full\"><img fetchpriority=\"high\" decoding=\"async\" width=\"1000\" height=\"700\" src=\"https:\/\/ak2024.ntalk.dev\/wp-content\/uploads\/2021\/08\/co-nabizime.jpg\" alt=\"\" class=\"wp-image-1354\" srcset=\"https:\/\/ak2024.ntalk.dev\/wp-content\/uploads\/2021\/08\/co-nabizime.jpg 1000w, https:\/\/ak2024.ntalk.dev\/wp-content\/uploads\/2021\/08\/co-nabizime-640x448.jpg 640w, https:\/\/ak2024.ntalk.dev\/wp-content\/uploads\/2021\/08\/co-nabizime-768x538.jpg 768w\" sizes=\"(max-width: 1000px) 100vw, 1000px\" \/><\/figure>\n<\/div>\n<\/div>\n","protected":false},"excerpt":{"rendered":"<p>We offer talented lawyers the chance to take part in significant transactions, to improve their expertise, to improve themselves, and after a certain time to become a partner in our office. We endeavour to provide the members of our team with the very best conditions for their onward education and the acquisition of practical experience, [&hellip;]<\/p>\n","protected":false},"author":1,"featured_media":1689,"parent":1991,"menu_order":30,"comment_status":"closed","ping_status":"closed","template":"","meta":{"footnotes":""},"pravni-oblast":[],"class_list":["post-2003","page","type-page","status-publish","has-post-thumbnail","hentry"],"yoast_head":"<!-- This site is optimized with the Yoast SEO plugin v25.4 - https:\/\/yoast.com\/wordpress\/plugins\/seo\/ -->\n<title>What we offer - Achour &amp; Partners<\/title>\n<meta name=\"robots\" content=\"noindex, follow, max-snippet:-1, max-image-preview:large, max-video-preview:-1\" \/>\n<meta property=\"og:locale\" content=\"en_US\" \/>\n<meta property=\"og:type\" content=\"article\" \/>\n<meta property=\"og:title\" content=\"What we offer - Achour &amp; Partners\" \/>\n<meta property=\"og:description\" content=\"We offer talented lawyers the chance to take part in significant transactions, to improve their expertise, to improve themselves, and after a certain time to become a partner in our office. We endeavour to provide the members of our team with the very best conditions for their onward education and the acquisition of practical experience, [&hellip;]\" \/>\n<meta property=\"og:url\" content=\"https:\/\/ak2024.ntalk.dev\/kariera\/advokatni-koncipienti\/co-nabizime\/\" \/>\n<meta property=\"og:site_name\" content=\"Achour &amp; Partners\" \/>\n<meta property=\"article:modified_time\" content=\"2021-10-15T08:32:29+00:00\" \/>\n<meta property=\"og:image\" content=\"https:\/\/ak2024.ntalk.dev\/wp-content\/uploads\/2021\/06\/greenblue.png\" \/>\n\t<meta property=\"og:image:width\" content=\"600\" \/>\n\t<meta property=\"og:image:height\" content=\"600\" \/>\n\t<meta property=\"og:image:type\" content=\"image\/png\" \/>\n<meta name=\"twitter:card\" content=\"summary_large_image\" \/>\n<meta name=\"twitter:label1\" content=\"Est. reading time\" \/>\n\t<meta name=\"twitter:data1\" content=\"1 minute\" \/>\n<script type=\"application\/ld+json\" class=\"yoast-schema-graph\">{\"@context\":\"https:\/\/schema.org\",\"@graph\":[{\"@type\":\"WebPage\",\"@id\":\"https:\/\/ak2024.ntalk.dev\/kariera\/advokatni-koncipienti\/co-nabizime\/\",\"url\":\"https:\/\/ak2024.ntalk.dev\/kariera\/advokatni-koncipienti\/co-nabizime\/\",\"name\":\"What we offer - Achour &amp; Partners\",\"isPartOf\":{\"@id\":\"https:\/\/ak2024.ntalk.dev\/#website\"},\"primaryImageOfPage\":{\"@id\":\"https:\/\/ak2024.ntalk.dev\/kariera\/advokatni-koncipienti\/co-nabizime\/#primaryimage\"},\"image\":{\"@id\":\"https:\/\/ak2024.ntalk.dev\/kariera\/advokatni-koncipienti\/co-nabizime\/#primaryimage\"},\"thumbnailUrl\":\"https:\/\/ak2024.ntalk.dev\/wp-content\/uploads\/2021\/06\/greenblue.png\",\"datePublished\":\"2021-05-24T07:37:51+00:00\",\"dateModified\":\"2021-10-15T08:32:29+00:00\",\"breadcrumb\":{\"@id\":\"https:\/\/ak2024.ntalk.dev\/kariera\/advokatni-koncipienti\/co-nabizime\/#breadcrumb\"},\"inLanguage\":\"en-US\",\"potentialAction\":[{\"@type\":\"ReadAction\",\"target\":[\"https:\/\/ak2024.ntalk.dev\/kariera\/advokatni-koncipienti\/co-nabizime\/\"]}]},{\"@type\":\"ImageObject\",\"inLanguage\":\"en-US\",\"@id\":\"https:\/\/ak2024.ntalk.dev\/kariera\/advokatni-koncipienti\/co-nabizime\/#primaryimage\",\"url\":\"https:\/\/ak2024.ntalk.dev\/wp-content\/uploads\/2021\/06\/greenblue.png\",\"contentUrl\":\"https:\/\/ak2024.ntalk.dev\/wp-content\/uploads\/2021\/06\/greenblue.png\",\"width\":600,\"height\":600},{\"@type\":\"BreadcrumbList\",\"@id\":\"https:\/\/ak2024.ntalk.dev\/kariera\/advokatni-koncipienti\/co-nabizime\/#breadcrumb\",\"itemListElement\":[{\"@type\":\"ListItem\",\"position\":1,\"name\":\"Dom\u016f\",\"item\":\"https:\/\/ak2024.ntalk.dev\/\"},{\"@type\":\"ListItem\",\"position\":2,\"name\":\"Career\",\"item\":\"https:\/\/ak2024.ntalk.dev\/kariera\/\"},{\"@type\":\"ListItem\",\"position\":3,\"name\":\"Trainee Lawyers\",\"item\":\"https:\/\/ak2024.ntalk.dev\/kariera\/advokatni-koncipienti\/\"},{\"@type\":\"ListItem\",\"position\":4,\"name\":\"What we offer\"}]},{\"@type\":\"WebSite\",\"@id\":\"https:\/\/ak2024.ntalk.dev\/#website\",\"url\":\"https:\/\/ak2024.ntalk.dev\/\",\"name\":\"Achour &amp; Partners\",\"description\":\"\u010desk\u00e1 advok\u00e1tn\u00ed kancel\u00e1\u0159\",\"potentialAction\":[{\"@type\":\"SearchAction\",\"target\":{\"@type\":\"EntryPoint\",\"urlTemplate\":\"https:\/\/ak2024.ntalk.dev\/?s={search_term_string}\"},\"query-input\":{\"@type\":\"PropertyValueSpecification\",\"valueRequired\":true,\"valueName\":\"search_term_string\"}}],\"inLanguage\":\"en-US\"}]}<\/script>\n<!-- \/ Yoast SEO plugin. -->","yoast_head_json":{"title":"What we offer - Achour &amp; Partners","robots":{"index":"noindex","follow":"follow","max-snippet":"max-snippet:-1","max-image-preview":"max-image-preview:large","max-video-preview":"max-video-preview:-1"},"og_locale":"en_US","og_type":"article","og_title":"What we offer - Achour &amp; Partners","og_description":"We offer talented lawyers the chance to take part in significant transactions, to improve their expertise, to improve themselves, and after a certain time to become a partner in our office. We endeavour to provide the members of our team with the very best conditions for their onward education and the acquisition of practical experience, [&hellip;]","og_url":"https:\/\/ak2024.ntalk.dev\/kariera\/advokatni-koncipienti\/co-nabizime\/","og_site_name":"Achour &amp; Partners","article_modified_time":"2021-10-15T08:32:29+00:00","og_image":[{"width":600,"height":600,"url":"https:\/\/ak2024.ntalk.dev\/wp-content\/uploads\/2021\/06\/greenblue.png","type":"image\/png"}],"twitter_card":"summary_large_image","twitter_misc":{"Est. reading time":"1 minute"},"schema":{"@context":"https:\/\/schema.org","@graph":[{"@type":"WebPage","@id":"https:\/\/ak2024.ntalk.dev\/kariera\/advokatni-koncipienti\/co-nabizime\/","url":"https:\/\/ak2024.ntalk.dev\/kariera\/advokatni-koncipienti\/co-nabizime\/","name":"What we offer - Achour &amp; Partners","isPartOf":{"@id":"https:\/\/ak2024.ntalk.dev\/#website"},"primaryImageOfPage":{"@id":"https:\/\/ak2024.ntalk.dev\/kariera\/advokatni-koncipienti\/co-nabizime\/#primaryimage"},"image":{"@id":"https:\/\/ak2024.ntalk.dev\/kariera\/advokatni-koncipienti\/co-nabizime\/#primaryimage"},"thumbnailUrl":"https:\/\/ak2024.ntalk.dev\/wp-content\/uploads\/2021\/06\/greenblue.png","datePublished":"2021-05-24T07:37:51+00:00","dateModified":"2021-10-15T08:32:29+00:00","breadcrumb":{"@id":"https:\/\/ak2024.ntalk.dev\/kariera\/advokatni-koncipienti\/co-nabizime\/#breadcrumb"},"inLanguage":"en-US","potentialAction":[{"@type":"ReadAction","target":["https:\/\/ak2024.ntalk.dev\/kariera\/advokatni-koncipienti\/co-nabizime\/"]}]},{"@type":"ImageObject","inLanguage":"en-US","@id":"https:\/\/ak2024.ntalk.dev\/kariera\/advokatni-koncipienti\/co-nabizime\/#primaryimage","url":"https:\/\/ak2024.ntalk.dev\/wp-content\/uploads\/2021\/06\/greenblue.png","contentUrl":"https:\/\/ak2024.ntalk.dev\/wp-content\/uploads\/2021\/06\/greenblue.png","width":600,"height":600},{"@type":"BreadcrumbList","@id":"https:\/\/ak2024.ntalk.dev\/kariera\/advokatni-koncipienti\/co-nabizime\/#breadcrumb","itemListElement":[{"@type":"ListItem","position":1,"name":"Dom\u016f","item":"https:\/\/ak2024.ntalk.dev\/"},{"@type":"ListItem","position":2,"name":"Career","item":"https:\/\/ak2024.ntalk.dev\/kariera\/"},{"@type":"ListItem","position":3,"name":"Trainee Lawyers","item":"https:\/\/ak2024.ntalk.dev\/kariera\/advokatni-koncipienti\/"},{"@type":"ListItem","position":4,"name":"What we offer"}]},{"@type":"WebSite","@id":"https:\/\/ak2024.ntalk.dev\/#website","url":"https:\/\/ak2024.ntalk.dev\/","name":"Achour &amp; Partners","description":"\u010desk\u00e1 advok\u00e1tn\u00ed kancel\u00e1\u0159","potentialAction":[{"@type":"SearchAction","target":{"@type":"EntryPoint","urlTemplate":"https:\/\/ak2024.ntalk.dev\/?s={search_term_string}"},"query-input":{"@type":"PropertyValueSpecification","valueRequired":true,"valueName":"search_term_string"}}],"inLanguage":"en-US"}]}},"_links":{"self":[{"href":"https:\/\/ak2024.ntalk.dev\/en\/wp-json\/wp\/v2\/pages\/2003","targetHints":{"allow":["GET"]}}],"collection":[{"href":"https:\/\/ak2024.ntalk.dev\/en\/wp-json\/wp\/v2\/pages"}],"about":[{"href":"https:\/\/ak2024.ntalk.dev\/en\/wp-json\/wp\/v2\/types\/page"}],"author":[{"embeddable":true,"href":"https:\/\/ak2024.ntalk.dev\/en\/wp-json\/wp\/v2\/users\/1"}],"replies":[{"embeddable":true,"href":"https:\/\/ak2024.ntalk.dev\/en\/wp-json\/wp\/v2\/comments?post=2003"}],"version-history":[{"count":1,"href":"https:\/\/ak2024.ntalk.dev\/en\/wp-json\/wp\/v2\/pages\/2003\/revisions"}],"predecessor-version":[{"id":2005,"href":"https:\/\/ak2024.ntalk.dev\/en\/wp-json\/wp\/v2\/pages\/2003\/revisions\/2005"}],"up":[{"embeddable":true,"href":"https:\/\/ak2024.ntalk.dev\/en\/wp-json\/wp\/v2\/pages\/1991"}],"wp:featuredmedia":[{"embeddable":true,"href":"https:\/\/ak2024.ntalk.dev\/en\/wp-json\/wp\/v2\/media\/1689"}],"wp:attachment":[{"href":"https:\/\/ak2024.ntalk.dev\/en\/wp-json\/wp\/v2\/media?parent=2003"}],"wp:term":[{"taxonomy":"pravni-oblast","embeddable":true,"href":"https:\/\/ak2024.ntalk.dev\/en\/wp-json\/wp\/v2\/pravni-oblast?post=2003"}],"curies":[{"name":"wp","href":"https:\/\/api.w.org\/{rel}","templated":true}]}}