{"id":2000,"date":"2021-05-24T09:37:08","date_gmt":"2021-05-24T07:37:08","guid":{"rendered":"https:\/\/ak2024.ntalk.dev\/career\/trainee-solicitors\/jak-pracujeme\/"},"modified":"2021-10-12T16:24:25","modified_gmt":"2021-10-12T14:24:25","slug":"how-we-work","status":"publish","type":"page","link":"https:\/\/ak2024.ntalk.dev\/en\/career\/trainee-lawyers\/how-we-work\/","title":{"rendered":"How we work"},"content":{"rendered":"\n<div class=\"wp-block-columns is-layout-flex wp-container-core-columns-is-layout-28f84493 wp-block-columns-is-layout-flex\">\n<div class=\"wp-block-column is-layout-flow wp-block-column-is-layout-flow\">\n<p>We work intensively, passionately, and with overwhelming enthusiasm for law, in particular when dealing with complex legal issues. We explain complicated matters simply so that our client is able to understand the essence of the complex legal problem within a few short moments.<\/p>\n\n\n\n<p>In spite of having a strong academic background and working with leading academic experts, our legalese is not academic at all, purely practical and understandable. Our legal opinions analyse the legal issue at hand so that the client invariably takes added value from them. We analyse legal issues from different angles and look for safe and pragmatic solutions that are based on our own experience of domestic and international transactions. We endeavour to make sure that the expert output from the office is of the highest possible standard. We keep an eye on the latest trends in various aspects of law, we discuss legal topics in-house and try to analyse the approaches of law from abroad in dealing with issues, foreign decision-making practice included.<\/p>\n\n\n\n<p>It is important to us that our colleagues see that our work is part of broader contexts and aspects, that our clients pursue their own economic objectives, and that every transaction has further contexts and impacts &#8211; tax, accounting, etc.&nbsp;<\/p>\n\n\n\n<p>Our trainee lawyers are not under the pressure of a precisely-set number of hours or the need to spend all of their time at the office. We respect the principles of the work-life balance and try to take an individual approach to everyone in line with his or her specific needs.<\/p>\n<\/div>\n\n\n\n<div class=\"wp-block-column is-layout-flow wp-block-column-is-layout-flow\">\n<figure class=\"wp-block-image size-full\"><img fetchpriority=\"high\" decoding=\"async\" width=\"1000\" height=\"1000\" src=\"https:\/\/ak2024.ntalk.dev\/wp-content\/uploads\/2021\/08\/jak-pracujeme.jpg\" alt=\"\" class=\"wp-image-1345\" srcset=\"https:\/\/ak2024.ntalk.dev\/wp-content\/uploads\/2021\/08\/jak-pracujeme.jpg 1000w, https:\/\/ak2024.ntalk.dev\/wp-content\/uploads\/2021\/08\/jak-pracujeme-640x640.jpg 640w, https:\/\/ak2024.ntalk.dev\/wp-content\/uploads\/2021\/08\/jak-pracujeme-768x768.jpg 768w\" sizes=\"(max-width: 1000px) 100vw, 1000px\" \/><\/figure>\n<\/div>\n<\/div>\n","protected":false},"excerpt":{"rendered":"<p>We work intensively, passionately, and with overwhelming enthusiasm for law, in particular when dealing with complex legal issues. We explain complicated matters simply so that our client is able to understand the essence of the complex legal problem within a few short moments. In spite of having a strong academic background and working with leading [&hellip;]<\/p>\n","protected":false},"author":1,"featured_media":2001,"parent":1991,"menu_order":20,"comment_status":"closed","ping_status":"closed","template":"","meta":{"footnotes":""},"pravni-oblast":[],"class_list":["post-2000","page","type-page","status-publish","has-post-thumbnail","hentry"],"yoast_head":"<!-- This site is optimized with the Yoast SEO plugin v25.4 - https:\/\/yoast.com\/wordpress\/plugins\/seo\/ -->\n<title>How we work - Achour &amp; Partners<\/title>\n<meta name=\"robots\" content=\"noindex, follow, max-snippet:-1, max-image-preview:large, max-video-preview:-1\" \/>\n<meta property=\"og:locale\" content=\"en_US\" \/>\n<meta property=\"og:type\" content=\"article\" \/>\n<meta property=\"og:title\" content=\"How we work - Achour &amp; Partners\" \/>\n<meta property=\"og:description\" content=\"We work intensively, passionately, and with overwhelming enthusiasm for law, in particular when dealing with complex legal issues. We explain complicated matters simply so that our client is able to understand the essence of the complex legal problem within a few short moments. In spite of having a strong academic background and working with leading [&hellip;]\" \/>\n<meta property=\"og:url\" content=\"https:\/\/ak2024.ntalk.dev\/kariera\/advokatni-koncipienti\/jak-pracujeme\/\" \/>\n<meta property=\"og:site_name\" content=\"Achour &amp; Partners\" \/>\n<meta property=\"article:modified_time\" content=\"2021-10-12T14:24:25+00:00\" \/>\n<meta property=\"og:image\" content=\"https:\/\/ak2024.ntalk.dev\/wp-content\/uploads\/2021\/05\/jak-pracujeme.jpg\" \/>\n\t<meta property=\"og:image:width\" content=\"600\" \/>\n\t<meta property=\"og:image:height\" content=\"600\" \/>\n\t<meta property=\"og:image:type\" content=\"image\/jpeg\" \/>\n<meta name=\"twitter:card\" content=\"summary_large_image\" \/>\n<meta name=\"twitter:label1\" content=\"Est. reading time\" \/>\n\t<meta name=\"twitter:data1\" content=\"1 minute\" \/>\n<script type=\"application\/ld+json\" class=\"yoast-schema-graph\">{\"@context\":\"https:\/\/schema.org\",\"@graph\":[{\"@type\":\"WebPage\",\"@id\":\"https:\/\/ak2024.ntalk.dev\/kariera\/advokatni-koncipienti\/jak-pracujeme\/\",\"url\":\"https:\/\/ak2024.ntalk.dev\/kariera\/advokatni-koncipienti\/jak-pracujeme\/\",\"name\":\"How we work - Achour &amp; Partners\",\"isPartOf\":{\"@id\":\"https:\/\/ak2024.ntalk.dev\/#website\"},\"primaryImageOfPage\":{\"@id\":\"https:\/\/ak2024.ntalk.dev\/kariera\/advokatni-koncipienti\/jak-pracujeme\/#primaryimage\"},\"image\":{\"@id\":\"https:\/\/ak2024.ntalk.dev\/kariera\/advokatni-koncipienti\/jak-pracujeme\/#primaryimage\"},\"thumbnailUrl\":\"https:\/\/ak2024.ntalk.dev\/wp-content\/uploads\/2021\/05\/jak-pracujeme.jpg\",\"datePublished\":\"2021-05-24T07:37:08+00:00\",\"dateModified\":\"2021-10-12T14:24:25+00:00\",\"breadcrumb\":{\"@id\":\"https:\/\/ak2024.ntalk.dev\/kariera\/advokatni-koncipienti\/jak-pracujeme\/#breadcrumb\"},\"inLanguage\":\"en-US\",\"potentialAction\":[{\"@type\":\"ReadAction\",\"target\":[\"https:\/\/ak2024.ntalk.dev\/kariera\/advokatni-koncipienti\/jak-pracujeme\/\"]}]},{\"@type\":\"ImageObject\",\"inLanguage\":\"en-US\",\"@id\":\"https:\/\/ak2024.ntalk.dev\/kariera\/advokatni-koncipienti\/jak-pracujeme\/#primaryimage\",\"url\":\"https:\/\/ak2024.ntalk.dev\/wp-content\/uploads\/2021\/05\/jak-pracujeme.jpg\",\"contentUrl\":\"https:\/\/ak2024.ntalk.dev\/wp-content\/uploads\/2021\/05\/jak-pracujeme.jpg\",\"width\":600,\"height\":600},{\"@type\":\"BreadcrumbList\",\"@id\":\"https:\/\/ak2024.ntalk.dev\/kariera\/advokatni-koncipienti\/jak-pracujeme\/#breadcrumb\",\"itemListElement\":[{\"@type\":\"ListItem\",\"position\":1,\"name\":\"Dom\u016f\",\"item\":\"https:\/\/ak2024.ntalk.dev\/\"},{\"@type\":\"ListItem\",\"position\":2,\"name\":\"Career\",\"item\":\"https:\/\/ak2024.ntalk.dev\/kariera\/\"},{\"@type\":\"ListItem\",\"position\":3,\"name\":\"Trainee Lawyers\",\"item\":\"https:\/\/ak2024.ntalk.dev\/kariera\/advokatni-koncipienti\/\"},{\"@type\":\"ListItem\",\"position\":4,\"name\":\"How we work\"}]},{\"@type\":\"WebSite\",\"@id\":\"https:\/\/ak2024.ntalk.dev\/#website\",\"url\":\"https:\/\/ak2024.ntalk.dev\/\",\"name\":\"Achour &amp; Partners\",\"description\":\"\u010desk\u00e1 advok\u00e1tn\u00ed kancel\u00e1\u0159\",\"potentialAction\":[{\"@type\":\"SearchAction\",\"target\":{\"@type\":\"EntryPoint\",\"urlTemplate\":\"https:\/\/ak2024.ntalk.dev\/?s={search_term_string}\"},\"query-input\":{\"@type\":\"PropertyValueSpecification\",\"valueRequired\":true,\"valueName\":\"search_term_string\"}}],\"inLanguage\":\"en-US\"}]}<\/script>\n<!-- \/ Yoast SEO plugin. -->","yoast_head_json":{"title":"How we work - Achour &amp; Partners","robots":{"index":"noindex","follow":"follow","max-snippet":"max-snippet:-1","max-image-preview":"max-image-preview:large","max-video-preview":"max-video-preview:-1"},"og_locale":"en_US","og_type":"article","og_title":"How we work - Achour &amp; Partners","og_description":"We work intensively, passionately, and with overwhelming enthusiasm for law, in particular when dealing with complex legal issues. We explain complicated matters simply so that our client is able to understand the essence of the complex legal problem within a few short moments. In spite of having a strong academic background and working with leading [&hellip;]","og_url":"https:\/\/ak2024.ntalk.dev\/kariera\/advokatni-koncipienti\/jak-pracujeme\/","og_site_name":"Achour &amp; Partners","article_modified_time":"2021-10-12T14:24:25+00:00","og_image":[{"width":600,"height":600,"url":"https:\/\/ak2024.ntalk.dev\/wp-content\/uploads\/2021\/05\/jak-pracujeme.jpg","type":"image\/jpeg"}],"twitter_card":"summary_large_image","twitter_misc":{"Est. reading time":"1 minute"},"schema":{"@context":"https:\/\/schema.org","@graph":[{"@type":"WebPage","@id":"https:\/\/ak2024.ntalk.dev\/kariera\/advokatni-koncipienti\/jak-pracujeme\/","url":"https:\/\/ak2024.ntalk.dev\/kariera\/advokatni-koncipienti\/jak-pracujeme\/","name":"How we work - Achour &amp; Partners","isPartOf":{"@id":"https:\/\/ak2024.ntalk.dev\/#website"},"primaryImageOfPage":{"@id":"https:\/\/ak2024.ntalk.dev\/kariera\/advokatni-koncipienti\/jak-pracujeme\/#primaryimage"},"image":{"@id":"https:\/\/ak2024.ntalk.dev\/kariera\/advokatni-koncipienti\/jak-pracujeme\/#primaryimage"},"thumbnailUrl":"https:\/\/ak2024.ntalk.dev\/wp-content\/uploads\/2021\/05\/jak-pracujeme.jpg","datePublished":"2021-05-24T07:37:08+00:00","dateModified":"2021-10-12T14:24:25+00:00","breadcrumb":{"@id":"https:\/\/ak2024.ntalk.dev\/kariera\/advokatni-koncipienti\/jak-pracujeme\/#breadcrumb"},"inLanguage":"en-US","potentialAction":[{"@type":"ReadAction","target":["https:\/\/ak2024.ntalk.dev\/kariera\/advokatni-koncipienti\/jak-pracujeme\/"]}]},{"@type":"ImageObject","inLanguage":"en-US","@id":"https:\/\/ak2024.ntalk.dev\/kariera\/advokatni-koncipienti\/jak-pracujeme\/#primaryimage","url":"https:\/\/ak2024.ntalk.dev\/wp-content\/uploads\/2021\/05\/jak-pracujeme.jpg","contentUrl":"https:\/\/ak2024.ntalk.dev\/wp-content\/uploads\/2021\/05\/jak-pracujeme.jpg","width":600,"height":600},{"@type":"BreadcrumbList","@id":"https:\/\/ak2024.ntalk.dev\/kariera\/advokatni-koncipienti\/jak-pracujeme\/#breadcrumb","itemListElement":[{"@type":"ListItem","position":1,"name":"Dom\u016f","item":"https:\/\/ak2024.ntalk.dev\/"},{"@type":"ListItem","position":2,"name":"Career","item":"https:\/\/ak2024.ntalk.dev\/kariera\/"},{"@type":"ListItem","position":3,"name":"Trainee Lawyers","item":"https:\/\/ak2024.ntalk.dev\/kariera\/advokatni-koncipienti\/"},{"@type":"ListItem","position":4,"name":"How we work"}]},{"@type":"WebSite","@id":"https:\/\/ak2024.ntalk.dev\/#website","url":"https:\/\/ak2024.ntalk.dev\/","name":"Achour &amp; Partners","description":"\u010desk\u00e1 advok\u00e1tn\u00ed kancel\u00e1\u0159","potentialAction":[{"@type":"SearchAction","target":{"@type":"EntryPoint","urlTemplate":"https:\/\/ak2024.ntalk.dev\/?s={search_term_string}"},"query-input":{"@type":"PropertyValueSpecification","valueRequired":true,"valueName":"search_term_string"}}],"inLanguage":"en-US"}]}},"_links":{"self":[{"href":"https:\/\/ak2024.ntalk.dev\/en\/wp-json\/wp\/v2\/pages\/2000","targetHints":{"allow":["GET"]}}],"collection":[{"href":"https:\/\/ak2024.ntalk.dev\/en\/wp-json\/wp\/v2\/pages"}],"about":[{"href":"https:\/\/ak2024.ntalk.dev\/en\/wp-json\/wp\/v2\/types\/page"}],"author":[{"embeddable":true,"href":"https:\/\/ak2024.ntalk.dev\/en\/wp-json\/wp\/v2\/users\/1"}],"replies":[{"embeddable":true,"href":"https:\/\/ak2024.ntalk.dev\/en\/wp-json\/wp\/v2\/comments?post=2000"}],"version-history":[{"count":1,"href":"https:\/\/ak2024.ntalk.dev\/en\/wp-json\/wp\/v2\/pages\/2000\/revisions"}],"predecessor-version":[{"id":2002,"href":"https:\/\/ak2024.ntalk.dev\/en\/wp-json\/wp\/v2\/pages\/2000\/revisions\/2002"}],"up":[{"embeddable":true,"href":"https:\/\/ak2024.ntalk.dev\/en\/wp-json\/wp\/v2\/pages\/1991"}],"wp:featuredmedia":[{"embeddable":true,"href":"https:\/\/ak2024.ntalk.dev\/en\/wp-json\/wp\/v2\/media\/2001"}],"wp:attachment":[{"href":"https:\/\/ak2024.ntalk.dev\/en\/wp-json\/wp\/v2\/media?parent=2000"}],"wp:term":[{"taxonomy":"pravni-oblast","embeddable":true,"href":"https:\/\/ak2024.ntalk.dev\/en\/wp-json\/wp\/v2\/pravni-oblast?post=2000"}],"curies":[{"name":"wp","href":"https:\/\/api.w.org\/{rel}","templated":true}]}}