{"id":1991,"date":"2021-05-21T11:13:15","date_gmt":"2021-05-21T09:13:15","guid":{"rendered":"https:\/\/ak2024.ntalk.dev\/career\/advokatni-koncipienti\/"},"modified":"2021-10-14T15:14:14","modified_gmt":"2021-10-14T13:14:14","slug":"trainee-lawyers","status":"publish","type":"page","link":"https:\/\/ak2024.ntalk.dev\/en\/career\/trainee-lawyers\/","title":{"rendered":"Trainee Lawyers"},"content":{"rendered":"<div class=\"wpv-view-output\" data-toolset-views-view-editor=\"062a7f0d6179d61af4a8877cbcc75f6f\">\n<div class=\"wp-block-toolset-views-view-editor wpv-gutenberg-view-wrapper-757\">\n\n\n<div id=\"wpv-view-layout-757-TCPID1991CPID1991\" class=\"js-wpv-view-layout js-wpv-layout-responsive js-wpv-view-layout-757-TCPID1991CPID1991\" data-viewnumber=\"757-TCPID1991CPID1991\" data-pagination=\"{&quot;id&quot;:757,&quot;query&quot;:&quot;normal&quot;,&quot;type&quot;:&quot;disabled&quot;,&quot;effect&quot;:&quot;fade&quot;,&quot;duration&quot;:500,&quot;speed&quot;:5,&quot;pause_on_hover&quot;:&quot;disabled&quot;,&quot;stop_rollover&quot;:&quot;false&quot;,&quot;cache_pages&quot;:&quot;enabled&quot;,&quot;preload_images&quot;:&quot;enabled&quot;,&quot;preload_pages&quot;:&quot;enabled&quot;,&quot;preload_reach&quot;:1,&quot;spinner&quot;:&quot;builtin&quot;,&quot;spinner_image&quot;:&quot;https:\/\/ak2024.ntalk.dev\/wp-content\/plugins\/wp-views\/embedded\/res\/img\/ajax-loader.gif&quot;,&quot;callback_next&quot;:&quot;&quot;,&quot;manage_history&quot;:&quot;enabled&quot;,&quot;has_controls_in_form&quot;:&quot;disabled&quot;,&quot;infinite_tolerance&quot;:&quot;0&quot;,&quot;max_pages&quot;:0,&quot;page&quot;:1,&quot;base_permalink&quot;:&quot;\/en\/wp-json\/wp\/v2\/pages\/1991?wpv_view_count=757-TCPID1991CPID1991&amp;wpv_paged=WPV_PAGE_NUM&quot;,&quot;loop&quot;:{&quot;type&quot;:&quot;&quot;,&quot;name&quot;:&quot;&quot;,&quot;data&quot;:[],&quot;id&quot;:0}}\" data-permalink=\"\/en\/wp-json\/wp\/v2\/pages\/1991?wpv_view_count=757-TCPID1991CPID1991\">\n\n\t\n<div class=\"grid-x grid-padding-x grid-padding-y\">\n\t\n\n\t\t\n\n\t\t\t\n          <div class=\"cell medium-6 large-4\">\n            <div class=\"onas-subpage\">\n              <a href=\"https:\/\/ak2024.ntalk.dev\/en\/career\/trainee-lawyers\/who-we-are-looking-for\/\"><img decoding=\"async\" src=\"https:\/\/ak2024.ntalk.dev\/wp-content\/uploads\/2021\/05\/koho-hledame-wpv_600x600_center_center.jpg\"><div class=\"img-hover\"><\/div><div class=\"box-title\"><span>Who we are looking for<\/span><p><\/p><\/div><\/a>\n            <\/div>\n          <\/div>\n          \n\n          \n\t\t\n\n\t\t\t\n          <div class=\"cell medium-6 large-4\">\n            <div class=\"onas-subpage\">\n              <a href=\"https:\/\/ak2024.ntalk.dev\/en\/career\/trainee-lawyers\/profile\/\"><img decoding=\"async\" src=\"https:\/\/ak2024.ntalk.dev\/wp-content\/uploads\/2021\/06\/cool-blue-wpv_600x600_center_center.png\"><div class=\"img-hover\"><\/div><div class=\"box-title\"><span>Profile<\/span><p>Our trainee lawyers provide legal advice in multiple areas. We are talking here of a broad spectrum of legal advice for our clients, including matters such a mergers and acquisitions, project financing, building developments and infrastructure projects, intellectual property, and judicial disputes.<\/p><\/div>\n              <svg aria-hidden=\"true\" focusable=\"false\" data-prefix=\"fal\" data-icon=\"long-arrow-right\" class=\"svg-inline--fa fa-long-arrow-right fa-w-14\" role=\"img\" xmlns=\"http:\/\/www.w3.org\/2000\/svg\" viewBox=\"0 0 448 512\"><path fill=\"currentColor\" d=\"M311.03 131.515l-7.071 7.07c-4.686 4.686-4.686 12.284 0 16.971L387.887 239H12c-6.627 0-12 5.373-12 12v10c0 6.627 5.373 12 12 12h375.887l-83.928 83.444c-4.686 4.686-4.686 12.284 0 16.971l7.071 7.07c4.686 4.686 12.284 4.686 16.97 0l116.485-116c4.686-4.686 4.686-12.284 0-16.971L328 131.515c-4.686-4.687-12.284-4.687-16.97 0z\"><\/path><\/svg>\n              <\/a>\n            <\/div>\n          <\/div>\n          \n\n          \n\t\t\n\n\t\t\t\n          <div class=\"cell medium-6 large-4\">\n            <div class=\"onas-subpage\">\n              <a href=\"https:\/\/ak2024.ntalk.dev\/en\/career\/trainee-lawyers\/how-we-work\/\"><img decoding=\"async\" src=\"https:\/\/ak2024.ntalk.dev\/wp-content\/uploads\/2021\/05\/jak-pracujeme-wpv_600x600_center_center.jpg\"><div class=\"img-hover\"><\/div><div class=\"box-title\"><span>How we work<\/span><p><\/p><\/div><\/a>\n            <\/div>\n          <\/div>\n          \n\n          \n\t\t\n\n\t\t\t\n          <div class=\"cell medium-6 large-4\">\n            <div class=\"onas-subpage\">\n              <a href=\"https:\/\/ak2024.ntalk.dev\/en\/career\/trainee-lawyers\/what-we-offer\/\"><img decoding=\"async\" src=\"https:\/\/ak2024.ntalk.dev\/wp-content\/uploads\/2021\/06\/greenblue-wpv_600x600_center_center.png\"><div class=\"img-hover\"><\/div><div class=\"box-title\"><span>What we offer<\/span><p>We offer talented lawyers the chance to take part in significant transactions, to improve their expertise, to improve themselves, and after a certain time to become a partner in our office.<\/p><\/div>\n              <svg aria-hidden=\"true\" focusable=\"false\" data-prefix=\"fal\" data-icon=\"long-arrow-right\" class=\"svg-inline--fa fa-long-arrow-right fa-w-14\" role=\"img\" xmlns=\"http:\/\/www.w3.org\/2000\/svg\" viewBox=\"0 0 448 512\"><path fill=\"currentColor\" d=\"M311.03 131.515l-7.071 7.07c-4.686 4.686-4.686 12.284 0 16.971L387.887 239H12c-6.627 0-12 5.373-12 12v10c0 6.627 5.373 12 12 12h375.887l-83.928 83.444c-4.686 4.686-4.686 12.284 0 16.971l7.071 7.07c4.686 4.686 12.284 4.686 16.97 0l116.485-116c4.686-4.686 4.686-12.284 0-16.971L328 131.515c-4.686-4.687-12.284-4.687-16.97 0z\"><\/path><\/svg>\n              <\/a>\n            <\/div>\n          <\/div>\n          \n\n          \n\t\t\n\n\t\t\t\n          <div class=\"cell medium-6 large-4\">\n            <div class=\"onas-subpage\">\n              <a href=\"https:\/\/ak2024.ntalk.dev\/en\/career\/trainee-lawyers\/sharing-know-how\/\"><img decoding=\"async\" src=\"https:\/\/ak2024.ntalk.dev\/wp-content\/uploads\/2021\/09\/ACHOUR-AND-PARTNERS_09_2021_-8-scaled-e1633007906173-wpv_600x600_center_center.jpg\"><div class=\"img-hover\"><\/div><div class=\"box-title\"><span>Sharing Know-How<\/span><p><\/p><\/div><\/a>\n            <\/div>\n          <\/div>\n          \n\n          \n\t\t\n\n\t\t\t\n          <div class=\"cell medium-6 large-4\">\n            <div class=\"onas-subpage\">\n              <a href=\"https:\/\/ak2024.ntalk.dev\/en\/career\/trainee-lawyers\/professional-growth\/\"><img decoding=\"async\" src=\"https:\/\/ak2024.ntalk.dev\/wp-content\/uploads\/2021\/06\/darkblue-wpv_600x600_center_center.png\"><div class=\"img-hover\"><\/div><div class=\"box-title\"><span>Professional Growth<\/span><p>We stress continual professional and personal development and systematic development, as well as the gathering of practical experience. We develop our trainee lawyers\u2019 fundamental skills, in particular the ability to participate in the creation of legal documents and the analysis of legal problems.<\/p><\/div>\n              <svg aria-hidden=\"true\" focusable=\"false\" data-prefix=\"fal\" data-icon=\"long-arrow-right\" class=\"svg-inline--fa fa-long-arrow-right fa-w-14\" role=\"img\" xmlns=\"http:\/\/www.w3.org\/2000\/svg\" viewBox=\"0 0 448 512\"><path fill=\"currentColor\" d=\"M311.03 131.515l-7.071 7.07c-4.686 4.686-4.686 12.284 0 16.971L387.887 239H12c-6.627 0-12 5.373-12 12v10c0 6.627 5.373 12 12 12h375.887l-83.928 83.444c-4.686 4.686-4.686 12.284 0 16.971l7.071 7.07c4.686 4.686 12.284 4.686 16.97 0l116.485-116c4.686-4.686 4.686-12.284 0-16.971L328 131.515c-4.686-4.687-12.284-4.687-16.97 0z\"><\/path><\/svg>\n              <\/a>\n            <\/div>\n          <\/div>\n          \n\n          \n\t\t\n\t\n<\/div>\n\t\n\t\n<\/div><\/div>\n<\/div>","protected":false},"excerpt":{"rendered":"","protected":false},"author":1,"featured_media":1841,"parent":1975,"menu_order":10,"comment_status":"closed","ping_status":"closed","template":"","meta":{"footnotes":""},"pravni-oblast":[],"class_list":["post-1991","page","type-page","status-publish","has-post-thumbnail","hentry"],"yoast_head":"<!-- This site is optimized with the Yoast SEO plugin v25.4 - https:\/\/yoast.com\/wordpress\/plugins\/seo\/ -->\n<title>Trainee Lawyers - Achour &amp; Partners<\/title>\n<meta name=\"robots\" content=\"noindex, follow, max-snippet:-1, max-image-preview:large, max-video-preview:-1\" \/>\n<meta property=\"og:locale\" content=\"en_US\" \/>\n<meta property=\"og:type\" content=\"article\" \/>\n<meta property=\"og:title\" content=\"Trainee Lawyers - Achour &amp; Partners\" \/>\n<meta property=\"og:url\" content=\"https:\/\/ak2024.ntalk.dev\/kariera\/advokatni-koncipienti\/\" \/>\n<meta property=\"og:site_name\" content=\"Achour &amp; Partners\" \/>\n<meta property=\"article:modified_time\" content=\"2021-10-14T13:14:14+00:00\" \/>\n<meta property=\"og:image\" content=\"https:\/\/ak2024.ntalk.dev\/wp-content\/uploads\/2021\/09\/ACHOUR-AND-PARTNERS_09_2021_-9-scaled.jpg\" \/>\n\t<meta property=\"og:image:width\" content=\"2560\" \/>\n\t<meta property=\"og:image:height\" content=\"1707\" \/>\n\t<meta property=\"og:image:type\" content=\"image\/jpeg\" \/>\n<meta name=\"twitter:card\" content=\"summary_large_image\" \/>\n<script type=\"application\/ld+json\" class=\"yoast-schema-graph\">{\"@context\":\"https:\/\/schema.org\",\"@graph\":[{\"@type\":\"WebPage\",\"@id\":\"https:\/\/ak2024.ntalk.dev\/kariera\/advokatni-koncipienti\/\",\"url\":\"https:\/\/ak2024.ntalk.dev\/kariera\/advokatni-koncipienti\/\",\"name\":\"Trainee Lawyers - Achour &amp; Partners\",\"isPartOf\":{\"@id\":\"https:\/\/ak2024.ntalk.dev\/#website\"},\"primaryImageOfPage\":{\"@id\":\"https:\/\/ak2024.ntalk.dev\/kariera\/advokatni-koncipienti\/#primaryimage\"},\"image\":{\"@id\":\"https:\/\/ak2024.ntalk.dev\/kariera\/advokatni-koncipienti\/#primaryimage\"},\"thumbnailUrl\":\"https:\/\/ak2024.ntalk.dev\/wp-content\/uploads\/2021\/09\/ACHOUR-AND-PARTNERS_09_2021_-9-scaled.jpg\",\"datePublished\":\"2021-05-21T09:13:15+00:00\",\"dateModified\":\"2021-10-14T13:14:14+00:00\",\"breadcrumb\":{\"@id\":\"https:\/\/ak2024.ntalk.dev\/kariera\/advokatni-koncipienti\/#breadcrumb\"},\"inLanguage\":\"en-US\",\"potentialAction\":[{\"@type\":\"ReadAction\",\"target\":[\"https:\/\/ak2024.ntalk.dev\/kariera\/advokatni-koncipienti\/\"]}]},{\"@type\":\"ImageObject\",\"inLanguage\":\"en-US\",\"@id\":\"https:\/\/ak2024.ntalk.dev\/kariera\/advokatni-koncipienti\/#primaryimage\",\"url\":\"https:\/\/ak2024.ntalk.dev\/wp-content\/uploads\/2021\/09\/ACHOUR-AND-PARTNERS_09_2021_-9-scaled.jpg\",\"contentUrl\":\"https:\/\/ak2024.ntalk.dev\/wp-content\/uploads\/2021\/09\/ACHOUR-AND-PARTNERS_09_2021_-9-scaled.jpg\",\"width\":2560,\"height\":1707},{\"@type\":\"BreadcrumbList\",\"@id\":\"https:\/\/ak2024.ntalk.dev\/kariera\/advokatni-koncipienti\/#breadcrumb\",\"itemListElement\":[{\"@type\":\"ListItem\",\"position\":1,\"name\":\"Dom\u016f\",\"item\":\"https:\/\/ak2024.ntalk.dev\/\"},{\"@type\":\"ListItem\",\"position\":2,\"name\":\"Career\",\"item\":\"https:\/\/ak2024.ntalk.dev\/kariera\/\"},{\"@type\":\"ListItem\",\"position\":3,\"name\":\"Trainee Lawyers\"}]},{\"@type\":\"WebSite\",\"@id\":\"https:\/\/ak2024.ntalk.dev\/#website\",\"url\":\"https:\/\/ak2024.ntalk.dev\/\",\"name\":\"Achour &amp; Partners\",\"description\":\"\u010desk\u00e1 advok\u00e1tn\u00ed kancel\u00e1\u0159\",\"potentialAction\":[{\"@type\":\"SearchAction\",\"target\":{\"@type\":\"EntryPoint\",\"urlTemplate\":\"https:\/\/ak2024.ntalk.dev\/?s={search_term_string}\"},\"query-input\":{\"@type\":\"PropertyValueSpecification\",\"valueRequired\":true,\"valueName\":\"search_term_string\"}}],\"inLanguage\":\"en-US\"}]}<\/script>\n<!-- \/ Yoast SEO plugin. -->","yoast_head_json":{"title":"Trainee Lawyers - Achour &amp; Partners","robots":{"index":"noindex","follow":"follow","max-snippet":"max-snippet:-1","max-image-preview":"max-image-preview:large","max-video-preview":"max-video-preview:-1"},"og_locale":"en_US","og_type":"article","og_title":"Trainee Lawyers - Achour &amp; Partners","og_url":"https:\/\/ak2024.ntalk.dev\/kariera\/advokatni-koncipienti\/","og_site_name":"Achour &amp; Partners","article_modified_time":"2021-10-14T13:14:14+00:00","og_image":[{"width":2560,"height":1707,"url":"https:\/\/ak2024.ntalk.dev\/wp-content\/uploads\/2021\/09\/ACHOUR-AND-PARTNERS_09_2021_-9-scaled.jpg","type":"image\/jpeg"}],"twitter_card":"summary_large_image","schema":{"@context":"https:\/\/schema.org","@graph":[{"@type":"WebPage","@id":"https:\/\/ak2024.ntalk.dev\/kariera\/advokatni-koncipienti\/","url":"https:\/\/ak2024.ntalk.dev\/kariera\/advokatni-koncipienti\/","name":"Trainee Lawyers - Achour &amp; Partners","isPartOf":{"@id":"https:\/\/ak2024.ntalk.dev\/#website"},"primaryImageOfPage":{"@id":"https:\/\/ak2024.ntalk.dev\/kariera\/advokatni-koncipienti\/#primaryimage"},"image":{"@id":"https:\/\/ak2024.ntalk.dev\/kariera\/advokatni-koncipienti\/#primaryimage"},"thumbnailUrl":"https:\/\/ak2024.ntalk.dev\/wp-content\/uploads\/2021\/09\/ACHOUR-AND-PARTNERS_09_2021_-9-scaled.jpg","datePublished":"2021-05-21T09:13:15+00:00","dateModified":"2021-10-14T13:14:14+00:00","breadcrumb":{"@id":"https:\/\/ak2024.ntalk.dev\/kariera\/advokatni-koncipienti\/#breadcrumb"},"inLanguage":"en-US","potentialAction":[{"@type":"ReadAction","target":["https:\/\/ak2024.ntalk.dev\/kariera\/advokatni-koncipienti\/"]}]},{"@type":"ImageObject","inLanguage":"en-US","@id":"https:\/\/ak2024.ntalk.dev\/kariera\/advokatni-koncipienti\/#primaryimage","url":"https:\/\/ak2024.ntalk.dev\/wp-content\/uploads\/2021\/09\/ACHOUR-AND-PARTNERS_09_2021_-9-scaled.jpg","contentUrl":"https:\/\/ak2024.ntalk.dev\/wp-content\/uploads\/2021\/09\/ACHOUR-AND-PARTNERS_09_2021_-9-scaled.jpg","width":2560,"height":1707},{"@type":"BreadcrumbList","@id":"https:\/\/ak2024.ntalk.dev\/kariera\/advokatni-koncipienti\/#breadcrumb","itemListElement":[{"@type":"ListItem","position":1,"name":"Dom\u016f","item":"https:\/\/ak2024.ntalk.dev\/"},{"@type":"ListItem","position":2,"name":"Career","item":"https:\/\/ak2024.ntalk.dev\/kariera\/"},{"@type":"ListItem","position":3,"name":"Trainee Lawyers"}]},{"@type":"WebSite","@id":"https:\/\/ak2024.ntalk.dev\/#website","url":"https:\/\/ak2024.ntalk.dev\/","name":"Achour &amp; Partners","description":"\u010desk\u00e1 advok\u00e1tn\u00ed kancel\u00e1\u0159","potentialAction":[{"@type":"SearchAction","target":{"@type":"EntryPoint","urlTemplate":"https:\/\/ak2024.ntalk.dev\/?s={search_term_string}"},"query-input":{"@type":"PropertyValueSpecification","valueRequired":true,"valueName":"search_term_string"}}],"inLanguage":"en-US"}]}},"_links":{"self":[{"href":"https:\/\/ak2024.ntalk.dev\/en\/wp-json\/wp\/v2\/pages\/1991","targetHints":{"allow":["GET"]}}],"collection":[{"href":"https:\/\/ak2024.ntalk.dev\/en\/wp-json\/wp\/v2\/pages"}],"about":[{"href":"https:\/\/ak2024.ntalk.dev\/en\/wp-json\/wp\/v2\/types\/page"}],"author":[{"embeddable":true,"href":"https:\/\/ak2024.ntalk.dev\/en\/wp-json\/wp\/v2\/users\/1"}],"replies":[{"embeddable":true,"href":"https:\/\/ak2024.ntalk.dev\/en\/wp-json\/wp\/v2\/comments?post=1991"}],"version-history":[{"count":2,"href":"https:\/\/ak2024.ntalk.dev\/en\/wp-json\/wp\/v2\/pages\/1991\/revisions"}],"predecessor-version":[{"id":2552,"href":"https:\/\/ak2024.ntalk.dev\/en\/wp-json\/wp\/v2\/pages\/1991\/revisions\/2552"}],"up":[{"embeddable":true,"href":"https:\/\/ak2024.ntalk.dev\/en\/wp-json\/wp\/v2\/pages\/1975"}],"wp:featuredmedia":[{"embeddable":true,"href":"https:\/\/ak2024.ntalk.dev\/en\/wp-json\/wp\/v2\/media\/1841"}],"wp:attachment":[{"href":"https:\/\/ak2024.ntalk.dev\/en\/wp-json\/wp\/v2\/media?parent=1991"}],"wp:term":[{"taxonomy":"pravni-oblast","embeddable":true,"href":"https:\/\/ak2024.ntalk.dev\/en\/wp-json\/wp\/v2\/pravni-oblast?post=1991"}],"curies":[{"name":"wp","href":"https:\/\/api.w.org\/{rel}","templated":true}]}}