{"id":1983,"date":"2021-05-21T11:26:07","date_gmt":"2021-05-21T09:26:07","guid":{"rendered":"https:\/\/ak2024.ntalk.dev\/career\/kultura\/"},"modified":"2021-10-12T16:16:00","modified_gmt":"2021-10-12T14:16:00","slug":"culture","status":"publish","type":"page","link":"https:\/\/ak2024.ntalk.dev\/en\/career\/culture\/","title":{"rendered":"Culture"},"content":{"rendered":"\n<div class=\"wp-block-columns is-layout-flex wp-container-core-columns-is-layout-28f84493 wp-block-columns-is-layout-flex\">\n<div class=\"wp-block-column is-layout-flow wp-block-column-is-layout-flow\">\n<p>We took up the legal profession out of a passion for law and a fervour for the case. Our work culture centres around professionalism, loyalty, and the quality of what we do. We cultivate a collegial and friendly work environment with strong cooperation within the team, where we base ourselves on open and honest communication.<\/p>\n\n\n\n<p>Our in-house communication is informal, we call each other by first names, no academic titles involved, and we respect the principle of open doors. The work done by every member of the team is important, and we treat each other with great respect in line with this. We are aware that the aim is to solve the problem, and not stick to the hierarchy. We therefore regard seniority as merely a higher level of responsibility with respect to our colleagues and to the company in general; when dealing with a problem, we always opt for the best possible solution, regardless of who suggested that solution.<\/p>\n\n\n\n<p>We support a strong level of respect among colleagues and efforts to continually improve and grow ourselves, trust in ourselves and in other members of the team. Expressing trust and adopting an individual approach are among the key aspects of our internal corporate culture. We do not see our particular assignments in isolation &#8211; what is important to us is to be aware of the contexts and commercial interests of our clients. We respect and support different types of personality and work styles and cultivate space for the individual development of each member of the team. We see diversity in our team as added value for the company as a whole.<\/p>\n<\/div>\n\n\n\n<div class=\"wp-block-column is-layout-flow wp-block-column-is-layout-flow\">\n<figure class=\"wp-block-image size-full\"><img fetchpriority=\"high\" decoding=\"async\" width=\"640\" height=\"400\" src=\"https:\/\/ak2024.ntalk.dev\/wp-content\/uploads\/2021\/07\/kul.jpg\" alt=\"\" class=\"wp-image-1057\"\/><\/figure>\n<\/div>\n<\/div>\n","protected":false},"excerpt":{"rendered":"<p>We took up the legal profession out of a passion for law and a fervour for the case. Our work culture centres around professionalism, loyalty, and the quality of what we do. We cultivate a collegial and friendly work environment with strong cooperation within the team, where we base ourselves on open and honest communication. [&hellip;]<\/p>\n","protected":false},"author":1,"featured_media":1985,"parent":1975,"menu_order":40,"comment_status":"closed","ping_status":"closed","template":"","meta":{"footnotes":""},"pravni-oblast":[],"class_list":["post-1983","page","type-page","status-publish","has-post-thumbnail","hentry"],"yoast_head":"<!-- This site is optimized with the Yoast SEO plugin v25.4 - https:\/\/yoast.com\/wordpress\/plugins\/seo\/ -->\n<title>Culture - Achour &amp; Partners<\/title>\n<meta name=\"robots\" content=\"noindex, follow, max-snippet:-1, max-image-preview:large, max-video-preview:-1\" \/>\n<meta property=\"og:locale\" content=\"en_US\" \/>\n<meta property=\"og:type\" content=\"article\" \/>\n<meta property=\"og:title\" content=\"Culture - Achour &amp; Partners\" \/>\n<meta property=\"og:description\" content=\"We took up the legal profession out of a passion for law and a fervour for the case. Our work culture centres around professionalism, loyalty, and the quality of what we do. We cultivate a collegial and friendly work environment with strong cooperation within the team, where we base ourselves on open and honest communication. [&hellip;]\" \/>\n<meta property=\"og:url\" content=\"https:\/\/ak2024.ntalk.dev\/kariera\/kultura\/\" \/>\n<meta property=\"og:site_name\" content=\"Achour &amp; Partners\" \/>\n<meta property=\"article:modified_time\" content=\"2021-10-12T14:16:00+00:00\" \/>\n<meta property=\"og:image\" content=\"https:\/\/ak2024.ntalk.dev\/wp-content\/uploads\/2021\/07\/kultura.jpg\" \/>\n\t<meta property=\"og:image:width\" content=\"600\" \/>\n\t<meta property=\"og:image:height\" content=\"600\" \/>\n\t<meta property=\"og:image:type\" content=\"image\/jpeg\" \/>\n<meta name=\"twitter:card\" content=\"summary_large_image\" \/>\n<meta name=\"twitter:label1\" content=\"Est. reading time\" \/>\n\t<meta name=\"twitter:data1\" content=\"1 minute\" \/>\n<script type=\"application\/ld+json\" class=\"yoast-schema-graph\">{\"@context\":\"https:\/\/schema.org\",\"@graph\":[{\"@type\":\"WebPage\",\"@id\":\"https:\/\/ak2024.ntalk.dev\/kariera\/kultura\/\",\"url\":\"https:\/\/ak2024.ntalk.dev\/kariera\/kultura\/\",\"name\":\"Culture - Achour &amp; Partners\",\"isPartOf\":{\"@id\":\"https:\/\/ak2024.ntalk.dev\/#website\"},\"primaryImageOfPage\":{\"@id\":\"https:\/\/ak2024.ntalk.dev\/kariera\/kultura\/#primaryimage\"},\"image\":{\"@id\":\"https:\/\/ak2024.ntalk.dev\/kariera\/kultura\/#primaryimage\"},\"thumbnailUrl\":\"https:\/\/ak2024.ntalk.dev\/wp-content\/uploads\/2021\/07\/kultura.jpg\",\"datePublished\":\"2021-05-21T09:26:07+00:00\",\"dateModified\":\"2021-10-12T14:16:00+00:00\",\"breadcrumb\":{\"@id\":\"https:\/\/ak2024.ntalk.dev\/kariera\/kultura\/#breadcrumb\"},\"inLanguage\":\"en-US\",\"potentialAction\":[{\"@type\":\"ReadAction\",\"target\":[\"https:\/\/ak2024.ntalk.dev\/kariera\/kultura\/\"]}]},{\"@type\":\"ImageObject\",\"inLanguage\":\"en-US\",\"@id\":\"https:\/\/ak2024.ntalk.dev\/kariera\/kultura\/#primaryimage\",\"url\":\"https:\/\/ak2024.ntalk.dev\/wp-content\/uploads\/2021\/07\/kultura.jpg\",\"contentUrl\":\"https:\/\/ak2024.ntalk.dev\/wp-content\/uploads\/2021\/07\/kultura.jpg\",\"width\":600,\"height\":600},{\"@type\":\"BreadcrumbList\",\"@id\":\"https:\/\/ak2024.ntalk.dev\/kariera\/kultura\/#breadcrumb\",\"itemListElement\":[{\"@type\":\"ListItem\",\"position\":1,\"name\":\"Dom\u016f\",\"item\":\"https:\/\/ak2024.ntalk.dev\/\"},{\"@type\":\"ListItem\",\"position\":2,\"name\":\"Career\",\"item\":\"https:\/\/ak2024.ntalk.dev\/kariera\/\"},{\"@type\":\"ListItem\",\"position\":3,\"name\":\"Culture\"}]},{\"@type\":\"WebSite\",\"@id\":\"https:\/\/ak2024.ntalk.dev\/#website\",\"url\":\"https:\/\/ak2024.ntalk.dev\/\",\"name\":\"Achour &amp; Partners\",\"description\":\"\u010desk\u00e1 advok\u00e1tn\u00ed kancel\u00e1\u0159\",\"potentialAction\":[{\"@type\":\"SearchAction\",\"target\":{\"@type\":\"EntryPoint\",\"urlTemplate\":\"https:\/\/ak2024.ntalk.dev\/?s={search_term_string}\"},\"query-input\":{\"@type\":\"PropertyValueSpecification\",\"valueRequired\":true,\"valueName\":\"search_term_string\"}}],\"inLanguage\":\"en-US\"}]}<\/script>\n<!-- \/ Yoast SEO plugin. -->","yoast_head_json":{"title":"Culture - Achour &amp; Partners","robots":{"index":"noindex","follow":"follow","max-snippet":"max-snippet:-1","max-image-preview":"max-image-preview:large","max-video-preview":"max-video-preview:-1"},"og_locale":"en_US","og_type":"article","og_title":"Culture - Achour &amp; Partners","og_description":"We took up the legal profession out of a passion for law and a fervour for the case. Our work culture centres around professionalism, loyalty, and the quality of what we do. We cultivate a collegial and friendly work environment with strong cooperation within the team, where we base ourselves on open and honest communication. [&hellip;]","og_url":"https:\/\/ak2024.ntalk.dev\/kariera\/kultura\/","og_site_name":"Achour &amp; Partners","article_modified_time":"2021-10-12T14:16:00+00:00","og_image":[{"width":600,"height":600,"url":"https:\/\/ak2024.ntalk.dev\/wp-content\/uploads\/2021\/07\/kultura.jpg","type":"image\/jpeg"}],"twitter_card":"summary_large_image","twitter_misc":{"Est. reading time":"1 minute"},"schema":{"@context":"https:\/\/schema.org","@graph":[{"@type":"WebPage","@id":"https:\/\/ak2024.ntalk.dev\/kariera\/kultura\/","url":"https:\/\/ak2024.ntalk.dev\/kariera\/kultura\/","name":"Culture - Achour &amp; Partners","isPartOf":{"@id":"https:\/\/ak2024.ntalk.dev\/#website"},"primaryImageOfPage":{"@id":"https:\/\/ak2024.ntalk.dev\/kariera\/kultura\/#primaryimage"},"image":{"@id":"https:\/\/ak2024.ntalk.dev\/kariera\/kultura\/#primaryimage"},"thumbnailUrl":"https:\/\/ak2024.ntalk.dev\/wp-content\/uploads\/2021\/07\/kultura.jpg","datePublished":"2021-05-21T09:26:07+00:00","dateModified":"2021-10-12T14:16:00+00:00","breadcrumb":{"@id":"https:\/\/ak2024.ntalk.dev\/kariera\/kultura\/#breadcrumb"},"inLanguage":"en-US","potentialAction":[{"@type":"ReadAction","target":["https:\/\/ak2024.ntalk.dev\/kariera\/kultura\/"]}]},{"@type":"ImageObject","inLanguage":"en-US","@id":"https:\/\/ak2024.ntalk.dev\/kariera\/kultura\/#primaryimage","url":"https:\/\/ak2024.ntalk.dev\/wp-content\/uploads\/2021\/07\/kultura.jpg","contentUrl":"https:\/\/ak2024.ntalk.dev\/wp-content\/uploads\/2021\/07\/kultura.jpg","width":600,"height":600},{"@type":"BreadcrumbList","@id":"https:\/\/ak2024.ntalk.dev\/kariera\/kultura\/#breadcrumb","itemListElement":[{"@type":"ListItem","position":1,"name":"Dom\u016f","item":"https:\/\/ak2024.ntalk.dev\/"},{"@type":"ListItem","position":2,"name":"Career","item":"https:\/\/ak2024.ntalk.dev\/kariera\/"},{"@type":"ListItem","position":3,"name":"Culture"}]},{"@type":"WebSite","@id":"https:\/\/ak2024.ntalk.dev\/#website","url":"https:\/\/ak2024.ntalk.dev\/","name":"Achour &amp; Partners","description":"\u010desk\u00e1 advok\u00e1tn\u00ed kancel\u00e1\u0159","potentialAction":[{"@type":"SearchAction","target":{"@type":"EntryPoint","urlTemplate":"https:\/\/ak2024.ntalk.dev\/?s={search_term_string}"},"query-input":{"@type":"PropertyValueSpecification","valueRequired":true,"valueName":"search_term_string"}}],"inLanguage":"en-US"}]}},"_links":{"self":[{"href":"https:\/\/ak2024.ntalk.dev\/en\/wp-json\/wp\/v2\/pages\/1983","targetHints":{"allow":["GET"]}}],"collection":[{"href":"https:\/\/ak2024.ntalk.dev\/en\/wp-json\/wp\/v2\/pages"}],"about":[{"href":"https:\/\/ak2024.ntalk.dev\/en\/wp-json\/wp\/v2\/types\/page"}],"author":[{"embeddable":true,"href":"https:\/\/ak2024.ntalk.dev\/en\/wp-json\/wp\/v2\/users\/1"}],"replies":[{"embeddable":true,"href":"https:\/\/ak2024.ntalk.dev\/en\/wp-json\/wp\/v2\/comments?post=1983"}],"version-history":[{"count":1,"href":"https:\/\/ak2024.ntalk.dev\/en\/wp-json\/wp\/v2\/pages\/1983\/revisions"}],"predecessor-version":[{"id":1987,"href":"https:\/\/ak2024.ntalk.dev\/en\/wp-json\/wp\/v2\/pages\/1983\/revisions\/1987"}],"up":[{"embeddable":true,"href":"https:\/\/ak2024.ntalk.dev\/en\/wp-json\/wp\/v2\/pages\/1975"}],"wp:featuredmedia":[{"embeddable":true,"href":"https:\/\/ak2024.ntalk.dev\/en\/wp-json\/wp\/v2\/media\/1985"}],"wp:attachment":[{"href":"https:\/\/ak2024.ntalk.dev\/en\/wp-json\/wp\/v2\/media?parent=1983"}],"wp:term":[{"taxonomy":"pravni-oblast","embeddable":true,"href":"https:\/\/ak2024.ntalk.dev\/en\/wp-json\/wp\/v2\/pravni-oblast?post=1983"}],"curies":[{"name":"wp","href":"https:\/\/api.w.org\/{rel}","templated":true}]}}