{"id":1977,"date":"2021-09-03T15:27:27","date_gmt":"2021-09-03T13:27:27","guid":{"rendered":"https:\/\/ak2024.ntalk.dev\/career\/pravni-asistenti\/"},"modified":"2021-10-12T15:54:22","modified_gmt":"2021-10-12T13:54:22","slug":"legal-assistants","status":"publish","type":"page","link":"https:\/\/ak2024.ntalk.dev\/en\/career\/legal-assistants\/","title":{"rendered":"Legal Assistants"},"content":{"rendered":"<div class=\"wpv-view-output\" data-toolset-views-view-editor=\"f32ea43b039f3570c7a2ed4bfba88630\">\n<div class=\"wp-block-toolset-views-view-editor\">\n\n\n<div id=\"wpv-view-layout-757-TCPID1977CPID1977\" class=\"js-wpv-view-layout js-wpv-layout-responsive js-wpv-view-layout-757-TCPID1977CPID1977\" data-viewnumber=\"757-TCPID1977CPID1977\" data-pagination=\"{&quot;id&quot;:757,&quot;query&quot;:&quot;normal&quot;,&quot;type&quot;:&quot;disabled&quot;,&quot;effect&quot;:&quot;fade&quot;,&quot;duration&quot;:500,&quot;speed&quot;:5,&quot;pause_on_hover&quot;:&quot;disabled&quot;,&quot;stop_rollover&quot;:&quot;false&quot;,&quot;cache_pages&quot;:&quot;enabled&quot;,&quot;preload_images&quot;:&quot;enabled&quot;,&quot;preload_pages&quot;:&quot;enabled&quot;,&quot;preload_reach&quot;:1,&quot;spinner&quot;:&quot;builtin&quot;,&quot;spinner_image&quot;:&quot;https:\/\/ak2024.ntalk.dev\/wp-content\/plugins\/wp-views\/embedded\/res\/img\/ajax-loader.gif&quot;,&quot;callback_next&quot;:&quot;&quot;,&quot;manage_history&quot;:&quot;enabled&quot;,&quot;has_controls_in_form&quot;:&quot;disabled&quot;,&quot;infinite_tolerance&quot;:&quot;0&quot;,&quot;max_pages&quot;:0,&quot;page&quot;:1,&quot;base_permalink&quot;:&quot;\/en\/wp-json\/wp\/v2\/pages\/1977?wpv_view_count=757-TCPID1977CPID1977&amp;wpv_paged=WPV_PAGE_NUM&quot;,&quot;loop&quot;:{&quot;type&quot;:&quot;&quot;,&quot;name&quot;:&quot;&quot;,&quot;data&quot;:[],&quot;id&quot;:0}}\" data-permalink=\"\/en\/wp-json\/wp\/v2\/pages\/1977?wpv_view_count=757-TCPID1977CPID1977\">\n\n\t\n<div class=\"grid-x grid-padding-x grid-padding-y\">\n\t\n\n\t\t\n\n\t\t\t\n          <div class=\"cell medium-6 large-4\">\n            <div class=\"onas-subpage\">\n              <a href=\"https:\/\/ak2024.ntalk.dev\/en\/career\/legal-assistants\/pravni-asistenti\/\"><img decoding=\"async\" src=\"https:\/\/ak2024.ntalk.dev\/wp-content\/uploads\/2021\/05\/asistenti-wpv_600x600_center_center.jpg\"><div class=\"img-hover\"><\/div><div class=\"box-title\"><span>Legal Assistants<\/span><p><\/p><\/div><\/a>\n            <\/div>\n          <\/div>\n          \n\n          \n\t\t\n\t\n<\/div>\n\t\n\t\n<\/div><\/div>\n<\/div>","protected":false},"excerpt":{"rendered":"","protected":false},"author":1,"featured_media":3463,"parent":1975,"menu_order":0,"comment_status":"closed","ping_status":"closed","template":"","meta":{"footnotes":""},"pravni-oblast":[],"class_list":["post-1977","page","type-page","status-publish","has-post-thumbnail","hentry"],"yoast_head":"<!-- This site is optimized with the Yoast SEO plugin v25.4 - https:\/\/yoast.com\/wordpress\/plugins\/seo\/ -->\n<title>Legal Assistants - Achour &amp; Partners<\/title>\n<meta name=\"robots\" content=\"noindex, follow, max-snippet:-1, max-image-preview:large, max-video-preview:-1\" \/>\n<meta property=\"og:locale\" content=\"en_US\" \/>\n<meta property=\"og:type\" content=\"article\" \/>\n<meta property=\"og:title\" content=\"Legal Assistants - Achour &amp; Partners\" \/>\n<meta property=\"og:url\" content=\"https:\/\/ak2024.ntalk.dev\/kariera\/pravni-asistenti\/\" \/>\n<meta property=\"og:site_name\" content=\"Achour &amp; Partners\" \/>\n<meta property=\"article:modified_time\" content=\"2021-10-12T13:54:22+00:00\" \/>\n<meta property=\"og:image\" content=\"https:\/\/ak2024.ntalk.dev\/wp-content\/uploads\/2022\/06\/NOS9827_fin-scaled-e1655988875185.jpg\" \/>\n\t<meta property=\"og:image:width\" content=\"1708\" \/>\n\t<meta property=\"og:image:height\" content=\"2560\" \/>\n\t<meta property=\"og:image:type\" content=\"image\/jpeg\" \/>\n<meta name=\"twitter:card\" content=\"summary_large_image\" \/>\n<script type=\"application\/ld+json\" class=\"yoast-schema-graph\">{\"@context\":\"https:\/\/schema.org\",\"@graph\":[{\"@type\":\"WebPage\",\"@id\":\"https:\/\/ak2024.ntalk.dev\/kariera\/pravni-asistenti\/\",\"url\":\"https:\/\/ak2024.ntalk.dev\/kariera\/pravni-asistenti\/\",\"name\":\"Legal Assistants - Achour &amp; Partners\",\"isPartOf\":{\"@id\":\"https:\/\/ak2024.ntalk.dev\/#website\"},\"primaryImageOfPage\":{\"@id\":\"https:\/\/ak2024.ntalk.dev\/kariera\/pravni-asistenti\/#primaryimage\"},\"image\":{\"@id\":\"https:\/\/ak2024.ntalk.dev\/kariera\/pravni-asistenti\/#primaryimage\"},\"thumbnailUrl\":\"https:\/\/ak2024.ntalk.dev\/wp-content\/uploads\/2022\/06\/NOS9827_fin-scaled-e1655988875185.jpg\",\"datePublished\":\"2021-09-03T13:27:27+00:00\",\"dateModified\":\"2021-10-12T13:54:22+00:00\",\"breadcrumb\":{\"@id\":\"https:\/\/ak2024.ntalk.dev\/kariera\/pravni-asistenti\/#breadcrumb\"},\"inLanguage\":\"en-US\",\"potentialAction\":[{\"@type\":\"ReadAction\",\"target\":[\"https:\/\/ak2024.ntalk.dev\/kariera\/pravni-asistenti\/\"]}]},{\"@type\":\"ImageObject\",\"inLanguage\":\"en-US\",\"@id\":\"https:\/\/ak2024.ntalk.dev\/kariera\/pravni-asistenti\/#primaryimage\",\"url\":\"https:\/\/ak2024.ntalk.dev\/wp-content\/uploads\/2022\/06\/NOS9827_fin-scaled-e1655988875185.jpg\",\"contentUrl\":\"https:\/\/ak2024.ntalk.dev\/wp-content\/uploads\/2022\/06\/NOS9827_fin-scaled-e1655988875185.jpg\",\"width\":1708,\"height\":2560},{\"@type\":\"BreadcrumbList\",\"@id\":\"https:\/\/ak2024.ntalk.dev\/kariera\/pravni-asistenti\/#breadcrumb\",\"itemListElement\":[{\"@type\":\"ListItem\",\"position\":1,\"name\":\"Dom\u016f\",\"item\":\"https:\/\/ak2024.ntalk.dev\/\"},{\"@type\":\"ListItem\",\"position\":2,\"name\":\"Career\",\"item\":\"https:\/\/ak2024.ntalk.dev\/kariera\/\"},{\"@type\":\"ListItem\",\"position\":3,\"name\":\"Legal Assistants\"}]},{\"@type\":\"WebSite\",\"@id\":\"https:\/\/ak2024.ntalk.dev\/#website\",\"url\":\"https:\/\/ak2024.ntalk.dev\/\",\"name\":\"Achour &amp; Partners\",\"description\":\"\u010desk\u00e1 advok\u00e1tn\u00ed kancel\u00e1\u0159\",\"potentialAction\":[{\"@type\":\"SearchAction\",\"target\":{\"@type\":\"EntryPoint\",\"urlTemplate\":\"https:\/\/ak2024.ntalk.dev\/?s={search_term_string}\"},\"query-input\":{\"@type\":\"PropertyValueSpecification\",\"valueRequired\":true,\"valueName\":\"search_term_string\"}}],\"inLanguage\":\"en-US\"}]}<\/script>\n<!-- \/ Yoast SEO plugin. -->","yoast_head_json":{"title":"Legal Assistants - Achour &amp; Partners","robots":{"index":"noindex","follow":"follow","max-snippet":"max-snippet:-1","max-image-preview":"max-image-preview:large","max-video-preview":"max-video-preview:-1"},"og_locale":"en_US","og_type":"article","og_title":"Legal Assistants - Achour &amp; Partners","og_url":"https:\/\/ak2024.ntalk.dev\/kariera\/pravni-asistenti\/","og_site_name":"Achour &amp; Partners","article_modified_time":"2021-10-12T13:54:22+00:00","og_image":[{"width":1708,"height":2560,"url":"https:\/\/ak2024.ntalk.dev\/wp-content\/uploads\/2022\/06\/NOS9827_fin-scaled-e1655988875185.jpg","type":"image\/jpeg"}],"twitter_card":"summary_large_image","schema":{"@context":"https:\/\/schema.org","@graph":[{"@type":"WebPage","@id":"https:\/\/ak2024.ntalk.dev\/kariera\/pravni-asistenti\/","url":"https:\/\/ak2024.ntalk.dev\/kariera\/pravni-asistenti\/","name":"Legal Assistants - Achour &amp; Partners","isPartOf":{"@id":"https:\/\/ak2024.ntalk.dev\/#website"},"primaryImageOfPage":{"@id":"https:\/\/ak2024.ntalk.dev\/kariera\/pravni-asistenti\/#primaryimage"},"image":{"@id":"https:\/\/ak2024.ntalk.dev\/kariera\/pravni-asistenti\/#primaryimage"},"thumbnailUrl":"https:\/\/ak2024.ntalk.dev\/wp-content\/uploads\/2022\/06\/NOS9827_fin-scaled-e1655988875185.jpg","datePublished":"2021-09-03T13:27:27+00:00","dateModified":"2021-10-12T13:54:22+00:00","breadcrumb":{"@id":"https:\/\/ak2024.ntalk.dev\/kariera\/pravni-asistenti\/#breadcrumb"},"inLanguage":"en-US","potentialAction":[{"@type":"ReadAction","target":["https:\/\/ak2024.ntalk.dev\/kariera\/pravni-asistenti\/"]}]},{"@type":"ImageObject","inLanguage":"en-US","@id":"https:\/\/ak2024.ntalk.dev\/kariera\/pravni-asistenti\/#primaryimage","url":"https:\/\/ak2024.ntalk.dev\/wp-content\/uploads\/2022\/06\/NOS9827_fin-scaled-e1655988875185.jpg","contentUrl":"https:\/\/ak2024.ntalk.dev\/wp-content\/uploads\/2022\/06\/NOS9827_fin-scaled-e1655988875185.jpg","width":1708,"height":2560},{"@type":"BreadcrumbList","@id":"https:\/\/ak2024.ntalk.dev\/kariera\/pravni-asistenti\/#breadcrumb","itemListElement":[{"@type":"ListItem","position":1,"name":"Dom\u016f","item":"https:\/\/ak2024.ntalk.dev\/"},{"@type":"ListItem","position":2,"name":"Career","item":"https:\/\/ak2024.ntalk.dev\/kariera\/"},{"@type":"ListItem","position":3,"name":"Legal Assistants"}]},{"@type":"WebSite","@id":"https:\/\/ak2024.ntalk.dev\/#website","url":"https:\/\/ak2024.ntalk.dev\/","name":"Achour &amp; Partners","description":"\u010desk\u00e1 advok\u00e1tn\u00ed kancel\u00e1\u0159","potentialAction":[{"@type":"SearchAction","target":{"@type":"EntryPoint","urlTemplate":"https:\/\/ak2024.ntalk.dev\/?s={search_term_string}"},"query-input":{"@type":"PropertyValueSpecification","valueRequired":true,"valueName":"search_term_string"}}],"inLanguage":"en-US"}]}},"_links":{"self":[{"href":"https:\/\/ak2024.ntalk.dev\/en\/wp-json\/wp\/v2\/pages\/1977","targetHints":{"allow":["GET"]}}],"collection":[{"href":"https:\/\/ak2024.ntalk.dev\/en\/wp-json\/wp\/v2\/pages"}],"about":[{"href":"https:\/\/ak2024.ntalk.dev\/en\/wp-json\/wp\/v2\/types\/page"}],"author":[{"embeddable":true,"href":"https:\/\/ak2024.ntalk.dev\/en\/wp-json\/wp\/v2\/users\/1"}],"replies":[{"embeddable":true,"href":"https:\/\/ak2024.ntalk.dev\/en\/wp-json\/wp\/v2\/comments?post=1977"}],"version-history":[{"count":2,"href":"https:\/\/ak2024.ntalk.dev\/en\/wp-json\/wp\/v2\/pages\/1977\/revisions"}],"predecessor-version":[{"id":1980,"href":"https:\/\/ak2024.ntalk.dev\/en\/wp-json\/wp\/v2\/pages\/1977\/revisions\/1980"}],"up":[{"embeddable":true,"href":"https:\/\/ak2024.ntalk.dev\/en\/wp-json\/wp\/v2\/pages\/1975"}],"wp:featuredmedia":[{"embeddable":true,"href":"https:\/\/ak2024.ntalk.dev\/en\/wp-json\/wp\/v2\/media\/3463"}],"wp:attachment":[{"href":"https:\/\/ak2024.ntalk.dev\/en\/wp-json\/wp\/v2\/media?parent=1977"}],"wp:term":[{"taxonomy":"pravni-oblast","embeddable":true,"href":"https:\/\/ak2024.ntalk.dev\/en\/wp-json\/wp\/v2\/pravni-oblast?post=1977"}],"curies":[{"name":"wp","href":"https:\/\/api.w.org\/{rel}","templated":true}]}}