{"id":1975,"date":"2020-12-02T09:47:18","date_gmt":"2020-12-02T08:47:18","guid":{"rendered":"https:\/\/ak2024.ntalk.dev\/kariera\/"},"modified":"2021-10-18T15:05:17","modified_gmt":"2021-10-18T13:05:17","slug":"career","status":"publish","type":"page","link":"https:\/\/ak2024.ntalk.dev\/en\/career\/","title":{"rendered":"Career"},"content":{"rendered":"\n<p class=\"right-padding\">A career with Achour &amp; Partners means a wide range of possibilities for professional development, a pleasant work environment, and a clearly-defined company culture based on appreciation of individual abilities and skills, and on teamwork and sharing company know-how.<\/p>\n\n\n\n<p class=\"right-padding\">Take a look at the vacancies currently on offer, contact us using the attached&nbsp;<a href=\"https:\/\/ak.ntalk.dev\/kariera\/kontaktujte-nas\/\">form<\/a>, and take the first step toward becoming part of our team.<\/p>\n\n\n<div class=\"wpv-view-output\" data-toolset-views-view-editor=\"662d92a23342ed676e4ac354d972679d\">\n<div class=\"wp-block-toolset-views-view-editor\">\n\n\n<div id=\"wpv-view-layout-223-TCPID1975CPID1975\" class=\"js-wpv-view-layout js-wpv-layout-responsive js-wpv-view-layout-223-TCPID1975CPID1975\" data-viewnumber=\"223-TCPID1975CPID1975\" data-pagination=\"{&quot;id&quot;:223,&quot;query&quot;:&quot;normal&quot;,&quot;type&quot;:&quot;disabled&quot;,&quot;effect&quot;:&quot;fade&quot;,&quot;duration&quot;:500,&quot;speed&quot;:5,&quot;pause_on_hover&quot;:&quot;disabled&quot;,&quot;stop_rollover&quot;:&quot;false&quot;,&quot;cache_pages&quot;:&quot;enabled&quot;,&quot;preload_images&quot;:&quot;enabled&quot;,&quot;preload_pages&quot;:&quot;enabled&quot;,&quot;preload_reach&quot;:1,&quot;spinner&quot;:&quot;builtin&quot;,&quot;spinner_image&quot;:&quot;https:\/\/ak2024.ntalk.dev\/wp-content\/plugins\/wp-views\/embedded\/res\/img\/ajax-loader.gif&quot;,&quot;callback_next&quot;:&quot;&quot;,&quot;manage_history&quot;:&quot;enabled&quot;,&quot;has_controls_in_form&quot;:&quot;disabled&quot;,&quot;infinite_tolerance&quot;:&quot;0&quot;,&quot;max_pages&quot;:0,&quot;page&quot;:1,&quot;base_permalink&quot;:&quot;\/en\/wp-json\/wp\/v2\/pages\/1975?wpv_view_count=223-TCPID1975CPID1975&amp;wpv_paged=WPV_PAGE_NUM&quot;,&quot;loop&quot;:{&quot;type&quot;:&quot;&quot;,&quot;name&quot;:&quot;&quot;,&quot;data&quot;:[],&quot;id&quot;:0}}\" data-permalink=\"\/en\/wp-json\/wp\/v2\/pages\/1975?wpv_view_count=223-TCPID1975CPID1975\">\n\n\t\n<div class=\"grid-x grid-padding-x grid-padding-y\">\n\t\n\n\t\t\n          <div class=\"cell medium-4\">\n            <div class=\"kariera-subpage\">\n              <a href=\"https:\/\/ak2024.ntalk.dev\/en\/career\/legal-assistants\/\"><img decoding=\"async\" src=\"https:\/\/ak2024.ntalk.dev\/wp-content\/uploads\/2022\/06\/NOS9827_fin-scaled-e1655988875185-wpv_600x600_center_center.jpg\"><div class=\"img-hover\"><\/div><span>Legal Assistants<\/span><\/a>\n            <\/div>\n          <\/div>\n\t\t\n          <div class=\"cell medium-4\">\n            <div class=\"kariera-subpage\">\n              <a href=\"https:\/\/ak2024.ntalk.dev\/en\/career\/trainee-lawyers\/\"><img decoding=\"async\" src=\"https:\/\/ak2024.ntalk.dev\/wp-content\/uploads\/2021\/09\/ACHOUR-AND-PARTNERS_09_2021_-9-scaled-wpv_600x600_center_center.jpg\"><div class=\"img-hover\"><\/div><span>Trainee Lawyers<\/span><\/a>\n            <\/div>\n          <\/div>\n\t\t\n          <div class=\"cell medium-4\">\n            <div class=\"kariera-subpage\">\n              <a href=\"https:\/\/ak2024.ntalk.dev\/en\/career\/lawyers\/\"><img decoding=\"async\" src=\"https:\/\/ak2024.ntalk.dev\/wp-content\/uploads\/2021\/07\/advokati01-wpv_600x600_center_center.jpg\"><div class=\"img-hover\"><\/div><span>Lawyers<\/span><\/a>\n            <\/div>\n          <\/div>\n\t\t\n          <div class=\"cell medium-4\">\n            <div class=\"kariera-subpage\">\n              <a href=\"https:\/\/ak2024.ntalk.dev\/en\/career\/culture\/\"><img decoding=\"async\" src=\"https:\/\/ak2024.ntalk.dev\/wp-content\/uploads\/2021\/07\/kultura-wpv_600x600_center_center.jpg\"><div class=\"img-hover\"><\/div><span>Culture<\/span><\/a>\n            <\/div>\n          <\/div>\n\t\t\n          <div class=\"cell medium-4\">\n            <div class=\"kariera-subpage\">\n              <a href=\"https:\/\/ak2024.ntalk.dev\/en\/career\/motivation\/\"><img decoding=\"async\" src=\"https:\/\/ak2024.ntalk.dev\/wp-content\/uploads\/2021\/09\/ACHOUR-AND-PARTNERS_09_2021_-31-scaled-wpv_600x600_center_center.jpg\"><div class=\"img-hover\"><\/div><span>Motivation<\/span><\/a>\n            <\/div>\n          <\/div>\n\t\t\n          <div class=\"cell medium-4\">\n            <div class=\"kariera-subpage\">\n              <a href=\"https:\/\/ak2024.ntalk.dev\/en\/career\/contact-us\/\"><img decoding=\"async\" src=\"https:\/\/ak2024.ntalk.dev\/wp-content\/uploads\/2021\/05\/kontakt-wpv_600x600_center_center.jpg\"><div class=\"img-hover\"><\/div><span>Contact us<\/span><\/a>\n            <\/div>\n          <\/div>\n\t\t\n\t\n<\/div>\n\t\n\t\n<\/div>\n<\/div>\n<\/div>\n\n\n<p><\/p>\n","protected":false},"excerpt":{"rendered":"<p>A career with Achour &amp; Partners means a wide range of possibilities for professional development, a pleasant work environment, and a clearly-defined company culture based on appreciation of individual abilities and skills, and on teamwork and sharing company know-how. Take a look at the vacancies currently on offer, contact us using the attached&nbsp;form, and take [&hellip;]<\/p>\n","protected":false},"author":1,"featured_media":0,"parent":0,"menu_order":0,"comment_status":"closed","ping_status":"closed","template":"","meta":{"footnotes":""},"pravni-oblast":[],"class_list":["post-1975","page","type-page","status-publish","hentry"],"yoast_head":"<!-- This site is optimized with the Yoast SEO plugin v25.4 - https:\/\/yoast.com\/wordpress\/plugins\/seo\/ -->\n<title>Career - Achour &amp; Partners<\/title>\n<meta name=\"robots\" content=\"noindex, follow, max-snippet:-1, max-image-preview:large, max-video-preview:-1\" \/>\n<meta property=\"og:locale\" content=\"en_US\" \/>\n<meta property=\"og:type\" content=\"article\" \/>\n<meta property=\"og:title\" content=\"Career - Achour &amp; Partners\" \/>\n<meta property=\"og:description\" content=\"A career with Achour &amp; Partners means a wide range of possibilities for professional development, a pleasant work environment, and a clearly-defined company culture based on appreciation of individual abilities and skills, and on teamwork and sharing company know-how. Take a look at the vacancies currently on offer, contact us using the attached&nbsp;form, and take [&hellip;]\" \/>\n<meta property=\"og:url\" content=\"https:\/\/ak2024.ntalk.dev\/kariera\/\" \/>\n<meta property=\"og:site_name\" content=\"Achour &amp; Partners\" \/>\n<meta property=\"article:modified_time\" content=\"2021-10-18T13:05:17+00:00\" \/>\n<meta name=\"twitter:card\" content=\"summary_large_image\" \/>\n<script type=\"application\/ld+json\" class=\"yoast-schema-graph\">{\"@context\":\"https:\/\/schema.org\",\"@graph\":[{\"@type\":\"WebPage\",\"@id\":\"https:\/\/ak2024.ntalk.dev\/kariera\/\",\"url\":\"https:\/\/ak2024.ntalk.dev\/kariera\/\",\"name\":\"Career - Achour &amp; Partners\",\"isPartOf\":{\"@id\":\"https:\/\/ak2024.ntalk.dev\/#website\"},\"datePublished\":\"2020-12-02T08:47:18+00:00\",\"dateModified\":\"2021-10-18T13:05:17+00:00\",\"breadcrumb\":{\"@id\":\"https:\/\/ak2024.ntalk.dev\/kariera\/#breadcrumb\"},\"inLanguage\":\"en-US\",\"potentialAction\":[{\"@type\":\"ReadAction\",\"target\":[\"https:\/\/ak2024.ntalk.dev\/kariera\/\"]}]},{\"@type\":\"BreadcrumbList\",\"@id\":\"https:\/\/ak2024.ntalk.dev\/kariera\/#breadcrumb\",\"itemListElement\":[{\"@type\":\"ListItem\",\"position\":1,\"name\":\"Dom\u016f\",\"item\":\"https:\/\/ak2024.ntalk.dev\/\"},{\"@type\":\"ListItem\",\"position\":2,\"name\":\"Career\"}]},{\"@type\":\"WebSite\",\"@id\":\"https:\/\/ak2024.ntalk.dev\/#website\",\"url\":\"https:\/\/ak2024.ntalk.dev\/\",\"name\":\"Achour &amp; Partners\",\"description\":\"\u010desk\u00e1 advok\u00e1tn\u00ed kancel\u00e1\u0159\",\"potentialAction\":[{\"@type\":\"SearchAction\",\"target\":{\"@type\":\"EntryPoint\",\"urlTemplate\":\"https:\/\/ak2024.ntalk.dev\/?s={search_term_string}\"},\"query-input\":{\"@type\":\"PropertyValueSpecification\",\"valueRequired\":true,\"valueName\":\"search_term_string\"}}],\"inLanguage\":\"en-US\"}]}<\/script>\n<!-- \/ Yoast SEO plugin. -->","yoast_head_json":{"title":"Career - Achour &amp; Partners","robots":{"index":"noindex","follow":"follow","max-snippet":"max-snippet:-1","max-image-preview":"max-image-preview:large","max-video-preview":"max-video-preview:-1"},"og_locale":"en_US","og_type":"article","og_title":"Career - Achour &amp; Partners","og_description":"A career with Achour &amp; Partners means a wide range of possibilities for professional development, a pleasant work environment, and a clearly-defined company culture based on appreciation of individual abilities and skills, and on teamwork and sharing company know-how. Take a look at the vacancies currently on offer, contact us using the attached&nbsp;form, and take [&hellip;]","og_url":"https:\/\/ak2024.ntalk.dev\/kariera\/","og_site_name":"Achour &amp; Partners","article_modified_time":"2021-10-18T13:05:17+00:00","twitter_card":"summary_large_image","schema":{"@context":"https:\/\/schema.org","@graph":[{"@type":"WebPage","@id":"https:\/\/ak2024.ntalk.dev\/kariera\/","url":"https:\/\/ak2024.ntalk.dev\/kariera\/","name":"Career - Achour &amp; Partners","isPartOf":{"@id":"https:\/\/ak2024.ntalk.dev\/#website"},"datePublished":"2020-12-02T08:47:18+00:00","dateModified":"2021-10-18T13:05:17+00:00","breadcrumb":{"@id":"https:\/\/ak2024.ntalk.dev\/kariera\/#breadcrumb"},"inLanguage":"en-US","potentialAction":[{"@type":"ReadAction","target":["https:\/\/ak2024.ntalk.dev\/kariera\/"]}]},{"@type":"BreadcrumbList","@id":"https:\/\/ak2024.ntalk.dev\/kariera\/#breadcrumb","itemListElement":[{"@type":"ListItem","position":1,"name":"Dom\u016f","item":"https:\/\/ak2024.ntalk.dev\/"},{"@type":"ListItem","position":2,"name":"Career"}]},{"@type":"WebSite","@id":"https:\/\/ak2024.ntalk.dev\/#website","url":"https:\/\/ak2024.ntalk.dev\/","name":"Achour &amp; Partners","description":"\u010desk\u00e1 advok\u00e1tn\u00ed kancel\u00e1\u0159","potentialAction":[{"@type":"SearchAction","target":{"@type":"EntryPoint","urlTemplate":"https:\/\/ak2024.ntalk.dev\/?s={search_term_string}"},"query-input":{"@type":"PropertyValueSpecification","valueRequired":true,"valueName":"search_term_string"}}],"inLanguage":"en-US"}]}},"_links":{"self":[{"href":"https:\/\/ak2024.ntalk.dev\/en\/wp-json\/wp\/v2\/pages\/1975","targetHints":{"allow":["GET"]}}],"collection":[{"href":"https:\/\/ak2024.ntalk.dev\/en\/wp-json\/wp\/v2\/pages"}],"about":[{"href":"https:\/\/ak2024.ntalk.dev\/en\/wp-json\/wp\/v2\/types\/page"}],"author":[{"embeddable":true,"href":"https:\/\/ak2024.ntalk.dev\/en\/wp-json\/wp\/v2\/users\/1"}],"replies":[{"embeddable":true,"href":"https:\/\/ak2024.ntalk.dev\/en\/wp-json\/wp\/v2\/comments?post=1975"}],"version-history":[{"count":3,"href":"https:\/\/ak2024.ntalk.dev\/en\/wp-json\/wp\/v2\/pages\/1975\/revisions"}],"predecessor-version":[{"id":2642,"href":"https:\/\/ak2024.ntalk.dev\/en\/wp-json\/wp\/v2\/pages\/1975\/revisions\/2642"}],"wp:attachment":[{"href":"https:\/\/ak2024.ntalk.dev\/en\/wp-json\/wp\/v2\/media?parent=1975"}],"wp:term":[{"taxonomy":"pravni-oblast","embeddable":true,"href":"https:\/\/ak2024.ntalk.dev\/en\/wp-json\/wp\/v2\/pravni-oblast?post=1975"}],"curies":[{"name":"wp","href":"https:\/\/api.w.org\/{rel}","templated":true}]}}