{"id":1787,"date":"2020-12-02T11:33:05","date_gmt":"2020-12-02T10:33:05","guid":{"rendered":"https:\/\/ak2024.ntalk.dev\/services\/it-ip-a-media\/"},"modified":"2021-10-15T10:30:45","modified_gmt":"2021-10-15T08:30:45","slug":"intellectual-property-it-and-media","status":"publish","type":"page","link":"https:\/\/ak2024.ntalk.dev\/en\/services\/intellectual-property-it-and-media\/","title":{"rendered":"Intellectual Property, IT and Media"},"content":{"rendered":"\n<p>Achour &amp; Partners has an experienced team of lawyers specialising in the fields of intellectual property rights and IT. We provide a fully integrated intellectual property service. We advise on all aspects of the creation, acquisition, exploitation and enforcement of intellectual property rights. This work covers trademarks, domain names, copyright, design, databases, know-how, trade secrets and other confidential information and patents.<\/p>\n\n\n\n<p>We advise clients on all aspects of their IP and technology-related transactions, including outsourcings, carve-outs, cloud computing, SaaS, data maintenance, software and source code escrow.<\/p>\n\n\n\n<p>We advise on all aspects of data protection, from GDPR compliance issues to complex global data risk advice.<\/p>\n\n\n\n<p>Our expertise includes state-of-the-art knowledge of media and publishing law. We focus especially on advertising compliance. We assist our clients with preparing product placement contracts, contracts for the purchase and sale of broadcast, online and print media advertising and licence contracts.<\/p>\n","protected":false},"excerpt":{"rendered":"<p>Achour &amp; Partners has an experienced team of lawyers specialising in the fields of intellectual property rights and IT. We provide a fully integrated intellectual property service. We advise on all aspects of the creation, acquisition, exploitation and enforcement of intellectual property rights. This work covers trademarks, domain names, copyright, design, databases, know-how, trade secrets [&hellip;]<\/p>\n","protected":false},"author":1,"featured_media":0,"parent":1759,"menu_order":0,"comment_status":"closed","ping_status":"closed","template":"","meta":{"footnotes":""},"pravni-oblast":[33],"class_list":["post-1787","page","type-page","status-publish","hentry","pravni-oblast-it-ip-a-media-en"],"yoast_head":"<!-- This site is optimized with the Yoast SEO plugin v25.4 - https:\/\/yoast.com\/wordpress\/plugins\/seo\/ -->\n<title>Intellectual Property, IT and Media - Achour &amp; Partners<\/title>\n<meta name=\"robots\" content=\"noindex, follow, max-snippet:-1, max-image-preview:large, max-video-preview:-1\" \/>\n<meta property=\"og:locale\" content=\"en_US\" \/>\n<meta property=\"og:type\" content=\"article\" \/>\n<meta property=\"og:title\" content=\"Intellectual Property, IT and Media - Achour &amp; Partners\" \/>\n<meta property=\"og:description\" content=\"Achour &amp; Partners has an experienced team of lawyers specialising in the fields of intellectual property rights and IT. We provide a fully integrated intellectual property service. We advise on all aspects of the creation, acquisition, exploitation and enforcement of intellectual property rights. This work covers trademarks, domain names, copyright, design, databases, know-how, trade secrets [&hellip;]\" \/>\n<meta property=\"og:url\" content=\"https:\/\/ak2024.ntalk.dev\/sluzby\/it-ip-a-media\/\" \/>\n<meta property=\"og:site_name\" content=\"Achour &amp; Partners\" \/>\n<meta property=\"article:modified_time\" content=\"2021-10-15T08:30:45+00:00\" \/>\n<meta name=\"twitter:card\" content=\"summary_large_image\" \/>\n<meta name=\"twitter:label1\" content=\"Est. reading time\" \/>\n\t<meta name=\"twitter:data1\" content=\"1 minute\" \/>\n<script type=\"application\/ld+json\" class=\"yoast-schema-graph\">{\"@context\":\"https:\/\/schema.org\",\"@graph\":[{\"@type\":\"WebPage\",\"@id\":\"https:\/\/ak2024.ntalk.dev\/sluzby\/it-ip-a-media\/\",\"url\":\"https:\/\/ak2024.ntalk.dev\/sluzby\/it-ip-a-media\/\",\"name\":\"Intellectual Property, IT and Media - Achour &amp; Partners\",\"isPartOf\":{\"@id\":\"https:\/\/ak2024.ntalk.dev\/#website\"},\"datePublished\":\"2020-12-02T10:33:05+00:00\",\"dateModified\":\"2021-10-15T08:30:45+00:00\",\"breadcrumb\":{\"@id\":\"https:\/\/ak2024.ntalk.dev\/sluzby\/it-ip-a-media\/#breadcrumb\"},\"inLanguage\":\"en-US\",\"potentialAction\":[{\"@type\":\"ReadAction\",\"target\":[\"https:\/\/ak2024.ntalk.dev\/sluzby\/it-ip-a-media\/\"]}]},{\"@type\":\"BreadcrumbList\",\"@id\":\"https:\/\/ak2024.ntalk.dev\/sluzby\/it-ip-a-media\/#breadcrumb\",\"itemListElement\":[{\"@type\":\"ListItem\",\"position\":1,\"name\":\"Dom\u016f\",\"item\":\"https:\/\/ak2024.ntalk.dev\/\"},{\"@type\":\"ListItem\",\"position\":2,\"name\":\"Services\",\"item\":\"https:\/\/ak2024.ntalk.dev\/sluzby\/\"},{\"@type\":\"ListItem\",\"position\":3,\"name\":\"Intellectual Property, IT and Media\"}]},{\"@type\":\"WebSite\",\"@id\":\"https:\/\/ak2024.ntalk.dev\/#website\",\"url\":\"https:\/\/ak2024.ntalk.dev\/\",\"name\":\"Achour &amp; Partners\",\"description\":\"\u010desk\u00e1 advok\u00e1tn\u00ed kancel\u00e1\u0159\",\"potentialAction\":[{\"@type\":\"SearchAction\",\"target\":{\"@type\":\"EntryPoint\",\"urlTemplate\":\"https:\/\/ak2024.ntalk.dev\/?s={search_term_string}\"},\"query-input\":{\"@type\":\"PropertyValueSpecification\",\"valueRequired\":true,\"valueName\":\"search_term_string\"}}],\"inLanguage\":\"en-US\"}]}<\/script>\n<!-- \/ Yoast SEO plugin. -->","yoast_head_json":{"title":"Intellectual Property, IT and Media - Achour &amp; Partners","robots":{"index":"noindex","follow":"follow","max-snippet":"max-snippet:-1","max-image-preview":"max-image-preview:large","max-video-preview":"max-video-preview:-1"},"og_locale":"en_US","og_type":"article","og_title":"Intellectual Property, IT and Media - Achour &amp; Partners","og_description":"Achour &amp; Partners has an experienced team of lawyers specialising in the fields of intellectual property rights and IT. We provide a fully integrated intellectual property service. We advise on all aspects of the creation, acquisition, exploitation and enforcement of intellectual property rights. This work covers trademarks, domain names, copyright, design, databases, know-how, trade secrets [&hellip;]","og_url":"https:\/\/ak2024.ntalk.dev\/sluzby\/it-ip-a-media\/","og_site_name":"Achour &amp; Partners","article_modified_time":"2021-10-15T08:30:45+00:00","twitter_card":"summary_large_image","twitter_misc":{"Est. reading time":"1 minute"},"schema":{"@context":"https:\/\/schema.org","@graph":[{"@type":"WebPage","@id":"https:\/\/ak2024.ntalk.dev\/sluzby\/it-ip-a-media\/","url":"https:\/\/ak2024.ntalk.dev\/sluzby\/it-ip-a-media\/","name":"Intellectual Property, IT and Media - Achour &amp; Partners","isPartOf":{"@id":"https:\/\/ak2024.ntalk.dev\/#website"},"datePublished":"2020-12-02T10:33:05+00:00","dateModified":"2021-10-15T08:30:45+00:00","breadcrumb":{"@id":"https:\/\/ak2024.ntalk.dev\/sluzby\/it-ip-a-media\/#breadcrumb"},"inLanguage":"en-US","potentialAction":[{"@type":"ReadAction","target":["https:\/\/ak2024.ntalk.dev\/sluzby\/it-ip-a-media\/"]}]},{"@type":"BreadcrumbList","@id":"https:\/\/ak2024.ntalk.dev\/sluzby\/it-ip-a-media\/#breadcrumb","itemListElement":[{"@type":"ListItem","position":1,"name":"Dom\u016f","item":"https:\/\/ak2024.ntalk.dev\/"},{"@type":"ListItem","position":2,"name":"Services","item":"https:\/\/ak2024.ntalk.dev\/sluzby\/"},{"@type":"ListItem","position":3,"name":"Intellectual Property, IT and Media"}]},{"@type":"WebSite","@id":"https:\/\/ak2024.ntalk.dev\/#website","url":"https:\/\/ak2024.ntalk.dev\/","name":"Achour &amp; Partners","description":"\u010desk\u00e1 advok\u00e1tn\u00ed kancel\u00e1\u0159","potentialAction":[{"@type":"SearchAction","target":{"@type":"EntryPoint","urlTemplate":"https:\/\/ak2024.ntalk.dev\/?s={search_term_string}"},"query-input":{"@type":"PropertyValueSpecification","valueRequired":true,"valueName":"search_term_string"}}],"inLanguage":"en-US"}]}},"_links":{"self":[{"href":"https:\/\/ak2024.ntalk.dev\/en\/wp-json\/wp\/v2\/pages\/1787","targetHints":{"allow":["GET"]}}],"collection":[{"href":"https:\/\/ak2024.ntalk.dev\/en\/wp-json\/wp\/v2\/pages"}],"about":[{"href":"https:\/\/ak2024.ntalk.dev\/en\/wp-json\/wp\/v2\/types\/page"}],"author":[{"embeddable":true,"href":"https:\/\/ak2024.ntalk.dev\/en\/wp-json\/wp\/v2\/users\/1"}],"replies":[{"embeddable":true,"href":"https:\/\/ak2024.ntalk.dev\/en\/wp-json\/wp\/v2\/comments?post=1787"}],"version-history":[{"count":3,"href":"https:\/\/ak2024.ntalk.dev\/en\/wp-json\/wp\/v2\/pages\/1787\/revisions"}],"predecessor-version":[{"id":2554,"href":"https:\/\/ak2024.ntalk.dev\/en\/wp-json\/wp\/v2\/pages\/1787\/revisions\/2554"}],"up":[{"embeddable":true,"href":"https:\/\/ak2024.ntalk.dev\/en\/wp-json\/wp\/v2\/pages\/1759"}],"wp:attachment":[{"href":"https:\/\/ak2024.ntalk.dev\/en\/wp-json\/wp\/v2\/media?parent=1787"}],"wp:term":[{"taxonomy":"pravni-oblast","embeddable":true,"href":"https:\/\/ak2024.ntalk.dev\/en\/wp-json\/wp\/v2\/pravni-oblast?post=1787"}],"curies":[{"name":"wp","href":"https:\/\/api.w.org\/{rel}","templated":true}]}}