{"id":1781,"date":"2020-12-02T11:09:38","date_gmt":"2020-12-02T10:09:38","guid":{"rendered":"https:\/\/ak2024.ntalk.dev\/services\/financovani\/"},"modified":"2023-04-24T07:28:49","modified_gmt":"2023-04-24T05:28:49","slug":"financing","status":"publish","type":"page","link":"https:\/\/ak2024.ntalk.dev\/en\/services\/financing\/","title":{"rendered":"Financing"},"content":{"rendered":"\n<p>We provide comprehensive legal advice on financing. We negotiate contracts and review all legal documentation and draft security instruments on any financing granted. We advise companies from very industrial sector, as well as banks and other lenders, on financings for every purpose, including general corporate financing, acquisition financing as well as real estate, project and infrastructure financing. We have extensive experience advising on projects across a wide range of sectors, including infrastructure projects as well as network and rail. Our practice covers a full range of legal services to banks and other credit institutions, including assisting with their regulatory duties and advising them at times of financial difficulty. We also review and revise standard bank-client documentation and represent banks and other credit institutions.<\/p>\n\n\n\n<p>We also assist our clients with the refinancing of existing loans. Our role entails negotiating and drafting instruments and preparing optimal structures for intra-financing, including cash management (cash management schemes, netting and hedging). financing matters. Our role includes negotiating and drafting all financing contracts and supporting debt collection.<\/p>\n","protected":false},"excerpt":{"rendered":"<p>We provide comprehensive legal advice on financing. We negotiate contracts and review all legal documentation and draft security instruments on any financing granted. We advise companies from very industrial sector, as well as banks and other lenders, on financings for every purpose, including general corporate financing, acquisition financing as well as real estate, project and [&hellip;]<\/p>\n","protected":false},"author":1,"featured_media":0,"parent":1759,"menu_order":0,"comment_status":"closed","ping_status":"closed","template":"","meta":{"footnotes":""},"pravni-oblast":[32],"class_list":["post-1781","page","type-page","status-publish","hentry","pravni-oblast-financing"],"yoast_head":"<!-- This site is optimized with the Yoast SEO plugin v25.4 - https:\/\/yoast.com\/wordpress\/plugins\/seo\/ -->\n<title>Financing - Achour &amp; Partners<\/title>\n<meta name=\"robots\" content=\"noindex, follow, max-snippet:-1, max-image-preview:large, max-video-preview:-1\" \/>\n<meta property=\"og:locale\" content=\"en_US\" \/>\n<meta property=\"og:type\" content=\"article\" \/>\n<meta property=\"og:title\" content=\"Financing - Achour &amp; Partners\" \/>\n<meta property=\"og:description\" content=\"We provide comprehensive legal advice on financing. We negotiate contracts and review all legal documentation and draft security instruments on any financing granted. We advise companies from very industrial sector, as well as banks and other lenders, on financings for every purpose, including general corporate financing, acquisition financing as well as real estate, project and [&hellip;]\" \/>\n<meta property=\"og:url\" content=\"https:\/\/ak2024.ntalk.dev\/sluzby\/financovani\/\" \/>\n<meta property=\"og:site_name\" content=\"Achour &amp; Partners\" \/>\n<meta property=\"article:modified_time\" content=\"2023-04-24T05:28:49+00:00\" \/>\n<meta name=\"twitter:card\" content=\"summary_large_image\" \/>\n<meta name=\"twitter:label1\" content=\"Est. reading time\" \/>\n\t<meta name=\"twitter:data1\" content=\"1 minute\" \/>\n<script type=\"application\/ld+json\" class=\"yoast-schema-graph\">{\"@context\":\"https:\/\/schema.org\",\"@graph\":[{\"@type\":\"WebPage\",\"@id\":\"https:\/\/ak2024.ntalk.dev\/sluzby\/financovani\/\",\"url\":\"https:\/\/ak2024.ntalk.dev\/sluzby\/financovani\/\",\"name\":\"Financing - Achour &amp; Partners\",\"isPartOf\":{\"@id\":\"https:\/\/ak2024.ntalk.dev\/#website\"},\"datePublished\":\"2020-12-02T10:09:38+00:00\",\"dateModified\":\"2023-04-24T05:28:49+00:00\",\"breadcrumb\":{\"@id\":\"https:\/\/ak2024.ntalk.dev\/sluzby\/financovani\/#breadcrumb\"},\"inLanguage\":\"en-US\",\"potentialAction\":[{\"@type\":\"ReadAction\",\"target\":[\"https:\/\/ak2024.ntalk.dev\/sluzby\/financovani\/\"]}]},{\"@type\":\"BreadcrumbList\",\"@id\":\"https:\/\/ak2024.ntalk.dev\/sluzby\/financovani\/#breadcrumb\",\"itemListElement\":[{\"@type\":\"ListItem\",\"position\":1,\"name\":\"Dom\u016f\",\"item\":\"https:\/\/ak2024.ntalk.dev\/\"},{\"@type\":\"ListItem\",\"position\":2,\"name\":\"Services\",\"item\":\"https:\/\/ak2024.ntalk.dev\/sluzby\/\"},{\"@type\":\"ListItem\",\"position\":3,\"name\":\"Financing\"}]},{\"@type\":\"WebSite\",\"@id\":\"https:\/\/ak2024.ntalk.dev\/#website\",\"url\":\"https:\/\/ak2024.ntalk.dev\/\",\"name\":\"Achour &amp; Partners\",\"description\":\"\u010desk\u00e1 advok\u00e1tn\u00ed kancel\u00e1\u0159\",\"potentialAction\":[{\"@type\":\"SearchAction\",\"target\":{\"@type\":\"EntryPoint\",\"urlTemplate\":\"https:\/\/ak2024.ntalk.dev\/?s={search_term_string}\"},\"query-input\":{\"@type\":\"PropertyValueSpecification\",\"valueRequired\":true,\"valueName\":\"search_term_string\"}}],\"inLanguage\":\"en-US\"}]}<\/script>\n<!-- \/ Yoast SEO plugin. -->","yoast_head_json":{"title":"Financing - Achour &amp; Partners","robots":{"index":"noindex","follow":"follow","max-snippet":"max-snippet:-1","max-image-preview":"max-image-preview:large","max-video-preview":"max-video-preview:-1"},"og_locale":"en_US","og_type":"article","og_title":"Financing - Achour &amp; Partners","og_description":"We provide comprehensive legal advice on financing. We negotiate contracts and review all legal documentation and draft security instruments on any financing granted. We advise companies from very industrial sector, as well as banks and other lenders, on financings for every purpose, including general corporate financing, acquisition financing as well as real estate, project and [&hellip;]","og_url":"https:\/\/ak2024.ntalk.dev\/sluzby\/financovani\/","og_site_name":"Achour &amp; Partners","article_modified_time":"2023-04-24T05:28:49+00:00","twitter_card":"summary_large_image","twitter_misc":{"Est. reading time":"1 minute"},"schema":{"@context":"https:\/\/schema.org","@graph":[{"@type":"WebPage","@id":"https:\/\/ak2024.ntalk.dev\/sluzby\/financovani\/","url":"https:\/\/ak2024.ntalk.dev\/sluzby\/financovani\/","name":"Financing - Achour &amp; Partners","isPartOf":{"@id":"https:\/\/ak2024.ntalk.dev\/#website"},"datePublished":"2020-12-02T10:09:38+00:00","dateModified":"2023-04-24T05:28:49+00:00","breadcrumb":{"@id":"https:\/\/ak2024.ntalk.dev\/sluzby\/financovani\/#breadcrumb"},"inLanguage":"en-US","potentialAction":[{"@type":"ReadAction","target":["https:\/\/ak2024.ntalk.dev\/sluzby\/financovani\/"]}]},{"@type":"BreadcrumbList","@id":"https:\/\/ak2024.ntalk.dev\/sluzby\/financovani\/#breadcrumb","itemListElement":[{"@type":"ListItem","position":1,"name":"Dom\u016f","item":"https:\/\/ak2024.ntalk.dev\/"},{"@type":"ListItem","position":2,"name":"Services","item":"https:\/\/ak2024.ntalk.dev\/sluzby\/"},{"@type":"ListItem","position":3,"name":"Financing"}]},{"@type":"WebSite","@id":"https:\/\/ak2024.ntalk.dev\/#website","url":"https:\/\/ak2024.ntalk.dev\/","name":"Achour &amp; Partners","description":"\u010desk\u00e1 advok\u00e1tn\u00ed kancel\u00e1\u0159","potentialAction":[{"@type":"SearchAction","target":{"@type":"EntryPoint","urlTemplate":"https:\/\/ak2024.ntalk.dev\/?s={search_term_string}"},"query-input":{"@type":"PropertyValueSpecification","valueRequired":true,"valueName":"search_term_string"}}],"inLanguage":"en-US"}]}},"_links":{"self":[{"href":"https:\/\/ak2024.ntalk.dev\/en\/wp-json\/wp\/v2\/pages\/1781","targetHints":{"allow":["GET"]}}],"collection":[{"href":"https:\/\/ak2024.ntalk.dev\/en\/wp-json\/wp\/v2\/pages"}],"about":[{"href":"https:\/\/ak2024.ntalk.dev\/en\/wp-json\/wp\/v2\/types\/page"}],"author":[{"embeddable":true,"href":"https:\/\/ak2024.ntalk.dev\/en\/wp-json\/wp\/v2\/users\/1"}],"replies":[{"embeddable":true,"href":"https:\/\/ak2024.ntalk.dev\/en\/wp-json\/wp\/v2\/comments?post=1781"}],"version-history":[{"count":2,"href":"https:\/\/ak2024.ntalk.dev\/en\/wp-json\/wp\/v2\/pages\/1781\/revisions"}],"predecessor-version":[{"id":4726,"href":"https:\/\/ak2024.ntalk.dev\/en\/wp-json\/wp\/v2\/pages\/1781\/revisions\/4726"}],"up":[{"embeddable":true,"href":"https:\/\/ak2024.ntalk.dev\/en\/wp-json\/wp\/v2\/pages\/1759"}],"wp:attachment":[{"href":"https:\/\/ak2024.ntalk.dev\/en\/wp-json\/wp\/v2\/media?parent=1781"}],"wp:term":[{"taxonomy":"pravni-oblast","embeddable":true,"href":"https:\/\/ak2024.ntalk.dev\/en\/wp-json\/wp\/v2\/pravni-oblast?post=1781"}],"curies":[{"name":"wp","href":"https:\/\/api.w.org\/{rel}","templated":true}]}}