{"id":1776,"date":"2020-12-02T11:10:24","date_gmt":"2020-12-02T10:10:24","guid":{"rendered":"https:\/\/ak2024.ntalk.dev\/services\/nemovitosti-a-stavebni-pravo\/"},"modified":"2021-10-15T10:30:57","modified_gmt":"2021-10-15T08:30:57","slug":"real-estate-and-construction","status":"publish","type":"page","link":"https:\/\/ak2024.ntalk.dev\/en\/services\/real-estate-and-construction\/","title":{"rendered":"Real Estate and Construction"},"content":{"rendered":"\n<p>Achour &amp; Partners\u2019s lawyers have vast experience with real estate transactions from the sale of individual properties through to the acquisition of real estate portfolios and projects at all stages of development. We also assist our clients with the takeover of residential projects, shopping centres, office complexes, industrial parks and infrastructure projects.<\/p>\n\n\n\n<p>We advise on a wide range of construction projects including transport infrastructure and brownfield projects. Our work on development projects encompasses hotels and holiday resorts, educational institutions and university campuses, science and technology parks, industrial plants and logistical centres. We have substantial experience with the commercial leasing of shopping centres and office complexes.&nbsp;<\/p>\n\n\n\n<p>We carry out due diligence of individual properties, real estate portfolios and projects, including title checks for both asset and share deals. We assist our clients with real estate financing, represent them in negotiations with financing institutions and prepare related contracts. We also advise on the creation of funds for qualified investors in real estate projects.<\/p>\n\n\n\n<p>The firm acts for investors, developers and construction companies at all stages of the construction process from planning through to construction management. Our services include support in obtaining all needed permits and documents from relevant authorities and representation in administrative proceedings.<\/p>\n\n\n\n<p>We provide legal services related to environmental impact assessments (EIA) and subsequent judicial review. We also offer comprehensive legal appraisals of existing ecological burdens and advice on waste management, cultural protection and archaeological and heritage issues.<\/p>\n","protected":false},"excerpt":{"rendered":"<p>Achour &amp; Partners\u2019s lawyers have vast experience with real estate transactions from the sale of individual properties through to the acquisition of real estate portfolios and projects at all stages of development. We also assist our clients with the takeover of residential projects, shopping centres, office complexes, industrial parks and infrastructure projects. We advise on [&hellip;]<\/p>\n","protected":false},"author":1,"featured_media":0,"parent":1759,"menu_order":0,"comment_status":"closed","ping_status":"closed","template":"","meta":{"footnotes":""},"pravni-oblast":[35],"class_list":["post-1776","page","type-page","status-publish","hentry","pravni-oblast-nemovitostni-pravo-en"],"yoast_head":"<!-- This site is optimized with the Yoast SEO plugin v25.4 - https:\/\/yoast.com\/wordpress\/plugins\/seo\/ -->\n<title>Real Estate and Construction - Achour &amp; Partners<\/title>\n<meta name=\"robots\" content=\"noindex, follow, max-snippet:-1, max-image-preview:large, max-video-preview:-1\" \/>\n<meta property=\"og:locale\" content=\"en_US\" \/>\n<meta property=\"og:type\" content=\"article\" \/>\n<meta property=\"og:title\" content=\"Real Estate and Construction - Achour &amp; Partners\" \/>\n<meta property=\"og:description\" content=\"Achour &amp; Partners\u2019s lawyers have vast experience with real estate transactions from the sale of individual properties through to the acquisition of real estate portfolios and projects at all stages of development. We also assist our clients with the takeover of residential projects, shopping centres, office complexes, industrial parks and infrastructure projects. We advise on [&hellip;]\" \/>\n<meta property=\"og:url\" content=\"https:\/\/ak2024.ntalk.dev\/sluzby\/nemovitosti-a-stavebni-pravo\/\" \/>\n<meta property=\"og:site_name\" content=\"Achour &amp; Partners\" \/>\n<meta property=\"article:modified_time\" content=\"2021-10-15T08:30:57+00:00\" \/>\n<meta name=\"twitter:card\" content=\"summary_large_image\" \/>\n<meta name=\"twitter:label1\" content=\"Est. reading time\" \/>\n\t<meta name=\"twitter:data1\" content=\"1 minute\" \/>\n<script type=\"application\/ld+json\" class=\"yoast-schema-graph\">{\"@context\":\"https:\/\/schema.org\",\"@graph\":[{\"@type\":\"WebPage\",\"@id\":\"https:\/\/ak2024.ntalk.dev\/sluzby\/nemovitosti-a-stavebni-pravo\/\",\"url\":\"https:\/\/ak2024.ntalk.dev\/sluzby\/nemovitosti-a-stavebni-pravo\/\",\"name\":\"Real Estate and Construction - Achour &amp; Partners\",\"isPartOf\":{\"@id\":\"https:\/\/ak2024.ntalk.dev\/#website\"},\"datePublished\":\"2020-12-02T10:10:24+00:00\",\"dateModified\":\"2021-10-15T08:30:57+00:00\",\"breadcrumb\":{\"@id\":\"https:\/\/ak2024.ntalk.dev\/sluzby\/nemovitosti-a-stavebni-pravo\/#breadcrumb\"},\"inLanguage\":\"en-US\",\"potentialAction\":[{\"@type\":\"ReadAction\",\"target\":[\"https:\/\/ak2024.ntalk.dev\/sluzby\/nemovitosti-a-stavebni-pravo\/\"]}]},{\"@type\":\"BreadcrumbList\",\"@id\":\"https:\/\/ak2024.ntalk.dev\/sluzby\/nemovitosti-a-stavebni-pravo\/#breadcrumb\",\"itemListElement\":[{\"@type\":\"ListItem\",\"position\":1,\"name\":\"Dom\u016f\",\"item\":\"https:\/\/ak2024.ntalk.dev\/\"},{\"@type\":\"ListItem\",\"position\":2,\"name\":\"Services\",\"item\":\"https:\/\/ak2024.ntalk.dev\/sluzby\/\"},{\"@type\":\"ListItem\",\"position\":3,\"name\":\"Real Estate and Construction\"}]},{\"@type\":\"WebSite\",\"@id\":\"https:\/\/ak2024.ntalk.dev\/#website\",\"url\":\"https:\/\/ak2024.ntalk.dev\/\",\"name\":\"Achour &amp; Partners\",\"description\":\"\u010desk\u00e1 advok\u00e1tn\u00ed kancel\u00e1\u0159\",\"potentialAction\":[{\"@type\":\"SearchAction\",\"target\":{\"@type\":\"EntryPoint\",\"urlTemplate\":\"https:\/\/ak2024.ntalk.dev\/?s={search_term_string}\"},\"query-input\":{\"@type\":\"PropertyValueSpecification\",\"valueRequired\":true,\"valueName\":\"search_term_string\"}}],\"inLanguage\":\"en-US\"}]}<\/script>\n<!-- \/ Yoast SEO plugin. -->","yoast_head_json":{"title":"Real Estate and Construction - Achour &amp; Partners","robots":{"index":"noindex","follow":"follow","max-snippet":"max-snippet:-1","max-image-preview":"max-image-preview:large","max-video-preview":"max-video-preview:-1"},"og_locale":"en_US","og_type":"article","og_title":"Real Estate and Construction - Achour &amp; Partners","og_description":"Achour &amp; Partners\u2019s lawyers have vast experience with real estate transactions from the sale of individual properties through to the acquisition of real estate portfolios and projects at all stages of development. We also assist our clients with the takeover of residential projects, shopping centres, office complexes, industrial parks and infrastructure projects. We advise on [&hellip;]","og_url":"https:\/\/ak2024.ntalk.dev\/sluzby\/nemovitosti-a-stavebni-pravo\/","og_site_name":"Achour &amp; Partners","article_modified_time":"2021-10-15T08:30:57+00:00","twitter_card":"summary_large_image","twitter_misc":{"Est. reading time":"1 minute"},"schema":{"@context":"https:\/\/schema.org","@graph":[{"@type":"WebPage","@id":"https:\/\/ak2024.ntalk.dev\/sluzby\/nemovitosti-a-stavebni-pravo\/","url":"https:\/\/ak2024.ntalk.dev\/sluzby\/nemovitosti-a-stavebni-pravo\/","name":"Real Estate and Construction - Achour &amp; Partners","isPartOf":{"@id":"https:\/\/ak2024.ntalk.dev\/#website"},"datePublished":"2020-12-02T10:10:24+00:00","dateModified":"2021-10-15T08:30:57+00:00","breadcrumb":{"@id":"https:\/\/ak2024.ntalk.dev\/sluzby\/nemovitosti-a-stavebni-pravo\/#breadcrumb"},"inLanguage":"en-US","potentialAction":[{"@type":"ReadAction","target":["https:\/\/ak2024.ntalk.dev\/sluzby\/nemovitosti-a-stavebni-pravo\/"]}]},{"@type":"BreadcrumbList","@id":"https:\/\/ak2024.ntalk.dev\/sluzby\/nemovitosti-a-stavebni-pravo\/#breadcrumb","itemListElement":[{"@type":"ListItem","position":1,"name":"Dom\u016f","item":"https:\/\/ak2024.ntalk.dev\/"},{"@type":"ListItem","position":2,"name":"Services","item":"https:\/\/ak2024.ntalk.dev\/sluzby\/"},{"@type":"ListItem","position":3,"name":"Real Estate and Construction"}]},{"@type":"WebSite","@id":"https:\/\/ak2024.ntalk.dev\/#website","url":"https:\/\/ak2024.ntalk.dev\/","name":"Achour &amp; Partners","description":"\u010desk\u00e1 advok\u00e1tn\u00ed kancel\u00e1\u0159","potentialAction":[{"@type":"SearchAction","target":{"@type":"EntryPoint","urlTemplate":"https:\/\/ak2024.ntalk.dev\/?s={search_term_string}"},"query-input":{"@type":"PropertyValueSpecification","valueRequired":true,"valueName":"search_term_string"}}],"inLanguage":"en-US"}]}},"_links":{"self":[{"href":"https:\/\/ak2024.ntalk.dev\/en\/wp-json\/wp\/v2\/pages\/1776","targetHints":{"allow":["GET"]}}],"collection":[{"href":"https:\/\/ak2024.ntalk.dev\/en\/wp-json\/wp\/v2\/pages"}],"about":[{"href":"https:\/\/ak2024.ntalk.dev\/en\/wp-json\/wp\/v2\/types\/page"}],"author":[{"embeddable":true,"href":"https:\/\/ak2024.ntalk.dev\/en\/wp-json\/wp\/v2\/users\/1"}],"replies":[{"embeddable":true,"href":"https:\/\/ak2024.ntalk.dev\/en\/wp-json\/wp\/v2\/comments?post=1776"}],"version-history":[{"count":3,"href":"https:\/\/ak2024.ntalk.dev\/en\/wp-json\/wp\/v2\/pages\/1776\/revisions"}],"predecessor-version":[{"id":2555,"href":"https:\/\/ak2024.ntalk.dev\/en\/wp-json\/wp\/v2\/pages\/1776\/revisions\/2555"}],"up":[{"embeddable":true,"href":"https:\/\/ak2024.ntalk.dev\/en\/wp-json\/wp\/v2\/pages\/1759"}],"wp:attachment":[{"href":"https:\/\/ak2024.ntalk.dev\/en\/wp-json\/wp\/v2\/media?parent=1776"}],"wp:term":[{"taxonomy":"pravni-oblast","embeddable":true,"href":"https:\/\/ak2024.ntalk.dev\/en\/wp-json\/wp\/v2\/pravni-oblast?post=1776"}],"curies":[{"name":"wp","href":"https:\/\/api.w.org\/{rel}","templated":true}]}}