{"id":1773,"date":"2020-12-02T11:10:10","date_gmt":"2020-12-02T10:10:10","guid":{"rendered":"https:\/\/ak2024.ntalk.dev\/services\/soudni-spory-a-rozhodci-rizeni\/"},"modified":"2021-10-11T13:09:55","modified_gmt":"2021-10-11T11:09:55","slug":"litigation-and-arbitration","status":"publish","type":"page","link":"https:\/\/ak2024.ntalk.dev\/en\/services\/litigation-and-arbitration\/","title":{"rendered":"Litigation and Arbitration"},"content":{"rendered":"\n<p>Achour &amp; Partners provides a full range of dispute resolution services, including representation of clients in arbitration before local and international tribunals.<\/p>\n\n\n\n<p>We have acted for clients extensively at all tiers of the national judicial system. We defend the interests of our clients in appeals and other proceedings before national courts, the Czech Constitutional Court and the Court of Justice of the European Union.<\/p>\n\n\n\n<p>We offer complete out-of-court dispute resolution services, including the drafting and negotiation of settlement agreements and all associated documents.<\/p>\n","protected":false},"excerpt":{"rendered":"<p>Achour &amp; Partners provides a full range of dispute resolution services, including representation of clients in arbitration before local and international tribunals. We have acted for clients extensively at all tiers of the national judicial system. We defend the interests of our clients in appeals and other proceedings before national courts, the Czech Constitutional Court [&hellip;]<\/p>\n","protected":false},"author":1,"featured_media":0,"parent":1759,"menu_order":0,"comment_status":"closed","ping_status":"closed","template":"","meta":{"footnotes":""},"pravni-oblast":[38],"class_list":["post-1773","page","type-page","status-publish","hentry","pravni-oblast-soudni-spory-a-rozhodci-rizeni-en"],"yoast_head":"<!-- This site is optimized with the Yoast SEO plugin v25.4 - https:\/\/yoast.com\/wordpress\/plugins\/seo\/ -->\n<title>Litigation and Arbitration - Achour &amp; Partners<\/title>\n<meta name=\"robots\" content=\"noindex, follow, max-snippet:-1, max-image-preview:large, max-video-preview:-1\" \/>\n<meta property=\"og:locale\" content=\"en_US\" \/>\n<meta property=\"og:type\" content=\"article\" \/>\n<meta property=\"og:title\" content=\"Litigation and Arbitration - Achour &amp; Partners\" \/>\n<meta property=\"og:description\" content=\"Achour &amp; Partners provides a full range of dispute resolution services, including representation of clients in arbitration before local and international tribunals. We have acted for clients extensively at all tiers of the national judicial system. We defend the interests of our clients in appeals and other proceedings before national courts, the Czech Constitutional Court [&hellip;]\" \/>\n<meta property=\"og:url\" content=\"https:\/\/ak2024.ntalk.dev\/sluzby\/soudni-spory-a-rozhodci-rizeni\/\" \/>\n<meta property=\"og:site_name\" content=\"Achour &amp; Partners\" \/>\n<meta property=\"article:modified_time\" content=\"2021-10-11T11:09:55+00:00\" \/>\n<meta name=\"twitter:card\" content=\"summary_large_image\" \/>\n<script type=\"application\/ld+json\" class=\"yoast-schema-graph\">{\"@context\":\"https:\/\/schema.org\",\"@graph\":[{\"@type\":\"WebPage\",\"@id\":\"https:\/\/ak2024.ntalk.dev\/sluzby\/soudni-spory-a-rozhodci-rizeni\/\",\"url\":\"https:\/\/ak2024.ntalk.dev\/sluzby\/soudni-spory-a-rozhodci-rizeni\/\",\"name\":\"Litigation and Arbitration - Achour &amp; Partners\",\"isPartOf\":{\"@id\":\"https:\/\/ak2024.ntalk.dev\/#website\"},\"datePublished\":\"2020-12-02T10:10:10+00:00\",\"dateModified\":\"2021-10-11T11:09:55+00:00\",\"breadcrumb\":{\"@id\":\"https:\/\/ak2024.ntalk.dev\/sluzby\/soudni-spory-a-rozhodci-rizeni\/#breadcrumb\"},\"inLanguage\":\"en-US\",\"potentialAction\":[{\"@type\":\"ReadAction\",\"target\":[\"https:\/\/ak2024.ntalk.dev\/sluzby\/soudni-spory-a-rozhodci-rizeni\/\"]}]},{\"@type\":\"BreadcrumbList\",\"@id\":\"https:\/\/ak2024.ntalk.dev\/sluzby\/soudni-spory-a-rozhodci-rizeni\/#breadcrumb\",\"itemListElement\":[{\"@type\":\"ListItem\",\"position\":1,\"name\":\"Dom\u016f\",\"item\":\"https:\/\/ak2024.ntalk.dev\/\"},{\"@type\":\"ListItem\",\"position\":2,\"name\":\"Services\",\"item\":\"https:\/\/ak2024.ntalk.dev\/sluzby\/\"},{\"@type\":\"ListItem\",\"position\":3,\"name\":\"Litigation and Arbitration\"}]},{\"@type\":\"WebSite\",\"@id\":\"https:\/\/ak2024.ntalk.dev\/#website\",\"url\":\"https:\/\/ak2024.ntalk.dev\/\",\"name\":\"Achour &amp; Partners\",\"description\":\"\u010desk\u00e1 advok\u00e1tn\u00ed kancel\u00e1\u0159\",\"potentialAction\":[{\"@type\":\"SearchAction\",\"target\":{\"@type\":\"EntryPoint\",\"urlTemplate\":\"https:\/\/ak2024.ntalk.dev\/?s={search_term_string}\"},\"query-input\":{\"@type\":\"PropertyValueSpecification\",\"valueRequired\":true,\"valueName\":\"search_term_string\"}}],\"inLanguage\":\"en-US\"}]}<\/script>\n<!-- \/ Yoast SEO plugin. -->","yoast_head_json":{"title":"Litigation and Arbitration - Achour &amp; Partners","robots":{"index":"noindex","follow":"follow","max-snippet":"max-snippet:-1","max-image-preview":"max-image-preview:large","max-video-preview":"max-video-preview:-1"},"og_locale":"en_US","og_type":"article","og_title":"Litigation and Arbitration - Achour &amp; Partners","og_description":"Achour &amp; Partners provides a full range of dispute resolution services, including representation of clients in arbitration before local and international tribunals. We have acted for clients extensively at all tiers of the national judicial system. We defend the interests of our clients in appeals and other proceedings before national courts, the Czech Constitutional Court [&hellip;]","og_url":"https:\/\/ak2024.ntalk.dev\/sluzby\/soudni-spory-a-rozhodci-rizeni\/","og_site_name":"Achour &amp; Partners","article_modified_time":"2021-10-11T11:09:55+00:00","twitter_card":"summary_large_image","schema":{"@context":"https:\/\/schema.org","@graph":[{"@type":"WebPage","@id":"https:\/\/ak2024.ntalk.dev\/sluzby\/soudni-spory-a-rozhodci-rizeni\/","url":"https:\/\/ak2024.ntalk.dev\/sluzby\/soudni-spory-a-rozhodci-rizeni\/","name":"Litigation and Arbitration - Achour &amp; Partners","isPartOf":{"@id":"https:\/\/ak2024.ntalk.dev\/#website"},"datePublished":"2020-12-02T10:10:10+00:00","dateModified":"2021-10-11T11:09:55+00:00","breadcrumb":{"@id":"https:\/\/ak2024.ntalk.dev\/sluzby\/soudni-spory-a-rozhodci-rizeni\/#breadcrumb"},"inLanguage":"en-US","potentialAction":[{"@type":"ReadAction","target":["https:\/\/ak2024.ntalk.dev\/sluzby\/soudni-spory-a-rozhodci-rizeni\/"]}]},{"@type":"BreadcrumbList","@id":"https:\/\/ak2024.ntalk.dev\/sluzby\/soudni-spory-a-rozhodci-rizeni\/#breadcrumb","itemListElement":[{"@type":"ListItem","position":1,"name":"Dom\u016f","item":"https:\/\/ak2024.ntalk.dev\/"},{"@type":"ListItem","position":2,"name":"Services","item":"https:\/\/ak2024.ntalk.dev\/sluzby\/"},{"@type":"ListItem","position":3,"name":"Litigation and Arbitration"}]},{"@type":"WebSite","@id":"https:\/\/ak2024.ntalk.dev\/#website","url":"https:\/\/ak2024.ntalk.dev\/","name":"Achour &amp; Partners","description":"\u010desk\u00e1 advok\u00e1tn\u00ed kancel\u00e1\u0159","potentialAction":[{"@type":"SearchAction","target":{"@type":"EntryPoint","urlTemplate":"https:\/\/ak2024.ntalk.dev\/?s={search_term_string}"},"query-input":{"@type":"PropertyValueSpecification","valueRequired":true,"valueName":"search_term_string"}}],"inLanguage":"en-US"}]}},"_links":{"self":[{"href":"https:\/\/ak2024.ntalk.dev\/en\/wp-json\/wp\/v2\/pages\/1773","targetHints":{"allow":["GET"]}}],"collection":[{"href":"https:\/\/ak2024.ntalk.dev\/en\/wp-json\/wp\/v2\/pages"}],"about":[{"href":"https:\/\/ak2024.ntalk.dev\/en\/wp-json\/wp\/v2\/types\/page"}],"author":[{"embeddable":true,"href":"https:\/\/ak2024.ntalk.dev\/en\/wp-json\/wp\/v2\/users\/1"}],"replies":[{"embeddable":true,"href":"https:\/\/ak2024.ntalk.dev\/en\/wp-json\/wp\/v2\/comments?post=1773"}],"version-history":[{"count":2,"href":"https:\/\/ak2024.ntalk.dev\/en\/wp-json\/wp\/v2\/pages\/1773\/revisions"}],"predecessor-version":[{"id":1945,"href":"https:\/\/ak2024.ntalk.dev\/en\/wp-json\/wp\/v2\/pages\/1773\/revisions\/1945"}],"up":[{"embeddable":true,"href":"https:\/\/ak2024.ntalk.dev\/en\/wp-json\/wp\/v2\/pages\/1759"}],"wp:attachment":[{"href":"https:\/\/ak2024.ntalk.dev\/en\/wp-json\/wp\/v2\/media?parent=1773"}],"wp:term":[{"taxonomy":"pravni-oblast","embeddable":true,"href":"https:\/\/ak2024.ntalk.dev\/en\/wp-json\/wp\/v2\/pravni-oblast?post=1773"}],"curies":[{"name":"wp","href":"https:\/\/api.w.org\/{rel}","templated":true}]}}