{"id":1770,"date":"2021-07-16T06:12:46","date_gmt":"2021-07-16T04:12:46","guid":{"rendered":"https:\/\/ak2024.ntalk.dev\/services\/restrukturalizace-a-insolvence\/"},"modified":"2021-10-11T13:10:09","modified_gmt":"2021-10-11T11:10:09","slug":"restructuring-and-insolvency","status":"publish","type":"page","link":"https:\/\/ak2024.ntalk.dev\/en\/services\/restructuring-and-insolvency\/","title":{"rendered":"Restructuring and Insolvency"},"content":{"rendered":"\n<p>Achour &amp; Partners offers comprehensive legal assistance to businesses in financial difficulty. We design optimal restructuring solutions, prepare all relevant documentation and advise on reorganisation.<\/p>\n\n\n\n<p>Our lawyers also represent creditors in insolvency proceedings and serve on creditors\u2019 committees. We have significant experience with insolvency-related disputes and similar issues at both local and international levels.<\/p>\n","protected":false},"excerpt":{"rendered":"<p>Achour &amp; Partners offers comprehensive legal assistance to businesses in financial difficulty. We design optimal restructuring solutions, prepare all relevant documentation and advise on reorganisation. Our lawyers also represent creditors in insolvency proceedings and serve on creditors\u2019 committees. We have significant experience with insolvency-related disputes and similar issues at both local and international levels.<\/p>\n","protected":false},"author":1,"featured_media":0,"parent":1759,"menu_order":0,"comment_status":"closed","ping_status":"closed","template":"","meta":{"footnotes":""},"pravni-oblast":[40],"class_list":["post-1770","page","type-page","status-publish","hentry","pravni-oblast-restrukturalizace-a-insolvence-en"],"yoast_head":"<!-- This site is optimized with the Yoast SEO plugin v25.4 - https:\/\/yoast.com\/wordpress\/plugins\/seo\/ -->\n<title>Restructuring and Insolvency - Achour &amp; Partners<\/title>\n<meta name=\"robots\" content=\"noindex, follow, max-snippet:-1, max-image-preview:large, max-video-preview:-1\" \/>\n<meta property=\"og:locale\" content=\"en_US\" \/>\n<meta property=\"og:type\" content=\"article\" \/>\n<meta property=\"og:title\" content=\"Restructuring and Insolvency - Achour &amp; Partners\" \/>\n<meta property=\"og:description\" content=\"Achour &amp; Partners offers comprehensive legal assistance to businesses in financial difficulty. We design optimal restructuring solutions, prepare all relevant documentation and advise on reorganisation. Our lawyers also represent creditors in insolvency proceedings and serve on creditors\u2019 committees. We have significant experience with insolvency-related disputes and similar issues at both local and international levels.\" \/>\n<meta property=\"og:url\" content=\"https:\/\/ak2024.ntalk.dev\/sluzby\/restrukturalizace-a-insolvence\/\" \/>\n<meta property=\"og:site_name\" content=\"Achour &amp; Partners\" \/>\n<meta property=\"article:modified_time\" content=\"2021-10-11T11:10:09+00:00\" \/>\n<meta name=\"twitter:card\" content=\"summary_large_image\" \/>\n<script type=\"application\/ld+json\" class=\"yoast-schema-graph\">{\"@context\":\"https:\/\/schema.org\",\"@graph\":[{\"@type\":\"WebPage\",\"@id\":\"https:\/\/ak2024.ntalk.dev\/sluzby\/restrukturalizace-a-insolvence\/\",\"url\":\"https:\/\/ak2024.ntalk.dev\/sluzby\/restrukturalizace-a-insolvence\/\",\"name\":\"Restructuring and Insolvency - Achour &amp; Partners\",\"isPartOf\":{\"@id\":\"https:\/\/ak2024.ntalk.dev\/#website\"},\"datePublished\":\"2021-07-16T04:12:46+00:00\",\"dateModified\":\"2021-10-11T11:10:09+00:00\",\"breadcrumb\":{\"@id\":\"https:\/\/ak2024.ntalk.dev\/sluzby\/restrukturalizace-a-insolvence\/#breadcrumb\"},\"inLanguage\":\"en-US\",\"potentialAction\":[{\"@type\":\"ReadAction\",\"target\":[\"https:\/\/ak2024.ntalk.dev\/sluzby\/restrukturalizace-a-insolvence\/\"]}]},{\"@type\":\"BreadcrumbList\",\"@id\":\"https:\/\/ak2024.ntalk.dev\/sluzby\/restrukturalizace-a-insolvence\/#breadcrumb\",\"itemListElement\":[{\"@type\":\"ListItem\",\"position\":1,\"name\":\"Dom\u016f\",\"item\":\"https:\/\/ak2024.ntalk.dev\/\"},{\"@type\":\"ListItem\",\"position\":2,\"name\":\"Services\",\"item\":\"https:\/\/ak2024.ntalk.dev\/sluzby\/\"},{\"@type\":\"ListItem\",\"position\":3,\"name\":\"Restructuring and Insolvency\"}]},{\"@type\":\"WebSite\",\"@id\":\"https:\/\/ak2024.ntalk.dev\/#website\",\"url\":\"https:\/\/ak2024.ntalk.dev\/\",\"name\":\"Achour &amp; Partners\",\"description\":\"\u010desk\u00e1 advok\u00e1tn\u00ed kancel\u00e1\u0159\",\"potentialAction\":[{\"@type\":\"SearchAction\",\"target\":{\"@type\":\"EntryPoint\",\"urlTemplate\":\"https:\/\/ak2024.ntalk.dev\/?s={search_term_string}\"},\"query-input\":{\"@type\":\"PropertyValueSpecification\",\"valueRequired\":true,\"valueName\":\"search_term_string\"}}],\"inLanguage\":\"en-US\"}]}<\/script>\n<!-- \/ Yoast SEO plugin. -->","yoast_head_json":{"title":"Restructuring and Insolvency - Achour &amp; Partners","robots":{"index":"noindex","follow":"follow","max-snippet":"max-snippet:-1","max-image-preview":"max-image-preview:large","max-video-preview":"max-video-preview:-1"},"og_locale":"en_US","og_type":"article","og_title":"Restructuring and Insolvency - Achour &amp; Partners","og_description":"Achour &amp; Partners offers comprehensive legal assistance to businesses in financial difficulty. We design optimal restructuring solutions, prepare all relevant documentation and advise on reorganisation. Our lawyers also represent creditors in insolvency proceedings and serve on creditors\u2019 committees. We have significant experience with insolvency-related disputes and similar issues at both local and international levels.","og_url":"https:\/\/ak2024.ntalk.dev\/sluzby\/restrukturalizace-a-insolvence\/","og_site_name":"Achour &amp; Partners","article_modified_time":"2021-10-11T11:10:09+00:00","twitter_card":"summary_large_image","schema":{"@context":"https:\/\/schema.org","@graph":[{"@type":"WebPage","@id":"https:\/\/ak2024.ntalk.dev\/sluzby\/restrukturalizace-a-insolvence\/","url":"https:\/\/ak2024.ntalk.dev\/sluzby\/restrukturalizace-a-insolvence\/","name":"Restructuring and Insolvency - Achour &amp; Partners","isPartOf":{"@id":"https:\/\/ak2024.ntalk.dev\/#website"},"datePublished":"2021-07-16T04:12:46+00:00","dateModified":"2021-10-11T11:10:09+00:00","breadcrumb":{"@id":"https:\/\/ak2024.ntalk.dev\/sluzby\/restrukturalizace-a-insolvence\/#breadcrumb"},"inLanguage":"en-US","potentialAction":[{"@type":"ReadAction","target":["https:\/\/ak2024.ntalk.dev\/sluzby\/restrukturalizace-a-insolvence\/"]}]},{"@type":"BreadcrumbList","@id":"https:\/\/ak2024.ntalk.dev\/sluzby\/restrukturalizace-a-insolvence\/#breadcrumb","itemListElement":[{"@type":"ListItem","position":1,"name":"Dom\u016f","item":"https:\/\/ak2024.ntalk.dev\/"},{"@type":"ListItem","position":2,"name":"Services","item":"https:\/\/ak2024.ntalk.dev\/sluzby\/"},{"@type":"ListItem","position":3,"name":"Restructuring and Insolvency"}]},{"@type":"WebSite","@id":"https:\/\/ak2024.ntalk.dev\/#website","url":"https:\/\/ak2024.ntalk.dev\/","name":"Achour &amp; Partners","description":"\u010desk\u00e1 advok\u00e1tn\u00ed kancel\u00e1\u0159","potentialAction":[{"@type":"SearchAction","target":{"@type":"EntryPoint","urlTemplate":"https:\/\/ak2024.ntalk.dev\/?s={search_term_string}"},"query-input":{"@type":"PropertyValueSpecification","valueRequired":true,"valueName":"search_term_string"}}],"inLanguage":"en-US"}]}},"_links":{"self":[{"href":"https:\/\/ak2024.ntalk.dev\/en\/wp-json\/wp\/v2\/pages\/1770","targetHints":{"allow":["GET"]}}],"collection":[{"href":"https:\/\/ak2024.ntalk.dev\/en\/wp-json\/wp\/v2\/pages"}],"about":[{"href":"https:\/\/ak2024.ntalk.dev\/en\/wp-json\/wp\/v2\/types\/page"}],"author":[{"embeddable":true,"href":"https:\/\/ak2024.ntalk.dev\/en\/wp-json\/wp\/v2\/users\/1"}],"replies":[{"embeddable":true,"href":"https:\/\/ak2024.ntalk.dev\/en\/wp-json\/wp\/v2\/comments?post=1770"}],"version-history":[{"count":2,"href":"https:\/\/ak2024.ntalk.dev\/en\/wp-json\/wp\/v2\/pages\/1770\/revisions"}],"predecessor-version":[{"id":1948,"href":"https:\/\/ak2024.ntalk.dev\/en\/wp-json\/wp\/v2\/pages\/1770\/revisions\/1948"}],"up":[{"embeddable":true,"href":"https:\/\/ak2024.ntalk.dev\/en\/wp-json\/wp\/v2\/pages\/1759"}],"wp:attachment":[{"href":"https:\/\/ak2024.ntalk.dev\/en\/wp-json\/wp\/v2\/media?parent=1770"}],"wp:term":[{"taxonomy":"pravni-oblast","embeddable":true,"href":"https:\/\/ak2024.ntalk.dev\/en\/wp-json\/wp\/v2\/pravni-oblast?post=1770"}],"curies":[{"name":"wp","href":"https:\/\/api.w.org\/{rel}","templated":true}]}}