{"id":1756,"date":"2020-12-02T11:09:20","date_gmt":"2020-12-02T10:09:20","guid":{"rendered":"https:\/\/ak2024.ntalk.dev\/pravo-obchodnich-spolecnosti\/"},"modified":"2021-10-11T13:09:32","modified_gmt":"2021-10-11T11:09:32","slug":"corporate-governance","status":"publish","type":"page","link":"https:\/\/ak2024.ntalk.dev\/en\/services\/corporate-governance\/","title":{"rendered":"Corporate Governance"},"content":{"rendered":"\n<p>We advise on a broad spectrum of corporate work. Our clients range from major listed corporations to medium-sized enterprises and privately-held companies. Our services address all the legal issues affecting stock corporations and corporate groups, including all aspects of corporate governance, such as duties under the Business Corporations Act. We create optimal corporate and group structures for our clients and review the compliance of existing arrangements.<\/p>\n\n\n\n<p>Achour &amp; Partners has vast experience in handling other legal issues facing corporate groups, such as the increase and decrease of registered capital, shareholders\u2019 agreements and employee stock option plans (ESOPs). We provide comprehensive legal advice on the day-to-day operations of corporate groups.<\/p>\n","protected":false},"excerpt":{"rendered":"<p>We advise on a broad spectrum of corporate work. Our clients range from major listed corporations to medium-sized enterprises and privately-held companies. Our services address all the legal issues affecting stock corporations and corporate groups, including all aspects of corporate governance, such as duties under the Business Corporations Act. We create optimal corporate and group [&hellip;]<\/p>\n","protected":false},"author":1,"featured_media":0,"parent":1759,"menu_order":0,"comment_status":"closed","ping_status":"closed","template":"","meta":{"footnotes":""},"pravni-oblast":[37],"class_list":["post-1756","page","type-page","status-publish","hentry","pravni-oblast-pravo-obchodnich-spolecnosti-en"],"yoast_head":"<!-- This site is optimized with the Yoast SEO plugin v25.4 - https:\/\/yoast.com\/wordpress\/plugins\/seo\/ -->\n<title>Corporate Governance - Achour &amp; Partners<\/title>\n<meta name=\"robots\" content=\"noindex, follow, max-snippet:-1, max-image-preview:large, max-video-preview:-1\" \/>\n<meta property=\"og:locale\" content=\"en_US\" \/>\n<meta property=\"og:type\" content=\"article\" \/>\n<meta property=\"og:title\" content=\"Corporate Governance - Achour &amp; Partners\" \/>\n<meta property=\"og:description\" content=\"We advise on a broad spectrum of corporate work. Our clients range from major listed corporations to medium-sized enterprises and privately-held companies. Our services address all the legal issues affecting stock corporations and corporate groups, including all aspects of corporate governance, such as duties under the Business Corporations Act. We create optimal corporate and group [&hellip;]\" \/>\n<meta property=\"og:url\" content=\"https:\/\/ak2024.ntalk.dev\/sluzby\/pravo-obchodnich-spolecnosti\/\" \/>\n<meta property=\"og:site_name\" content=\"Achour &amp; Partners\" \/>\n<meta property=\"article:modified_time\" content=\"2021-10-11T11:09:32+00:00\" \/>\n<meta name=\"twitter:card\" content=\"summary_large_image\" \/>\n<meta name=\"twitter:label1\" content=\"Est. reading time\" \/>\n\t<meta name=\"twitter:data1\" content=\"1 minute\" \/>\n<script type=\"application\/ld+json\" class=\"yoast-schema-graph\">{\"@context\":\"https:\/\/schema.org\",\"@graph\":[{\"@type\":\"WebPage\",\"@id\":\"https:\/\/ak2024.ntalk.dev\/sluzby\/pravo-obchodnich-spolecnosti\/\",\"url\":\"https:\/\/ak2024.ntalk.dev\/sluzby\/pravo-obchodnich-spolecnosti\/\",\"name\":\"Corporate Governance - Achour &amp; Partners\",\"isPartOf\":{\"@id\":\"https:\/\/ak2024.ntalk.dev\/#website\"},\"datePublished\":\"2020-12-02T10:09:20+00:00\",\"dateModified\":\"2021-10-11T11:09:32+00:00\",\"breadcrumb\":{\"@id\":\"https:\/\/ak2024.ntalk.dev\/sluzby\/pravo-obchodnich-spolecnosti\/#breadcrumb\"},\"inLanguage\":\"en-US\",\"potentialAction\":[{\"@type\":\"ReadAction\",\"target\":[\"https:\/\/ak2024.ntalk.dev\/sluzby\/pravo-obchodnich-spolecnosti\/\"]}]},{\"@type\":\"BreadcrumbList\",\"@id\":\"https:\/\/ak2024.ntalk.dev\/sluzby\/pravo-obchodnich-spolecnosti\/#breadcrumb\",\"itemListElement\":[{\"@type\":\"ListItem\",\"position\":1,\"name\":\"Dom\u016f\",\"item\":\"https:\/\/ak2024.ntalk.dev\/\"},{\"@type\":\"ListItem\",\"position\":2,\"name\":\"Services\",\"item\":\"https:\/\/ak2024.ntalk.dev\/sluzby\/\"},{\"@type\":\"ListItem\",\"position\":3,\"name\":\"Corporate Governance\"}]},{\"@type\":\"WebSite\",\"@id\":\"https:\/\/ak2024.ntalk.dev\/#website\",\"url\":\"https:\/\/ak2024.ntalk.dev\/\",\"name\":\"Achour &amp; Partners\",\"description\":\"\u010desk\u00e1 advok\u00e1tn\u00ed kancel\u00e1\u0159\",\"potentialAction\":[{\"@type\":\"SearchAction\",\"target\":{\"@type\":\"EntryPoint\",\"urlTemplate\":\"https:\/\/ak2024.ntalk.dev\/?s={search_term_string}\"},\"query-input\":{\"@type\":\"PropertyValueSpecification\",\"valueRequired\":true,\"valueName\":\"search_term_string\"}}],\"inLanguage\":\"en-US\"}]}<\/script>\n<!-- \/ Yoast SEO plugin. -->","yoast_head_json":{"title":"Corporate Governance - Achour &amp; Partners","robots":{"index":"noindex","follow":"follow","max-snippet":"max-snippet:-1","max-image-preview":"max-image-preview:large","max-video-preview":"max-video-preview:-1"},"og_locale":"en_US","og_type":"article","og_title":"Corporate Governance - Achour &amp; Partners","og_description":"We advise on a broad spectrum of corporate work. Our clients range from major listed corporations to medium-sized enterprises and privately-held companies. Our services address all the legal issues affecting stock corporations and corporate groups, including all aspects of corporate governance, such as duties under the Business Corporations Act. We create optimal corporate and group [&hellip;]","og_url":"https:\/\/ak2024.ntalk.dev\/sluzby\/pravo-obchodnich-spolecnosti\/","og_site_name":"Achour &amp; Partners","article_modified_time":"2021-10-11T11:09:32+00:00","twitter_card":"summary_large_image","twitter_misc":{"Est. reading time":"1 minute"},"schema":{"@context":"https:\/\/schema.org","@graph":[{"@type":"WebPage","@id":"https:\/\/ak2024.ntalk.dev\/sluzby\/pravo-obchodnich-spolecnosti\/","url":"https:\/\/ak2024.ntalk.dev\/sluzby\/pravo-obchodnich-spolecnosti\/","name":"Corporate Governance - Achour &amp; Partners","isPartOf":{"@id":"https:\/\/ak2024.ntalk.dev\/#website"},"datePublished":"2020-12-02T10:09:20+00:00","dateModified":"2021-10-11T11:09:32+00:00","breadcrumb":{"@id":"https:\/\/ak2024.ntalk.dev\/sluzby\/pravo-obchodnich-spolecnosti\/#breadcrumb"},"inLanguage":"en-US","potentialAction":[{"@type":"ReadAction","target":["https:\/\/ak2024.ntalk.dev\/sluzby\/pravo-obchodnich-spolecnosti\/"]}]},{"@type":"BreadcrumbList","@id":"https:\/\/ak2024.ntalk.dev\/sluzby\/pravo-obchodnich-spolecnosti\/#breadcrumb","itemListElement":[{"@type":"ListItem","position":1,"name":"Dom\u016f","item":"https:\/\/ak2024.ntalk.dev\/"},{"@type":"ListItem","position":2,"name":"Services","item":"https:\/\/ak2024.ntalk.dev\/sluzby\/"},{"@type":"ListItem","position":3,"name":"Corporate Governance"}]},{"@type":"WebSite","@id":"https:\/\/ak2024.ntalk.dev\/#website","url":"https:\/\/ak2024.ntalk.dev\/","name":"Achour &amp; Partners","description":"\u010desk\u00e1 advok\u00e1tn\u00ed kancel\u00e1\u0159","potentialAction":[{"@type":"SearchAction","target":{"@type":"EntryPoint","urlTemplate":"https:\/\/ak2024.ntalk.dev\/?s={search_term_string}"},"query-input":{"@type":"PropertyValueSpecification","valueRequired":true,"valueName":"search_term_string"}}],"inLanguage":"en-US"}]}},"_links":{"self":[{"href":"https:\/\/ak2024.ntalk.dev\/en\/wp-json\/wp\/v2\/pages\/1756","targetHints":{"allow":["GET"]}}],"collection":[{"href":"https:\/\/ak2024.ntalk.dev\/en\/wp-json\/wp\/v2\/pages"}],"about":[{"href":"https:\/\/ak2024.ntalk.dev\/en\/wp-json\/wp\/v2\/types\/page"}],"author":[{"embeddable":true,"href":"https:\/\/ak2024.ntalk.dev\/en\/wp-json\/wp\/v2\/users\/1"}],"replies":[{"embeddable":true,"href":"https:\/\/ak2024.ntalk.dev\/en\/wp-json\/wp\/v2\/comments?post=1756"}],"version-history":[{"count":2,"href":"https:\/\/ak2024.ntalk.dev\/en\/wp-json\/wp\/v2\/pages\/1756\/revisions"}],"predecessor-version":[{"id":1942,"href":"https:\/\/ak2024.ntalk.dev\/en\/wp-json\/wp\/v2\/pages\/1756\/revisions\/1942"}],"up":[{"embeddable":true,"href":"https:\/\/ak2024.ntalk.dev\/en\/wp-json\/wp\/v2\/pages\/1759"}],"wp:attachment":[{"href":"https:\/\/ak2024.ntalk.dev\/en\/wp-json\/wp\/v2\/media?parent=1756"}],"wp:term":[{"taxonomy":"pravni-oblast","embeddable":true,"href":"https:\/\/ak2024.ntalk.dev\/en\/wp-json\/wp\/v2\/pravni-oblast?post=1756"}],"curies":[{"name":"wp","href":"https:\/\/api.w.org\/{rel}","templated":true}]}}