{"id":1691,"date":"2021-02-12T09:51:09","date_gmt":"2021-02-12T08:51:09","guid":{"rendered":"https:\/\/ak2024.ntalk.dev\/nas-pristup\/"},"modified":"2021-10-13T08:06:13","modified_gmt":"2021-10-13T06:06:13","slug":"our-commitment","status":"publish","type":"page","link":"https:\/\/ak2024.ntalk.dev\/en\/about-us\/our-commitment\/","title":{"rendered":"Our commitment"},"content":{"rendered":"\n<p>We are honoured to support our clients and committed to providing legal solutions that help them thrive.<\/p>\n\n\n\n<p>We understand that access to high-quality information is vital for corporate decision-making. That\u2019s why we identify all relevant risks and lay out the best and most cost-effective strategies and alternatives from the very outset. It\u2019s also why we\u2019re there to provide immediate advice on changes and new targets.<\/p>\n\n\n\n<p>Our clients are guaranteed high-level advice that\u2019s tailored to their priorities and goals at every stage of a transaction or dispute resolution.<\/p>\n\n\n\n<p>We value legal excellence, smart business thinking and clear and direct client communication. We take a highly pragmatic view based on our exceptional knowledge of the legal environment and experience of international and local markets.<\/p>\n","protected":false},"excerpt":{"rendered":"<p>We find the smartest solution.<\/p>\n","protected":false},"author":1,"featured_media":1693,"parent":1704,"menu_order":30,"comment_status":"closed","ping_status":"closed","template":"page-full-white-about-us.php","meta":{"footnotes":""},"pravni-oblast":[],"class_list":["post-1691","page","type-page","status-publish","has-post-thumbnail","hentry"],"yoast_head":"<!-- This site is optimized with the Yoast SEO plugin v25.4 - https:\/\/yoast.com\/wordpress\/plugins\/seo\/ -->\n<title>Our commitment - Achour &amp; Partners<\/title>\n<meta name=\"robots\" content=\"noindex, follow, max-snippet:-1, max-image-preview:large, max-video-preview:-1\" \/>\n<meta property=\"og:locale\" content=\"en_US\" \/>\n<meta property=\"og:type\" content=\"article\" \/>\n<meta property=\"og:title\" content=\"Our commitment - Achour &amp; Partners\" \/>\n<meta property=\"og:description\" content=\"We find the smartest solution.\" \/>\n<meta property=\"og:url\" content=\"https:\/\/ak2024.ntalk.dev\/o-nas\/nas-pristup\/\" \/>\n<meta property=\"og:site_name\" content=\"Achour &amp; Partners\" \/>\n<meta property=\"article:modified_time\" content=\"2021-10-13T06:06:13+00:00\" \/>\n<meta property=\"og:image\" content=\"https:\/\/ak2024.ntalk.dev\/wp-content\/uploads\/2021\/07\/pristup2.jpg\" \/>\n\t<meta property=\"og:image:width\" content=\"600\" \/>\n\t<meta property=\"og:image:height\" content=\"600\" \/>\n\t<meta property=\"og:image:type\" content=\"image\/jpeg\" \/>\n<meta name=\"twitter:card\" content=\"summary_large_image\" \/>\n<meta name=\"twitter:label1\" content=\"Est. reading time\" \/>\n\t<meta name=\"twitter:data1\" content=\"1 minute\" \/>\n<script type=\"application\/ld+json\" class=\"yoast-schema-graph\">{\"@context\":\"https:\/\/schema.org\",\"@graph\":[{\"@type\":\"WebPage\",\"@id\":\"https:\/\/ak2024.ntalk.dev\/o-nas\/nas-pristup\/\",\"url\":\"https:\/\/ak2024.ntalk.dev\/o-nas\/nas-pristup\/\",\"name\":\"Our commitment - Achour &amp; Partners\",\"isPartOf\":{\"@id\":\"https:\/\/ak2024.ntalk.dev\/#website\"},\"primaryImageOfPage\":{\"@id\":\"https:\/\/ak2024.ntalk.dev\/o-nas\/nas-pristup\/#primaryimage\"},\"image\":{\"@id\":\"https:\/\/ak2024.ntalk.dev\/o-nas\/nas-pristup\/#primaryimage\"},\"thumbnailUrl\":\"https:\/\/ak2024.ntalk.dev\/wp-content\/uploads\/2021\/07\/pristup2.jpg\",\"datePublished\":\"2021-02-12T08:51:09+00:00\",\"dateModified\":\"2021-10-13T06:06:13+00:00\",\"breadcrumb\":{\"@id\":\"https:\/\/ak2024.ntalk.dev\/o-nas\/nas-pristup\/#breadcrumb\"},\"inLanguage\":\"en-US\",\"potentialAction\":[{\"@type\":\"ReadAction\",\"target\":[\"https:\/\/ak2024.ntalk.dev\/o-nas\/nas-pristup\/\"]}]},{\"@type\":\"ImageObject\",\"inLanguage\":\"en-US\",\"@id\":\"https:\/\/ak2024.ntalk.dev\/o-nas\/nas-pristup\/#primaryimage\",\"url\":\"https:\/\/ak2024.ntalk.dev\/wp-content\/uploads\/2021\/07\/pristup2.jpg\",\"contentUrl\":\"https:\/\/ak2024.ntalk.dev\/wp-content\/uploads\/2021\/07\/pristup2.jpg\",\"width\":600,\"height\":600},{\"@type\":\"BreadcrumbList\",\"@id\":\"https:\/\/ak2024.ntalk.dev\/o-nas\/nas-pristup\/#breadcrumb\",\"itemListElement\":[{\"@type\":\"ListItem\",\"position\":1,\"name\":\"Dom\u016f\",\"item\":\"https:\/\/ak2024.ntalk.dev\/\"},{\"@type\":\"ListItem\",\"position\":2,\"name\":\"About us\",\"item\":\"https:\/\/ak2024.ntalk.dev\/o-nas\/\"},{\"@type\":\"ListItem\",\"position\":3,\"name\":\"Our commitment\"}]},{\"@type\":\"WebSite\",\"@id\":\"https:\/\/ak2024.ntalk.dev\/#website\",\"url\":\"https:\/\/ak2024.ntalk.dev\/\",\"name\":\"Achour &amp; Partners\",\"description\":\"\u010desk\u00e1 advok\u00e1tn\u00ed kancel\u00e1\u0159\",\"potentialAction\":[{\"@type\":\"SearchAction\",\"target\":{\"@type\":\"EntryPoint\",\"urlTemplate\":\"https:\/\/ak2024.ntalk.dev\/?s={search_term_string}\"},\"query-input\":{\"@type\":\"PropertyValueSpecification\",\"valueRequired\":true,\"valueName\":\"search_term_string\"}}],\"inLanguage\":\"en-US\"}]}<\/script>\n<!-- \/ Yoast SEO plugin. -->","yoast_head_json":{"title":"Our commitment - Achour &amp; Partners","robots":{"index":"noindex","follow":"follow","max-snippet":"max-snippet:-1","max-image-preview":"max-image-preview:large","max-video-preview":"max-video-preview:-1"},"og_locale":"en_US","og_type":"article","og_title":"Our commitment - Achour &amp; Partners","og_description":"We find the smartest solution.","og_url":"https:\/\/ak2024.ntalk.dev\/o-nas\/nas-pristup\/","og_site_name":"Achour &amp; Partners","article_modified_time":"2021-10-13T06:06:13+00:00","og_image":[{"width":600,"height":600,"url":"https:\/\/ak2024.ntalk.dev\/wp-content\/uploads\/2021\/07\/pristup2.jpg","type":"image\/jpeg"}],"twitter_card":"summary_large_image","twitter_misc":{"Est. reading time":"1 minute"},"schema":{"@context":"https:\/\/schema.org","@graph":[{"@type":"WebPage","@id":"https:\/\/ak2024.ntalk.dev\/o-nas\/nas-pristup\/","url":"https:\/\/ak2024.ntalk.dev\/o-nas\/nas-pristup\/","name":"Our commitment - Achour &amp; Partners","isPartOf":{"@id":"https:\/\/ak2024.ntalk.dev\/#website"},"primaryImageOfPage":{"@id":"https:\/\/ak2024.ntalk.dev\/o-nas\/nas-pristup\/#primaryimage"},"image":{"@id":"https:\/\/ak2024.ntalk.dev\/o-nas\/nas-pristup\/#primaryimage"},"thumbnailUrl":"https:\/\/ak2024.ntalk.dev\/wp-content\/uploads\/2021\/07\/pristup2.jpg","datePublished":"2021-02-12T08:51:09+00:00","dateModified":"2021-10-13T06:06:13+00:00","breadcrumb":{"@id":"https:\/\/ak2024.ntalk.dev\/o-nas\/nas-pristup\/#breadcrumb"},"inLanguage":"en-US","potentialAction":[{"@type":"ReadAction","target":["https:\/\/ak2024.ntalk.dev\/o-nas\/nas-pristup\/"]}]},{"@type":"ImageObject","inLanguage":"en-US","@id":"https:\/\/ak2024.ntalk.dev\/o-nas\/nas-pristup\/#primaryimage","url":"https:\/\/ak2024.ntalk.dev\/wp-content\/uploads\/2021\/07\/pristup2.jpg","contentUrl":"https:\/\/ak2024.ntalk.dev\/wp-content\/uploads\/2021\/07\/pristup2.jpg","width":600,"height":600},{"@type":"BreadcrumbList","@id":"https:\/\/ak2024.ntalk.dev\/o-nas\/nas-pristup\/#breadcrumb","itemListElement":[{"@type":"ListItem","position":1,"name":"Dom\u016f","item":"https:\/\/ak2024.ntalk.dev\/"},{"@type":"ListItem","position":2,"name":"About us","item":"https:\/\/ak2024.ntalk.dev\/o-nas\/"},{"@type":"ListItem","position":3,"name":"Our commitment"}]},{"@type":"WebSite","@id":"https:\/\/ak2024.ntalk.dev\/#website","url":"https:\/\/ak2024.ntalk.dev\/","name":"Achour &amp; Partners","description":"\u010desk\u00e1 advok\u00e1tn\u00ed kancel\u00e1\u0159","potentialAction":[{"@type":"SearchAction","target":{"@type":"EntryPoint","urlTemplate":"https:\/\/ak2024.ntalk.dev\/?s={search_term_string}"},"query-input":{"@type":"PropertyValueSpecification","valueRequired":true,"valueName":"search_term_string"}}],"inLanguage":"en-US"}]}},"_links":{"self":[{"href":"https:\/\/ak2024.ntalk.dev\/en\/wp-json\/wp\/v2\/pages\/1691","targetHints":{"allow":["GET"]}}],"collection":[{"href":"https:\/\/ak2024.ntalk.dev\/en\/wp-json\/wp\/v2\/pages"}],"about":[{"href":"https:\/\/ak2024.ntalk.dev\/en\/wp-json\/wp\/v2\/types\/page"}],"author":[{"embeddable":true,"href":"https:\/\/ak2024.ntalk.dev\/en\/wp-json\/wp\/v2\/users\/1"}],"replies":[{"embeddable":true,"href":"https:\/\/ak2024.ntalk.dev\/en\/wp-json\/wp\/v2\/comments?post=1691"}],"version-history":[{"count":4,"href":"https:\/\/ak2024.ntalk.dev\/en\/wp-json\/wp\/v2\/pages\/1691\/revisions"}],"predecessor-version":[{"id":2034,"href":"https:\/\/ak2024.ntalk.dev\/en\/wp-json\/wp\/v2\/pages\/1691\/revisions\/2034"}],"up":[{"embeddable":true,"href":"https:\/\/ak2024.ntalk.dev\/en\/wp-json\/wp\/v2\/pages\/1704"}],"wp:featuredmedia":[{"embeddable":true,"href":"https:\/\/ak2024.ntalk.dev\/en\/wp-json\/wp\/v2\/media\/1693"}],"wp:attachment":[{"href":"https:\/\/ak2024.ntalk.dev\/en\/wp-json\/wp\/v2\/media?parent=1691"}],"wp:term":[{"taxonomy":"pravni-oblast","embeddable":true,"href":"https:\/\/ak2024.ntalk.dev\/en\/wp-json\/wp\/v2\/pravni-oblast?post=1691"}],"curies":[{"name":"wp","href":"https:\/\/api.w.org\/{rel}","templated":true}]}}