{"id":1676,"date":"2021-02-12T09:51:40","date_gmt":"2021-02-12T08:51:40","guid":{"rendered":"https:\/\/ak2024.ntalk.dev\/firemni-kultura\/"},"modified":"2021-10-13T08:08:56","modified_gmt":"2021-10-13T06:08:56","slug":"our-approach","status":"publish","type":"page","link":"https:\/\/ak2024.ntalk.dev\/en\/about-us\/our-approach\/","title":{"rendered":"Our approach"},"content":{"rendered":"\n<p>We always make sure we understand the whole context in which our clients operate. This 360-degree approach allows us to create the perfect legal solutions. We explain complicated issues simply and always highlight the bottom line for the client\u2019s business.<\/p>\n\n\n\n<p>Our success is based on outstanding teamwork and common values. Our experts in different areas work together to achieve the absolute best possible results for our clients. We find and train the best lawyers and provide opportunities for them to thrive.<\/p>\n","protected":false},"excerpt":{"rendered":"<p>We understand the whole business context and explain complex issues simply.<\/p>\n","protected":false},"author":1,"featured_media":1678,"parent":1704,"menu_order":40,"comment_status":"closed","ping_status":"closed","template":"page-full-white-about-us.php","meta":{"footnotes":""},"pravni-oblast":[],"class_list":["post-1676","page","type-page","status-publish","has-post-thumbnail","hentry"],"yoast_head":"<!-- This site is optimized with the Yoast SEO plugin v25.4 - https:\/\/yoast.com\/wordpress\/plugins\/seo\/ -->\n<title>Our approach - Achour &amp; Partners<\/title>\n<meta name=\"robots\" content=\"noindex, follow, max-snippet:-1, max-image-preview:large, max-video-preview:-1\" \/>\n<meta property=\"og:locale\" content=\"en_US\" \/>\n<meta property=\"og:type\" content=\"article\" \/>\n<meta property=\"og:title\" content=\"Our approach - Achour &amp; Partners\" \/>\n<meta property=\"og:description\" content=\"We understand the whole business context and explain complex issues simply.\" \/>\n<meta property=\"og:url\" content=\"https:\/\/ak2024.ntalk.dev\/o-nas\/firemni-kultura\/\" \/>\n<meta property=\"og:site_name\" content=\"Achour &amp; Partners\" \/>\n<meta property=\"article:modified_time\" content=\"2021-10-13T06:08:56+00:00\" \/>\n<meta property=\"og:image\" content=\"https:\/\/ak2024.ntalk.dev\/wp-content\/uploads\/2021\/06\/darkblue.png\" \/>\n\t<meta property=\"og:image:width\" content=\"600\" \/>\n\t<meta property=\"og:image:height\" content=\"600\" \/>\n\t<meta property=\"og:image:type\" content=\"image\/png\" \/>\n<meta name=\"twitter:card\" content=\"summary_large_image\" \/>\n<script type=\"application\/ld+json\" class=\"yoast-schema-graph\">{\"@context\":\"https:\/\/schema.org\",\"@graph\":[{\"@type\":\"WebPage\",\"@id\":\"https:\/\/ak2024.ntalk.dev\/o-nas\/firemni-kultura\/\",\"url\":\"https:\/\/ak2024.ntalk.dev\/o-nas\/firemni-kultura\/\",\"name\":\"Our approach - Achour &amp; Partners\",\"isPartOf\":{\"@id\":\"https:\/\/ak2024.ntalk.dev\/#website\"},\"primaryImageOfPage\":{\"@id\":\"https:\/\/ak2024.ntalk.dev\/o-nas\/firemni-kultura\/#primaryimage\"},\"image\":{\"@id\":\"https:\/\/ak2024.ntalk.dev\/o-nas\/firemni-kultura\/#primaryimage\"},\"thumbnailUrl\":\"https:\/\/ak2024.ntalk.dev\/wp-content\/uploads\/2021\/06\/darkblue.png\",\"datePublished\":\"2021-02-12T08:51:40+00:00\",\"dateModified\":\"2021-10-13T06:08:56+00:00\",\"breadcrumb\":{\"@id\":\"https:\/\/ak2024.ntalk.dev\/o-nas\/firemni-kultura\/#breadcrumb\"},\"inLanguage\":\"en-US\",\"potentialAction\":[{\"@type\":\"ReadAction\",\"target\":[\"https:\/\/ak2024.ntalk.dev\/o-nas\/firemni-kultura\/\"]}]},{\"@type\":\"ImageObject\",\"inLanguage\":\"en-US\",\"@id\":\"https:\/\/ak2024.ntalk.dev\/o-nas\/firemni-kultura\/#primaryimage\",\"url\":\"https:\/\/ak2024.ntalk.dev\/wp-content\/uploads\/2021\/06\/darkblue.png\",\"contentUrl\":\"https:\/\/ak2024.ntalk.dev\/wp-content\/uploads\/2021\/06\/darkblue.png\",\"width\":600,\"height\":600},{\"@type\":\"BreadcrumbList\",\"@id\":\"https:\/\/ak2024.ntalk.dev\/o-nas\/firemni-kultura\/#breadcrumb\",\"itemListElement\":[{\"@type\":\"ListItem\",\"position\":1,\"name\":\"Dom\u016f\",\"item\":\"https:\/\/ak2024.ntalk.dev\/\"},{\"@type\":\"ListItem\",\"position\":2,\"name\":\"About us\",\"item\":\"https:\/\/ak2024.ntalk.dev\/o-nas\/\"},{\"@type\":\"ListItem\",\"position\":3,\"name\":\"Our approach\"}]},{\"@type\":\"WebSite\",\"@id\":\"https:\/\/ak2024.ntalk.dev\/#website\",\"url\":\"https:\/\/ak2024.ntalk.dev\/\",\"name\":\"Achour &amp; Partners\",\"description\":\"\u010desk\u00e1 advok\u00e1tn\u00ed kancel\u00e1\u0159\",\"potentialAction\":[{\"@type\":\"SearchAction\",\"target\":{\"@type\":\"EntryPoint\",\"urlTemplate\":\"https:\/\/ak2024.ntalk.dev\/?s={search_term_string}\"},\"query-input\":{\"@type\":\"PropertyValueSpecification\",\"valueRequired\":true,\"valueName\":\"search_term_string\"}}],\"inLanguage\":\"en-US\"}]}<\/script>\n<!-- \/ Yoast SEO plugin. -->","yoast_head_json":{"title":"Our approach - Achour &amp; Partners","robots":{"index":"noindex","follow":"follow","max-snippet":"max-snippet:-1","max-image-preview":"max-image-preview:large","max-video-preview":"max-video-preview:-1"},"og_locale":"en_US","og_type":"article","og_title":"Our approach - Achour &amp; Partners","og_description":"We understand the whole business context and explain complex issues simply.","og_url":"https:\/\/ak2024.ntalk.dev\/o-nas\/firemni-kultura\/","og_site_name":"Achour &amp; Partners","article_modified_time":"2021-10-13T06:08:56+00:00","og_image":[{"width":600,"height":600,"url":"https:\/\/ak2024.ntalk.dev\/wp-content\/uploads\/2021\/06\/darkblue.png","type":"image\/png"}],"twitter_card":"summary_large_image","schema":{"@context":"https:\/\/schema.org","@graph":[{"@type":"WebPage","@id":"https:\/\/ak2024.ntalk.dev\/o-nas\/firemni-kultura\/","url":"https:\/\/ak2024.ntalk.dev\/o-nas\/firemni-kultura\/","name":"Our approach - Achour &amp; Partners","isPartOf":{"@id":"https:\/\/ak2024.ntalk.dev\/#website"},"primaryImageOfPage":{"@id":"https:\/\/ak2024.ntalk.dev\/o-nas\/firemni-kultura\/#primaryimage"},"image":{"@id":"https:\/\/ak2024.ntalk.dev\/o-nas\/firemni-kultura\/#primaryimage"},"thumbnailUrl":"https:\/\/ak2024.ntalk.dev\/wp-content\/uploads\/2021\/06\/darkblue.png","datePublished":"2021-02-12T08:51:40+00:00","dateModified":"2021-10-13T06:08:56+00:00","breadcrumb":{"@id":"https:\/\/ak2024.ntalk.dev\/o-nas\/firemni-kultura\/#breadcrumb"},"inLanguage":"en-US","potentialAction":[{"@type":"ReadAction","target":["https:\/\/ak2024.ntalk.dev\/o-nas\/firemni-kultura\/"]}]},{"@type":"ImageObject","inLanguage":"en-US","@id":"https:\/\/ak2024.ntalk.dev\/o-nas\/firemni-kultura\/#primaryimage","url":"https:\/\/ak2024.ntalk.dev\/wp-content\/uploads\/2021\/06\/darkblue.png","contentUrl":"https:\/\/ak2024.ntalk.dev\/wp-content\/uploads\/2021\/06\/darkblue.png","width":600,"height":600},{"@type":"BreadcrumbList","@id":"https:\/\/ak2024.ntalk.dev\/o-nas\/firemni-kultura\/#breadcrumb","itemListElement":[{"@type":"ListItem","position":1,"name":"Dom\u016f","item":"https:\/\/ak2024.ntalk.dev\/"},{"@type":"ListItem","position":2,"name":"About us","item":"https:\/\/ak2024.ntalk.dev\/o-nas\/"},{"@type":"ListItem","position":3,"name":"Our approach"}]},{"@type":"WebSite","@id":"https:\/\/ak2024.ntalk.dev\/#website","url":"https:\/\/ak2024.ntalk.dev\/","name":"Achour &amp; Partners","description":"\u010desk\u00e1 advok\u00e1tn\u00ed kancel\u00e1\u0159","potentialAction":[{"@type":"SearchAction","target":{"@type":"EntryPoint","urlTemplate":"https:\/\/ak2024.ntalk.dev\/?s={search_term_string}"},"query-input":{"@type":"PropertyValueSpecification","valueRequired":true,"valueName":"search_term_string"}}],"inLanguage":"en-US"}]}},"_links":{"self":[{"href":"https:\/\/ak2024.ntalk.dev\/en\/wp-json\/wp\/v2\/pages\/1676","targetHints":{"allow":["GET"]}}],"collection":[{"href":"https:\/\/ak2024.ntalk.dev\/en\/wp-json\/wp\/v2\/pages"}],"about":[{"href":"https:\/\/ak2024.ntalk.dev\/en\/wp-json\/wp\/v2\/types\/page"}],"author":[{"embeddable":true,"href":"https:\/\/ak2024.ntalk.dev\/en\/wp-json\/wp\/v2\/users\/1"}],"replies":[{"embeddable":true,"href":"https:\/\/ak2024.ntalk.dev\/en\/wp-json\/wp\/v2\/comments?post=1676"}],"version-history":[{"count":6,"href":"https:\/\/ak2024.ntalk.dev\/en\/wp-json\/wp\/v2\/pages\/1676\/revisions"}],"predecessor-version":[{"id":2036,"href":"https:\/\/ak2024.ntalk.dev\/en\/wp-json\/wp\/v2\/pages\/1676\/revisions\/2036"}],"up":[{"embeddable":true,"href":"https:\/\/ak2024.ntalk.dev\/en\/wp-json\/wp\/v2\/pages\/1704"}],"wp:featuredmedia":[{"embeddable":true,"href":"https:\/\/ak2024.ntalk.dev\/en\/wp-json\/wp\/v2\/media\/1678"}],"wp:attachment":[{"href":"https:\/\/ak2024.ntalk.dev\/en\/wp-json\/wp\/v2\/media?parent=1676"}],"wp:term":[{"taxonomy":"pravni-oblast","embeddable":true,"href":"https:\/\/ak2024.ntalk.dev\/en\/wp-json\/wp\/v2\/pravni-oblast?post=1676"}],"curies":[{"name":"wp","href":"https:\/\/api.w.org\/{rel}","templated":true}]}}